{"id":30220,"date":"2023-01-15T08:45:51","date_gmt":"2023-01-15T07:45:51","guid":{"rendered":"https:\/\/newlitehorticulture.com\/?post_type=product&#038;p=30220"},"modified":"2023-01-23T11:15:05","modified_gmt":"2023-01-23T10:15:05","slug":"newlite-indoorled-vb-8b-1700p-630w","status":"publish","type":"product","link":"https:\/\/newlitehorticulture.com\/fr\/produit\/newlite-indoorled-vb-8b-1700p-630w\/","title":{"rendered":"Newlite IndoorLED VB 8B 1700P 630W"},"content":{"rendered":"<p>Les luminaires <strong>Newlite IndoorLed VB 8B 1700P 630W<\/strong> de Newlite sont des dispositifs \u00e0 diodes \u00e9lectroluminescentes (DEL) destin\u00e9s aux processus de v\u00e9g\u00e9talisation et de floraison.<\/p>\n<p>Cette nouvelle version 8 Bar offre la m\u00eame puissance que la version 6 Bar. La puissance par barre est donc plus faible. Cela permet de r\u00e9duire la temp\u00e9rature sur la surface de dissipation de chaque barre. Cela augmente consid\u00e9rablement la stabilit\u00e9 et le cycle de vie des LED.<\/p>\n<p>Il couvre une zone de culture de 120 cm x 120 cm et est install\u00e9 \u00e0 une hauteur comprise entre 25 cm et 40 cm au-dessus du sommet des plantes, d\u00e9livrant une intensit\u00e9 lumineuse dans une plage PPFD de 900 \u00b5mol\/m\u00b2s, qui est port\u00e9e \u00e0 PPFD 1200 \u00b5mol\/m\u00b2s lorsque plusieurs luminaires sont utilis\u00e9s.<\/p>\n<p><strong>Newlite IndoorLed VB 8B 1700P 630W <\/strong>est fabriqu\u00e9e en aluminium. La chaleur produite par la LED est dissip\u00e9e par des barres d&rsquo;aluminium, qui maintiennent un transfert et une dissipation passive efficace de la chaleur sans utiliser de ventilateurs, ce qui \u00e9limine le bruit et optimise la consommation d&rsquo;\u00e9nergie. Ce syst\u00e8me de dissipation passive \u00e9limine les d\u00e9faillances potentielles, en maintenant la temp\u00e9rature critique de la LED pour obtenir une longue dur\u00e9e de vie utile \u00e0 des niveaux optimaux.<\/p>\n<p>Leurs connexions IP66 garantissent la s\u00e9curit\u00e9 et la protection dans les zones de culture avec des niveaux d&rsquo;humidit\u00e9 \u00e9lev\u00e9s.<\/p>\n<p><strong>Newlite IndoorLed VB 8B 1700P 630W<\/strong> et tous ses accessoires sont conformes \u00e0 la certification UL8800 n\u00e9cessaire pour les cultures professionnelles o\u00f9 les certifications GACP et GMP sont requises.<\/p>\n","protected":false},"excerpt":{"rendered":"<p>Les luminaires Newlite IndoorLed VB 8B 1700P 630W de Newlite sont des dispositifs \u00e0 diodes \u00e9lectroluminescentes (DEL) destin\u00e9s aux processus de v\u00e9g\u00e9talisation et de floraison. Cette nouvelle version 8 Bar offre la m\u00eame puissance que la version 6 Bar. La puissance par barre est donc plus faible. Cela permet de r\u00e9duire la temp\u00e9rature sur la [&hellip;]<\/p>\n","protected":false},"featured_media":30251,"template":"","meta":{"_et_pb_use_builder":"off","_et_pb_old_content":"<strong>Newlite IndoorLED VB 6B 1700P 630W est un appareil d\u2019\u00e9clairage LED pour les applications des processus v\u00e9g\u00e9tatifs et de floraison.<\/strong>\n\nIl couvre une zone de culture de 120 cm x 120 cm. \u00c0 une hauteur comprise entre 25 cm et 40 cm sur la partie sup\u00e9rieure des plantes, en fournissant une intensit\u00e9 dans la plage des 900 \u00b5mol s\/m\u00b2 de PPFD, en augmentant \u00e0 1.200 \u00b5mol s\/m\u00b2 de PPFD en cas d\u2019utilisation de plusieurs unit\u00e9s.\n\nFabriqu\u00e9 en aluminium. Les LED sont dissip\u00e9es de forme thermique en barres d\u2019aluminium, pour maintenir un transfert efficient et une dissipation thermique passive, sans utiliser de ventilateurs, en \u00e9liminant le bruit et en optimisant davantage la consommation \u00e9lectrique. Ce syst\u00e8me de dissipation passive \u00e9limine d\u2019\u00e9ventuelles panne, en prot\u00e9geant la temp\u00e9rature critique des LED pour prolonger leur dur\u00e9e de vie, \u00e0 des niveaux optimums.\n\nSes connexions IP66 garantissent la s\u00e9curit\u00e9 et la protection dans des environnements \u00e0 forte humidit\u00e9.","_et_gb_content_width":""},"product_brand":[],"product_cat":[115,111],"product_tag":[],"class_list":{"0":"post-30220","1":"product","2":"type-product","3":"status-publish","4":"has-post-thumbnail","6":"product_cat-luminaires-fr","7":"product_cat-led-fr","9":"first","10":"instock","11":"shipping-taxable","12":"product-type-simple"},"acf":[],"aioseo_notices":[],"_links":{"self":[{"href":"https:\/\/newlitehorticulture.com\/fr\/wp-json\/wp\/v2\/product\/30220","targetHints":{"allow":["GET"]}}],"collection":[{"href":"https:\/\/newlitehorticulture.com\/fr\/wp-json\/wp\/v2\/product"}],"about":[{"href":"https:\/\/newlitehorticulture.com\/fr\/wp-json\/wp\/v2\/types\/product"}],"wp:featuredmedia":[{"embeddable":true,"href":"https:\/\/newlitehorticulture.com\/fr\/wp-json\/wp\/v2\/media\/30251"}],"wp:attachment":[{"href":"https:\/\/newlitehorticulture.com\/fr\/wp-json\/wp\/v2\/media?parent=30220"}],"wp:term":[{"taxonomy":"product_brand","embeddable":true,"href":"https:\/\/newlitehorticulture.com\/fr\/wp-json\/wp\/v2\/product_brand?post=30220"},{"taxonomy":"product_cat","embeddable":true,"href":"https:\/\/newlitehorticulture.com\/fr\/wp-json\/wp\/v2\/product_cat?post=30220"},{"taxonomy":"product_tag","embeddable":true,"href":"https:\/\/newlitehorticulture.com\/fr\/wp-json\/wp\/v2\/product_tag?post=30220"}],"curies":[{"name":"wp","href":"https:\/\/api.w.org\/{rel}","templated":true}]}}