{"id":28110,"date":"2022-09-22T14:20:26","date_gmt":"2022-09-22T13:20:26","guid":{"rendered":"https:\/\/newlitehorticulture.com\/product\/luminaire-newlite-indoorled-vb-6b-1700p-630w\/"},"modified":"2023-01-15T20:27:17","modified_gmt":"2023-01-15T19:27:17","slug":"luminaire-newlite-indoorled-vb-6b-1700p-630w","status":"publish","type":"product","link":"https:\/\/newlitehorticulture.com\/fr\/produit\/luminaire-newlite-indoorled-vb-6b-1700p-630w\/","title":{"rendered":"Newlite IndoorLED VB 6B 1700P 630W"},"content":{"rendered":"<p><strong>Newlite IndoorLED VB 6B 1700P 630W<\/strong> est un appareil d\u2019\u00e9clairage LED pour les applications des processus v\u00e9g\u00e9tatifs et de floraison. Il couvre une zone de culture de 120 cm x 120 cm. \u00c0 une hauteur comprise entre 25 cm et 40 cm sur la partie sup\u00e9rieure des plantes, en fournissant une intensit\u00e9 dans la plage des 900 \u00b5mol s\/m\u00b2 de PPFD, en augmentant \u00e0 1.200 \u00b5mol s\/m\u00b2 de PPFD en cas d\u2019utilisation de plusieurs unit\u00e9s.<\/p>\n<p>Fabriqu\u00e9 en aluminium. Les LED sont dissip\u00e9es de forme thermique en barres d\u2019aluminium, pour maintenir un transfert efficient et une dissipation thermique passive, sans utiliser de ventilateurs, en \u00e9liminant le bruit et en optimisant davantage la consommation \u00e9lectrique. Ce syst\u00e8me de dissipation passive \u00e9limine d\u2019\u00e9ventuelles panne, en prot\u00e9geant la temp\u00e9rature critique des LED pour prolonger leur dur\u00e9e de vie, \u00e0 des niveaux optimums.<\/p>\n<p>Ses connexions IP66 garantissent la s\u00e9curit\u00e9 et la protection dans des environnements \u00e0 forte humidit\u00e9.<\/p>\n","protected":false},"excerpt":{"rendered":"<p>Newlite IndoorLED VB 6B 1700P 630W est un appareil d\u2019\u00e9clairage LED pour les applications des processus v\u00e9g\u00e9tatifs et de floraison. Il couvre une zone de culture de 120 cm x 120 cm. \u00c0 une hauteur comprise entre 25 cm et 40 cm sur la partie sup\u00e9rieure des plantes, en fournissant une intensit\u00e9 dans la plage [&hellip;]<\/p>\n","protected":false},"featured_media":26594,"template":"","meta":{"_et_pb_use_builder":"off","_et_pb_old_content":"<strong>Newlite IndoorLED VB 6B 1700P 630W est un appareil d\u2019\u00e9clairage LED pour les applications des processus v\u00e9g\u00e9tatifs et de floraison.<\/strong>\n\nIl couvre une zone de culture de 120 cm x 120 cm. \u00c0 une hauteur comprise entre 25 cm et 40 cm sur la partie sup\u00e9rieure des plantes, en fournissant une intensit\u00e9 dans la plage des 900 \u00b5mol s\/m\u00b2 de PPFD, en augmentant \u00e0 1.200 \u00b5mol s\/m\u00b2 de PPFD en cas d\u2019utilisation de plusieurs unit\u00e9s.\n\nFabriqu\u00e9 en aluminium. Les LED sont dissip\u00e9es de forme thermique en barres d\u2019aluminium, pour maintenir un transfert efficient et une dissipation thermique passive, sans utiliser de ventilateurs, en \u00e9liminant le bruit et en optimisant davantage la consommation \u00e9lectrique. Ce syst\u00e8me de dissipation passive \u00e9limine d\u2019\u00e9ventuelles panne, en prot\u00e9geant la temp\u00e9rature critique des LED pour prolonger leur dur\u00e9e de vie, \u00e0 des niveaux optimums.\n\nSes connexions IP66 garantissent la s\u00e9curit\u00e9 et la protection dans des environnements \u00e0 forte humidit\u00e9.","_et_gb_content_width":""},"product_brand":[],"product_cat":[115,111],"product_tag":[],"class_list":{"0":"post-28110","1":"product","2":"type-product","3":"status-publish","4":"has-post-thumbnail","6":"product_cat-luminaires-fr","7":"product_cat-led-fr","9":"first","10":"instock","11":"shipping-taxable","12":"product-type-simple"},"acf":[],"aioseo_notices":[],"_links":{"self":[{"href":"https:\/\/newlitehorticulture.com\/fr\/wp-json\/wp\/v2\/product\/28110","targetHints":{"allow":["GET"]}}],"collection":[{"href":"https:\/\/newlitehorticulture.com\/fr\/wp-json\/wp\/v2\/product"}],"about":[{"href":"https:\/\/newlitehorticulture.com\/fr\/wp-json\/wp\/v2\/types\/product"}],"wp:featuredmedia":[{"embeddable":true,"href":"https:\/\/newlitehorticulture.com\/fr\/wp-json\/wp\/v2\/media\/26594"}],"wp:attachment":[{"href":"https:\/\/newlitehorticulture.com\/fr\/wp-json\/wp\/v2\/media?parent=28110"}],"wp:term":[{"taxonomy":"product_brand","embeddable":true,"href":"https:\/\/newlitehorticulture.com\/fr\/wp-json\/wp\/v2\/product_brand?post=28110"},{"taxonomy":"product_cat","embeddable":true,"href":"https:\/\/newlitehorticulture.com\/fr\/wp-json\/wp\/v2\/product_cat?post=28110"},{"taxonomy":"product_tag","embeddable":true,"href":"https:\/\/newlitehorticulture.com\/fr\/wp-json\/wp\/v2\/product_tag?post=28110"}],"curies":[{"name":"wp","href":"https:\/\/api.w.org\/{rel}","templated":true}]}}