{"id":28108,"date":"2022-10-01T12:47:26","date_gmt":"2022-10-01T11:47:26","guid":{"rendered":"https:\/\/newlitehorticulture.com\/product\/luminaire-indoorled-c-225p-100w\/"},"modified":"2023-01-15T20:25:49","modified_gmt":"2023-01-15T19:25:49","slug":"luminaire-indoorled-c-225p-100w","status":"publish","type":"product","link":"https:\/\/newlitehorticulture.com\/fr\/produit\/luminaire-indoorled-c-225p-100w\/","title":{"rendered":"Newlite IndoorLED C 225P 100W"},"content":{"rendered":"<p><strong>Newlite IndoorLed C 225P 100W<\/strong> est un LED (Light Emitting Diode) pour la propagation des plantes.<\/p>\n<p>Si vous \u00eates en qu\u00eate d\u2019un d\u00e9veloppement optimal pendant les premi\u00e8res \u00e9tapes de croissance de vos plantes, en boostant la production de racines, et en raccourcissant les temps de production, choisissez des appareils d\u2019\u00e9clairage professionnel pour la culture en vertical.<\/p>\n<p><strong>Newlite IndoorLed C 225P 100W<\/strong> est un module d\u2019\u00e9clairage LED pour la propagation (boutures ou germination). Son spectre de lumi\u00e8re est sp\u00e9cifique, pour favoriser la production de racines de la plante.<\/p>\n<p>Son hauteur r\u00e9duite, d\u2019\u00e0 peine 25 mm en fait un \u00e9l\u00e9ment facile \u00e0 int\u00e9grer dans la plupart des armoires \u00e0 boutures. Il est dot\u00e9 d\u2019accessoires de montage.<\/p>\n<p><strong>Pour les projets sur demande<\/strong>, nous pouvons personnaliser l\u2019int\u00e9gration sur des mod\u00e8les d\u2019armoires sp\u00e9cifiques.<\/p>\n","protected":false},"excerpt":{"rendered":"<p>Newlite IndoorLed C 225P 100W est un LED (Light Emitting Diode) pour la propagation des plantes. Si vous \u00eates en qu\u00eate d\u2019un d\u00e9veloppement optimal pendant les premi\u00e8res \u00e9tapes de croissance de vos plantes, en boostant la production de racines, et en raccourcissant les temps de production, choisissez des appareils d\u2019\u00e9clairage professionnel pour la culture en [&hellip;]<\/p>\n","protected":false},"featured_media":27301,"template":"","meta":{"_et_pb_use_builder":"","_et_pb_old_content":"","_et_gb_content_width":""},"product_brand":[],"product_cat":[115,111],"product_tag":[],"class_list":{"0":"post-28108","1":"product","2":"type-product","3":"status-publish","4":"has-post-thumbnail","6":"product_cat-luminaires-fr","7":"product_cat-led-fr","9":"first","10":"instock","11":"shipping-taxable","12":"product-type-simple"},"acf":[],"aioseo_notices":[],"_links":{"self":[{"href":"https:\/\/newlitehorticulture.com\/fr\/wp-json\/wp\/v2\/product\/28108","targetHints":{"allow":["GET"]}}],"collection":[{"href":"https:\/\/newlitehorticulture.com\/fr\/wp-json\/wp\/v2\/product"}],"about":[{"href":"https:\/\/newlitehorticulture.com\/fr\/wp-json\/wp\/v2\/types\/product"}],"wp:featuredmedia":[{"embeddable":true,"href":"https:\/\/newlitehorticulture.com\/fr\/wp-json\/wp\/v2\/media\/27301"}],"wp:attachment":[{"href":"https:\/\/newlitehorticulture.com\/fr\/wp-json\/wp\/v2\/media?parent=28108"}],"wp:term":[{"taxonomy":"product_brand","embeddable":true,"href":"https:\/\/newlitehorticulture.com\/fr\/wp-json\/wp\/v2\/product_brand?post=28108"},{"taxonomy":"product_cat","embeddable":true,"href":"https:\/\/newlitehorticulture.com\/fr\/wp-json\/wp\/v2\/product_cat?post=28108"},{"taxonomy":"product_tag","embeddable":true,"href":"https:\/\/newlitehorticulture.com\/fr\/wp-json\/wp\/v2\/product_tag?post=28108"}],"curies":[{"name":"wp","href":"https:\/\/api.w.org\/{rel}","templated":true}]}}