{"id":28106,"date":"2022-10-01T13:10:13","date_gmt":"2022-10-01T12:10:13","guid":{"rendered":"https:\/\/newlitehorticulture.com\/product\/luminaire-newlite-netsun-dc-400v-1000w\/"},"modified":"2023-01-14T20:12:24","modified_gmt":"2023-01-14T19:12:24","slug":"luminaria-netsun-dc-400v-1000w-newlite","status":"publish","type":"product","link":"https:\/\/newlitehorticulture.com\/fr\/produit\/luminaria-netsun-dc-400v-1000w-newlite\/","title":{"rendered":"Luminaire Newlite NetSun DC 400V 1000W"},"content":{"rendered":"<p>Le <strong>luminaire<\/strong> <strong>Newlite NetSun DC 400V 1000W<\/strong> est con\u00e7u pour des milieux plus exigeants et professionnels. Sa fabrication 2.0 en fait un appareil robuste et tr\u00e8s durable dans les serres, o\u00f9 les variations de temp\u00e9rature et d\u2019humidit\u00e9 ambiante peuvent \u00eatre tr\u00e8s \u00e9lev\u00e9s, en peu de temps. Ce luminaire est dot\u00e9 des derniers progr\u00e8s d\u2019allumage des lampes \u00e0 haute pression, afin d\u2019obtenir une efficience maximale et prolonger la dur\u00e9e de vie de l\u2019appareil et de la lampe.<\/p>\n<p>Son r\u00e9flecteur de position ferm\u00e9e est sp\u00e9cialement con\u00e7u pour les installations en hauteur o\u00f9 l\u2019appareil est install\u00e9 \u00e0 plus de 2,25 m au-dessus de la plante. Son alliage en aluminium europ\u00e9en Vega95 garantit une r\u00e9flexion sup\u00e9rieure \u00e0 95 %, ce qui r\u00e9duit consid\u00e9rablement les pertes d\u2019\u00e9nergie dans le flux de lumi\u00e8re et donc la consommation \u00e9lectrique. Il est possible de choisir parmi les nombreux r\u00e9flecteurs disponibles, celui qui convient le mieux \u00e0 l\u2019installation.<\/p>\n<p>La position verticale du ballast offre un meilleur refroidissement des composants, en prolongeant leur dur\u00e9e de vie et en augmentant l\u2019efficience \u00e9nerg\u00e9tique.<\/p>\n<p>Sa technologie offre toujours un rendement constant \u00e0 la lampe, m\u00eame si le r\u00e9seau \u00e9lectrique est soumis \u00e0 de nombreuses variations de tension. Les plantes re\u00e7oivent toujours la m\u00eame puissance, malgr\u00e9 les alt\u00e9rations \u00e9lectriques. Il renferme un puissant stabilisateur de tension.<\/p>\n<p>Les connexions \u00e9lectriques et de signal sont r\u00e9alis\u00e9es \u00e0 l\u2019int\u00e9rieur du luminaire avec des passe-c\u00e2bles \u00e9tanches, qui garantissent une protection IP maximale dans le ballast de l\u2019appareil.<\/p>\n<p><strong>NetSun DC<\/strong> r\u00e9gule l\u2019intensit\u00e9 des lampes entre 50 % et 115 % de leur puissance nominale. Sa connexion 0-10 V permet le branchement d\u2019un contr\u00f4leur de signal pour r\u00e9aliser cette r\u00e9gulation de fa\u00e7on group\u00e9e, sur tout le groupe de luminaires branch\u00e9 \u00e0 l\u2019installation.<\/p>\n<p>La haute fr\u00e9quence de ses composants g\u00e9n\u00e8re un flux continu d\u2019\u00e9nergie dans la lampe, en augmentant sa dur\u00e9e de vie et en am\u00e9liorant l\u2019assimilation de la lumi\u00e8re chez les plantes. Vous obtiendrez plus de lumi\u00e8re \u00e0 moindres frais.<\/p>\n<p><strong>NetSun DC<\/strong> est \u00e9quip\u00e9e de protections de tension et de protections de la lampe : si celle-ci est chaude, le syst\u00e8me attend quelques minutes puis l\u2019allume automatiquement. Cela permet de prot\u00e9ger la lampe et de prolonger sa dur\u00e9e de vie, en \u00e9vitant l\u2019usure que provoquent les allumages \u00e0 chaud.<\/p>\n<p>Obtenez le meilleure rendement de votre culture gr\u00e2ce au luminaire <strong>Newlite NetSun DC400V 1000W<\/strong>.<\/p>\n","protected":false},"excerpt":{"rendered":"<p>Le luminaire Newlite NetSun DC 400V 1000W est con\u00e7u pour des milieux plus exigeants et professionnels. Sa fabrication 2.0 en fait un appareil robuste et tr\u00e8s durable dans les serres, o\u00f9 les variations de temp\u00e9rature et d\u2019humidit\u00e9 ambiante peuvent \u00eatre tr\u00e8s \u00e9lev\u00e9s, en peu de temps. Ce luminaire est dot\u00e9 des derniers progr\u00e8s d\u2019allumage des [&hellip;]<\/p>\n","protected":false},"featured_media":30117,"template":"","meta":{"_et_pb_use_builder":"","_et_pb_old_content":"","_et_gb_content_width":""},"product_brand":[],"product_cat":[115,109],"product_tag":[],"class_list":{"0":"post-28106","1":"product","2":"type-product","3":"status-publish","4":"has-post-thumbnail","6":"product_cat-luminaires-fr","7":"product_cat-hps-fr","9":"first","10":"instock","11":"shipping-taxable","12":"product-type-simple"},"acf":[],"aioseo_notices":[],"_links":{"self":[{"href":"https:\/\/newlitehorticulture.com\/fr\/wp-json\/wp\/v2\/product\/28106","targetHints":{"allow":["GET"]}}],"collection":[{"href":"https:\/\/newlitehorticulture.com\/fr\/wp-json\/wp\/v2\/product"}],"about":[{"href":"https:\/\/newlitehorticulture.com\/fr\/wp-json\/wp\/v2\/types\/product"}],"wp:featuredmedia":[{"embeddable":true,"href":"https:\/\/newlitehorticulture.com\/fr\/wp-json\/wp\/v2\/media\/30117"}],"wp:attachment":[{"href":"https:\/\/newlitehorticulture.com\/fr\/wp-json\/wp\/v2\/media?parent=28106"}],"wp:term":[{"taxonomy":"product_brand","embeddable":true,"href":"https:\/\/newlitehorticulture.com\/fr\/wp-json\/wp\/v2\/product_brand?post=28106"},{"taxonomy":"product_cat","embeddable":true,"href":"https:\/\/newlitehorticulture.com\/fr\/wp-json\/wp\/v2\/product_cat?post=28106"},{"taxonomy":"product_tag","embeddable":true,"href":"https:\/\/newlitehorticulture.com\/fr\/wp-json\/wp\/v2\/product_tag?post=28106"}],"curies":[{"name":"wp","href":"https:\/\/api.w.org\/{rel}","templated":true}]}}