{"id":28103,"date":"2022-10-01T20:05:53","date_gmt":"2022-10-01T19:05:53","guid":{"rendered":"https:\/\/newlitehorticulture.com\/product\/luminaire-hps-adjust-2-0-1000-w\/"},"modified":"2023-01-14T20:16:28","modified_gmt":"2023-01-14T19:16:28","slug":"luminaire-hps-adjust-2-0-1000-w","status":"publish","type":"product","link":"https:\/\/newlitehorticulture.com\/fr\/produit\/luminaire-hps-adjust-2-0-1000-w\/","title":{"rendered":"Luminaire HPS Adjust 2.0 1000 W"},"content":{"rendered":"<p>Le <strong>luminaire HPS Adjust 2.0 1000W<\/strong> est l\u2019\u00e9volution de son pr\u00e9d\u00e9cesseur Adjust. Il est dot\u00e9 des derniers progr\u00e8s d\u2019allumage des lampes \u00e0 haute pression, afin d\u2019obtenir une efficience maximale et prolonger la dur\u00e9e de vie de l\u2019appareil.<\/p>\n<p>Son r\u00e9flecteur r\u00e9glable sur 3 positions s\u2019adapte \u00e0 tous les types de culture, permet de concentrer la lumi\u00e8re dans les installations en hauteur, gr\u00e2ce \u00e0 sa position ferm\u00e9e ou de couvrir une plus grande superficie sur sa position la plus ouverte. Il est fabriqu\u00e9 avec de l\u2019aluminium Vega95 de qualit\u00e9 europ\u00e9enne, pour ne pas gaspiller la lumi\u00e8re de la lampe.<\/p>\n<p>La position verticale du ballast offre un meilleur refroidissement des composants, en prolongeant leur dur\u00e9e de vie et en augmentant l\u2019efficience \u00e9nerg\u00e9tique.<\/p>\n<p>Sa technologie offre toujours un rendement constant \u00e0 la lampe, m\u00eame si le r\u00e9seau \u00e9lectrique est soumis \u00e0 de nombreuses variations de tension. Les plantes re\u00e7oivent toujours la m\u00eame puissance, malgr\u00e9 les alt\u00e9rations \u00e9lectriques. Il renferme un puissant stabilisateur de tension. Le s\u00e9lecteur manuel de puissance permet de choisir parmi plusieurs puissances, ou sur la position EXT d\u00e9l\u00e8gue la gestion de puissance et d\u2019allumage au contr\u00f4leur externe.<\/p>\n<p>La haute fr\u00e9quence de ses composants g\u00e9n\u00e8re un flux continu d\u2019\u00e9nergie dans la lampe, en augmentant sa dur\u00e9e de vie et en am\u00e9liorant l\u2019assimilation de la lumi\u00e8re chez les plantes.<\/p>\n<p>Vous obtiendrez plus de lumi\u00e8re \u00e0 moindres frais.<\/p>\n<p><strong>Newlite Adjust 2.0 est \u00e9quip\u00e9e de protections de tension et protections de la lampe :<\/strong> si celle-ci est chaude, le syst\u00e8me attend quelques minutes puis l\u2019allume automatiquement. Cela permet de prot\u00e9ger la lampe et de prolonger sa dur\u00e9e de vie, en \u00e9vitant l\u2019usure que provoquent les allumages \u00e0 chaud.<\/p>\n<p>Il est \u00e9quip\u00e9 d\u2019un connecteur pour la gestion centralis\u00e9e. Tr\u00e8s utile dans les installations de moyenne ou grande dimension, il est possible de g\u00e9rer la mise en service et l\u2019arr\u00eat de tout le groupe de luminaires \u00e0 travers le contr\u00f4leur.<\/p>\n<p>Sa LED t\u00e9moin en 3 coloris fournit des informations sur l\u2019\u00e9tat du luminaire, les erreurs d\u2019allumage, ou la fin de vie de la lampe.<\/p>\n<p>Obtenez le meilleure rendement de votre culture gr\u00e2ce au <strong>luminaire Newlite Adjust 2.0.<\/strong><\/p>\n","protected":false},"excerpt":{"rendered":"<p>Le luminaire HPS Adjust 2.0 1000W est l\u2019\u00e9volution de son pr\u00e9d\u00e9cesseur Adjust. Il est dot\u00e9 des derniers progr\u00e8s d\u2019allumage des lampes \u00e0 haute pression, afin d\u2019obtenir une efficience maximale et prolonger la dur\u00e9e de vie de l\u2019appareil. Son r\u00e9flecteur r\u00e9glable sur 3 positions s\u2019adapte \u00e0 tous les types de culture, permet de concentrer la lumi\u00e8re [&hellip;]<\/p>\n","protected":false},"featured_media":27349,"template":"","meta":{"_et_pb_use_builder":"","_et_pb_old_content":"","_et_gb_content_width":""},"product_brand":[],"product_cat":[115,109],"product_tag":[],"class_list":{"0":"post-28103","1":"product","2":"type-product","3":"status-publish","4":"has-post-thumbnail","6":"product_cat-luminaires-fr","7":"product_cat-hps-fr","9":"first","10":"instock","11":"shipping-taxable","12":"product-type-simple"},"acf":[],"aioseo_notices":[],"_links":{"self":[{"href":"https:\/\/newlitehorticulture.com\/fr\/wp-json\/wp\/v2\/product\/28103","targetHints":{"allow":["GET"]}}],"collection":[{"href":"https:\/\/newlitehorticulture.com\/fr\/wp-json\/wp\/v2\/product"}],"about":[{"href":"https:\/\/newlitehorticulture.com\/fr\/wp-json\/wp\/v2\/types\/product"}],"wp:featuredmedia":[{"embeddable":true,"href":"https:\/\/newlitehorticulture.com\/fr\/wp-json\/wp\/v2\/media\/27349"}],"wp:attachment":[{"href":"https:\/\/newlitehorticulture.com\/fr\/wp-json\/wp\/v2\/media?parent=28103"}],"wp:term":[{"taxonomy":"product_brand","embeddable":true,"href":"https:\/\/newlitehorticulture.com\/fr\/wp-json\/wp\/v2\/product_brand?post=28103"},{"taxonomy":"product_cat","embeddable":true,"href":"https:\/\/newlitehorticulture.com\/fr\/wp-json\/wp\/v2\/product_cat?post=28103"},{"taxonomy":"product_tag","embeddable":true,"href":"https:\/\/newlitehorticulture.com\/fr\/wp-json\/wp\/v2\/product_tag?post=28103"}],"curies":[{"name":"wp","href":"https:\/\/api.w.org\/{rel}","templated":true}]}}