{"id":28092,"date":"2022-10-01T21:53:03","date_gmt":"2022-10-01T20:53:03","guid":{"rendered":"https:\/\/newlitehorticulture.com\/product\/lampe-hps-1000w-de\/"},"modified":"2023-01-15T20:24:20","modified_gmt":"2023-01-15T19:24:20","slug":"lampe-hps-1000w-de","status":"publish","type":"product","link":"https:\/\/newlitehorticulture.com\/fr\/produit\/lampe-hps-1000w-de\/","title":{"rendered":"Lampe HPS 1000W DE"},"content":{"rendered":"<p>Avec un rendement et un spectre \u00e9quilibr\u00e9, la lampe <strong>Newlite HPS 1000W DE<\/strong> est l\u2019option la plus recommand\u00e9e pour optimiser vos r\u00e9coltes.<\/p>\n<p>Les lampes <strong>Newlite HPS 1000W DE<\/strong>, offrent un rendement nettement sup\u00e9rieur aux lampes dot\u00e9es de porte-lampes E40. La lumi\u00e8re est jusqu\u2019\u00e0 30 % plus intense avec des ballasts \u00e9lectroniques. Cela permet de r\u00e9duire consid\u00e9rablement la consommation totale de l\u2019installation, et d\u2019augmenter la r\u00e9colte.<\/p>\n","protected":false},"excerpt":{"rendered":"<p>Avec un rendement et un spectre \u00e9quilibr\u00e9, la lampe Newlite HPS 1000W DE est l\u2019option la plus recommand\u00e9e pour optimiser vos r\u00e9coltes. Les lampes Newlite HPS 1000W DE, offrent un rendement nettement sup\u00e9rieur aux lampes dot\u00e9es de porte-lampes E40. La lumi\u00e8re est jusqu\u2019\u00e0 30 % plus intense avec des ballasts \u00e9lectroniques. Cela permet de r\u00e9duire [&hellip;]<\/p>\n","protected":false},"featured_media":27425,"template":"","meta":{"_et_pb_use_builder":"","_et_pb_old_content":"","_et_gb_content_width":""},"product_brand":[],"product_cat":[113,109],"product_tag":[],"class_list":{"0":"post-28092","1":"product","2":"type-product","3":"status-publish","4":"has-post-thumbnail","6":"product_cat-lampes","7":"product_cat-hps-fr","9":"first","10":"instock","11":"shipping-taxable","12":"product-type-simple"},"acf":[],"aioseo_notices":[],"_links":{"self":[{"href":"https:\/\/newlitehorticulture.com\/fr\/wp-json\/wp\/v2\/product\/28092","targetHints":{"allow":["GET"]}}],"collection":[{"href":"https:\/\/newlitehorticulture.com\/fr\/wp-json\/wp\/v2\/product"}],"about":[{"href":"https:\/\/newlitehorticulture.com\/fr\/wp-json\/wp\/v2\/types\/product"}],"wp:featuredmedia":[{"embeddable":true,"href":"https:\/\/newlitehorticulture.com\/fr\/wp-json\/wp\/v2\/media\/27425"}],"wp:attachment":[{"href":"https:\/\/newlitehorticulture.com\/fr\/wp-json\/wp\/v2\/media?parent=28092"}],"wp:term":[{"taxonomy":"product_brand","embeddable":true,"href":"https:\/\/newlitehorticulture.com\/fr\/wp-json\/wp\/v2\/product_brand?post=28092"},{"taxonomy":"product_cat","embeddable":true,"href":"https:\/\/newlitehorticulture.com\/fr\/wp-json\/wp\/v2\/product_cat?post=28092"},{"taxonomy":"product_tag","embeddable":true,"href":"https:\/\/newlitehorticulture.com\/fr\/wp-json\/wp\/v2\/product_tag?post=28092"}],"curies":[{"name":"wp","href":"https:\/\/api.w.org\/{rel}","templated":true}]}}