{"id":28090,"date":"2022-10-01T22:00:10","date_gmt":"2022-10-01T21:00:10","guid":{"rendered":"https:\/\/newlitehorticulture.com\/product\/lampe-hps-2-0-600w-e40\/"},"modified":"2023-01-15T20:22:52","modified_gmt":"2023-01-15T19:22:52","slug":"lampe-hps-2-0-600w-e40","status":"publish","type":"product","link":"https:\/\/newlitehorticulture.com\/fr\/produit\/lampe-hps-2-0-600w-e40\/","title":{"rendered":"Newlite HPS 2.0 600W E40"},"content":{"rendered":"<p>La lampe <strong>Newlite HPS 2.0 600W E40<\/strong> applique les techniques de fabrication et recherche les plus avanc\u00e9es sur le m\u00e9lange de gaz destin\u00e9es \u00e0 la culture de plantes de haut rendement.<\/p>\n<p><strong>Newlite HPS 2.0 600W E40<\/strong> offre un pic de rouge lointain \u00e0 760 nm, hors mesure PPF, mais dans la mesure YPF. Elle offre une intensit\u00e9 photosynth\u00e9tique totale YPF de 1.155 \u03bcmol\/s pour un meilleur d\u00e9veloppement pendant les phases de floraison et de fructification des plantes.<\/p>\n<p><strong>Plus d\u2019intensit\u00e9 avec la m\u00eame consommation, consiste \u00e0 augmenter le rendement de la culture avec les m\u00eames frais d\u2019\u00e9lectricit\u00e9, sur la m\u00eame surface.<\/strong><\/p>\n","protected":false},"excerpt":{"rendered":"<p>La lampe Newlite HPS 2.0 600W E40 applique les techniques de fabrication et recherche les plus avanc\u00e9es sur le m\u00e9lange de gaz destin\u00e9es \u00e0 la culture de plantes de haut rendement. Newlite HPS 2.0 600W E40 offre un pic de rouge lointain \u00e0 760 nm, hors mesure PPF, mais dans la mesure YPF. Elle offre [&hellip;]<\/p>\n","protected":false},"featured_media":27453,"template":"","meta":{"_et_pb_use_builder":"","_et_pb_old_content":"","_et_gb_content_width":""},"product_brand":[],"product_cat":[113,109],"product_tag":[],"class_list":{"0":"post-28090","1":"product","2":"type-product","3":"status-publish","4":"has-post-thumbnail","6":"product_cat-lampes","7":"product_cat-hps-fr","9":"first","10":"instock","11":"shipping-taxable","12":"product-type-simple"},"acf":[],"aioseo_notices":[],"_links":{"self":[{"href":"https:\/\/newlitehorticulture.com\/fr\/wp-json\/wp\/v2\/product\/28090","targetHints":{"allow":["GET"]}}],"collection":[{"href":"https:\/\/newlitehorticulture.com\/fr\/wp-json\/wp\/v2\/product"}],"about":[{"href":"https:\/\/newlitehorticulture.com\/fr\/wp-json\/wp\/v2\/types\/product"}],"wp:featuredmedia":[{"embeddable":true,"href":"https:\/\/newlitehorticulture.com\/fr\/wp-json\/wp\/v2\/media\/27453"}],"wp:attachment":[{"href":"https:\/\/newlitehorticulture.com\/fr\/wp-json\/wp\/v2\/media?parent=28090"}],"wp:term":[{"taxonomy":"product_brand","embeddable":true,"href":"https:\/\/newlitehorticulture.com\/fr\/wp-json\/wp\/v2\/product_brand?post=28090"},{"taxonomy":"product_cat","embeddable":true,"href":"https:\/\/newlitehorticulture.com\/fr\/wp-json\/wp\/v2\/product_cat?post=28090"},{"taxonomy":"product_tag","embeddable":true,"href":"https:\/\/newlitehorticulture.com\/fr\/wp-json\/wp\/v2\/product_tag?post=28090"}],"curies":[{"name":"wp","href":"https:\/\/api.w.org\/{rel}","templated":true}]}}