{"id":28088,"date":"2022-10-01T22:05:22","date_gmt":"2022-10-01T21:05:22","guid":{"rendered":"https:\/\/newlitehorticulture.com\/product\/lampe-newlite-pro-auvl-hps-600w-e40-230v\/"},"modified":"2023-01-26T08:29:05","modified_gmt":"2023-01-26T07:29:05","slug":"lampe-newlite-pro-hps-600w-e40","status":"publish","type":"product","link":"https:\/\/newlitehorticulture.com\/fr\/produit\/lampe-newlite-pro-hps-600w-e40\/","title":{"rendered":"Newlite PRO HPS 600W E40"},"content":{"rendered":"<p>Sur la lampe <strong>Newlite PRO HPS 600W E40<\/strong>, le courant \u00e9lectrique arrive \u00e0 travers une ampoule contenant de la vapeur de sodium \u00e0 haute pression et un m\u00e9lange de gaz. Elle offre une lumi\u00e8re tr\u00e8s intense \u00e0 large spectre, id\u00e9al pour \u00e9clairer n\u2019importe quelle phase de votre culture indoor.<\/p>\n<p><strong>Newlite PRO HPS 600W E40 <\/strong>est compatible avec n\u2019importe quel ballast, qu\u2019il soit \u00e9lectronique ou magn\u00e9tique. La bonne combinaison entre intensit\u00e9 de lumens et temp\u00e9rature de couleur permet d\u2019obtenir des pics \u00e9lev\u00e9s de bleus et d\u2019autres encore plus \u00e9lev\u00e9s de rouges sur son spectre, pour garantir une croissance et une floraison vigoureuses. Cette combinaison est d\u2019autant plus importante pendant la phase finale, lorsqu\u2019il s\u2019agit de faire grossir les fleurs ou les fruits.<\/p>\n<p>Ces lampes sont tr\u00e8s pris\u00e9e des cultivateurs indoor, en raison de sa longue dur\u00e9e de vie et de sa fiabilit\u00e9.<\/p>\n<p><strong>Newlite PRO HPS 600W E40 <\/strong>a \u00e9t\u00e9 sp\u00e9cialement con\u00e7ue pour durer et booster la production.<\/p>\n","protected":false},"excerpt":{"rendered":"<p>Sur la lampe Newlite PRO HPS 600W E40, le courant \u00e9lectrique arrive \u00e0 travers une ampoule contenant de la vapeur de sodium \u00e0 haute pression et un m\u00e9lange de gaz. Elle offre une lumi\u00e8re tr\u00e8s intense \u00e0 large spectre, id\u00e9al pour \u00e9clairer n\u2019importe quelle phase de votre culture indoor. Newlite PRO HPS 600W E40 est [&hellip;]<\/p>\n","protected":false},"featured_media":30326,"template":"","meta":{"_et_pb_use_builder":"","_et_pb_old_content":"","_et_gb_content_width":""},"product_brand":[],"product_cat":[113,109],"product_tag":[],"class_list":{"0":"post-28088","1":"product","2":"type-product","3":"status-publish","4":"has-post-thumbnail","6":"product_cat-lampes","7":"product_cat-hps-fr","9":"first","10":"instock","11":"shipping-taxable","12":"product-type-simple"},"acf":[],"aioseo_notices":[],"_links":{"self":[{"href":"https:\/\/newlitehorticulture.com\/fr\/wp-json\/wp\/v2\/product\/28088","targetHints":{"allow":["GET"]}}],"collection":[{"href":"https:\/\/newlitehorticulture.com\/fr\/wp-json\/wp\/v2\/product"}],"about":[{"href":"https:\/\/newlitehorticulture.com\/fr\/wp-json\/wp\/v2\/types\/product"}],"wp:featuredmedia":[{"embeddable":true,"href":"https:\/\/newlitehorticulture.com\/fr\/wp-json\/wp\/v2\/media\/30326"}],"wp:attachment":[{"href":"https:\/\/newlitehorticulture.com\/fr\/wp-json\/wp\/v2\/media?parent=28088"}],"wp:term":[{"taxonomy":"product_brand","embeddable":true,"href":"https:\/\/newlitehorticulture.com\/fr\/wp-json\/wp\/v2\/product_brand?post=28088"},{"taxonomy":"product_cat","embeddable":true,"href":"https:\/\/newlitehorticulture.com\/fr\/wp-json\/wp\/v2\/product_cat?post=28088"},{"taxonomy":"product_tag","embeddable":true,"href":"https:\/\/newlitehorticulture.com\/fr\/wp-json\/wp\/v2\/product_tag?post=28088"}],"curies":[{"name":"wp","href":"https:\/\/api.w.org\/{rel}","templated":true}]}}