{"id":28086,"date":"2022-10-01T22:39:15","date_gmt":"2022-10-01T21:39:15","guid":{"rendered":"https:\/\/newlitehorticulture.com\/product\/lampe-newlite-cmh-lec-945w\/"},"modified":"2023-01-15T20:16:14","modified_gmt":"2023-01-15T19:16:14","slug":"lampe-newlite-cmh-lec-945w","status":"publish","type":"product","link":"https:\/\/newlitehorticulture.com\/fr\/produit\/lampe-newlite-cmh-lec-945w\/","title":{"rendered":"Newlite CMH LEC 945W DE"},"content":{"rendered":"<p>Les lampes de <em>(<\/em>CMH) ou LEC ont une relation de bleus et de rouges sup\u00e9rieure \u00e0 celle d\u2019autres lampes de sodium haute pression ou halog\u00e9nure m\u00e9tallique. Cela permet d\u2019obtenir un processus de croissance et de floraison des plantes plus naturel, puisque le spectre est plus semblable \u00e0 la lumi\u00e8re du soleil.<\/p>\n<p>Les lampes <strong>Newlite CMH LEC 945W<\/strong> sont mont\u00e9es sur des r\u00e9flecteurs de luminaires professionnels dot\u00e9s de porte-lampes \u00e0 double extr\u00e9mit\u00e9 (Double-Ended).<\/p>\n<p>Cette lampe <strong>Newlite CMH LEC 945W<\/strong> vous permet d\u2019augmenter la qualit\u00e9 du fruit de vos plantes, car elle active les ph\u00e9nols charg\u00e9s d\u2019offrir le meilleur de la g\u00e9n\u00e9tique, de fa\u00e7on naturelle.<\/p>\n<p>Un ballast sp\u00e9cifique pour lampes LEC \/ CMH de 945 W \u00e0 basse fr\u00e9quence est n\u00e9cessaire \u00e0 leur fonctionnement, pour obtenir un meilleur rendement. Elles sont \u00e9galement compatibles avec les ballasts \u00e0 haute fr\u00e9quence.<\/p>\n<p>Les lampes dot\u00e9es de technologie CMH ne doivent pas \u00eatre r\u00e9gl\u00e9es \u00e0 des puissances autres que celles pour lesquelles elles ont \u00e9t\u00e9 con\u00e7ues.<\/p>\n<p>Cette lampe est disponible en deux temp\u00e9ratures de couleur diff\u00e9rentes:<\/p>\n<p>3000K indiqu\u00e9e pour les processus de d\u00e9veloppement complet, qui boostent la floraison.<\/p>\n<p>4000K indiqu\u00e9e pour les d\u00e9veloppements complets, pour \u00e9quilibrer les processus v\u00e9g\u00e9tatif et de floraison.<\/p>\n<p>Les deux lampes sont mixtes, pour faire le cycle complet de l\u2019enracinement ou germination \u00e0 la fin de la production.<\/p>\n<p>Les lampes de CMH ou LEC offrent un spectre de lumi\u00e8re plus homog\u00e8ne que les lampes au sodium. Cela favorise en grande mesure un meilleur d\u00e9veloppement des m\u00e9tabolites secondaires; alcalo\u00efdes, terp\u00e8nes et ph\u00e9nols. Les lampes Newlite CMH LEC 630W sont mont\u00e9es sur des r\u00e9flecteurs dot\u00e9s de porte-lampes \u00e0 double extr\u00e9mit\u00e9 (Double-Ended).<\/p>\n","protected":false},"excerpt":{"rendered":"<p>Les lampes de (CMH) ou LEC ont une relation de bleus et de rouges sup\u00e9rieure \u00e0 celle d\u2019autres lampes de sodium haute pression ou halog\u00e9nure m\u00e9tallique. Cela permet d\u2019obtenir un processus de croissance et de floraison des plantes plus naturel, puisque le spectre est plus semblable \u00e0 la lumi\u00e8re du soleil. Les lampes Newlite CMH [&hellip;]<\/p>\n","protected":false},"featured_media":27491,"template":"","meta":{"_et_pb_use_builder":"","_et_pb_old_content":"","_et_gb_content_width":""},"product_brand":[],"product_cat":[113,105],"product_tag":[],"class_list":{"0":"post-28086","1":"product","2":"type-product","3":"status-publish","4":"has-post-thumbnail","6":"product_cat-lampes","7":"product_cat-cmh-fr","9":"first","10":"instock","11":"shipping-taxable","12":"product-type-simple"},"acf":[],"aioseo_notices":[],"_links":{"self":[{"href":"https:\/\/newlitehorticulture.com\/fr\/wp-json\/wp\/v2\/product\/28086","targetHints":{"allow":["GET"]}}],"collection":[{"href":"https:\/\/newlitehorticulture.com\/fr\/wp-json\/wp\/v2\/product"}],"about":[{"href":"https:\/\/newlitehorticulture.com\/fr\/wp-json\/wp\/v2\/types\/product"}],"wp:featuredmedia":[{"embeddable":true,"href":"https:\/\/newlitehorticulture.com\/fr\/wp-json\/wp\/v2\/media\/27491"}],"wp:attachment":[{"href":"https:\/\/newlitehorticulture.com\/fr\/wp-json\/wp\/v2\/media?parent=28086"}],"wp:term":[{"taxonomy":"product_brand","embeddable":true,"href":"https:\/\/newlitehorticulture.com\/fr\/wp-json\/wp\/v2\/product_brand?post=28086"},{"taxonomy":"product_cat","embeddable":true,"href":"https:\/\/newlitehorticulture.com\/fr\/wp-json\/wp\/v2\/product_cat?post=28086"},{"taxonomy":"product_tag","embeddable":true,"href":"https:\/\/newlitehorticulture.com\/fr\/wp-json\/wp\/v2\/product_tag?post=28086"}],"curies":[{"name":"wp","href":"https:\/\/api.w.org\/{rel}","templated":true}]}}