{"id":28081,"date":"2022-10-02T18:46:39","date_gmt":"2022-10-02T17:46:39","guid":{"rendered":"https:\/\/newlitehorticulture.com\/product\/lampe-cmh-lec-600w-e40\/"},"modified":"2023-01-26T17:53:17","modified_gmt":"2023-01-26T16:53:17","slug":"lampe-cmh-lec-600w-e40","status":"publish","type":"product","link":"https:\/\/newlitehorticulture.com\/fr\/produit\/lampe-cmh-lec-600w-e40\/","title":{"rendered":"Newlite CMH LEC 600W E40"},"content":{"rendered":"<p>Les lampes de CMH ou LEC ont une relation de bleus et de rouges sup\u00e9rieure \u00e0 celle d\u2019autres lampes de sodium haute pression ou halog\u00e9nure m\u00e9tallique. Cela permet d\u2019obtenir un processus de croissance et de floraison des plantes plus naturel, puisque le spectre est plus semblable \u00e0 la lumi\u00e8re du soleil.<\/p>\n<p>Les <strong>lampes Newlite CMH LEC 600W<\/strong> se posent sur des r\u00e9flecteurs avec vis E40, pour les rendre compatibles avec le porte-lampe utilis\u00e9 habituellement sur tous les r\u00e9flecteurs de sodium. Vous n\u2019avez pas besoin d\u2019un adaptateur pour utiliser le m\u00eame r\u00e9flecteur.<\/p>\n<p>Vous pouvez utiliser le ballast magn\u00e9tique ou \u00e9lectronique (recommand\u00e9) employ\u00e9 pour d\u2019autres lampes de HPS ou MH.<\/p>\n<p><strong>Cette lampe Newlite CMH LEC 600W<\/strong> vous permet d\u2019augmenter la qualit\u00e9 du fruit de vos plantes, car elle active les compos\u00e9s charg\u00e9s d\u2019offrir le meilleur de la g\u00e9n\u00e9tique, de fa\u00e7on naturelle.<\/p>\n<p>Cette lampe est disponible en deux temp\u00e9ratures de couleur diff\u00e9rentes:<\/p>\n<p><strong>3000K:<\/strong> indiqu\u00e9e pour les processus de d\u00e9veloppement complet, qui boostent la floraison.<\/p>\n<p><strong>4200K:<\/strong> indiqu\u00e9e pour les processus de d\u00e9veloppement complet, pour \u00e9quilibrer les processus v\u00e9g\u00e9tatif et de floraison.<\/p>\n<p>Les deux lampes sont mixtes, pour faire le cycle complet du clonage ou de la germination \u00e0 la croissance v\u00e9g\u00e9tative et \u00e0 la floraison.<\/p>\n<p>Les lampes de CMH ou LEC offrent un spectre de lumi\u00e8re plus homog\u00e8ne que les lampes de sodium. Cela favorise en grande mesure un meilleur d\u00e9veloppement des m\u00e9tabolites secondaires: alcalo\u00efdes (cannabino\u00efdes), terp\u00e8nes et ph\u00e9nols.<\/p>\n","protected":false},"excerpt":{"rendered":"<p>Les lampes de CMH ou LEC ont une relation de bleus et de rouges sup\u00e9rieure \u00e0 celle d\u2019autres lampes de sodium haute pression ou halog\u00e9nure m\u00e9tallique. Cela permet d\u2019obtenir un processus de croissance et de floraison des plantes plus naturel, puisque le spectre est plus semblable \u00e0 la lumi\u00e8re du soleil. Les lampes Newlite CMH [&hellip;]<\/p>\n","protected":false},"featured_media":27544,"template":"","meta":{"_et_pb_use_builder":"","_et_pb_old_content":"","_et_gb_content_width":""},"product_brand":[],"product_cat":[113,105],"product_tag":[],"class_list":{"0":"post-28081","1":"product","2":"type-product","3":"status-publish","4":"has-post-thumbnail","6":"product_cat-lampes","7":"product_cat-cmh-fr","9":"first","10":"instock","11":"shipping-taxable","12":"product-type-simple"},"acf":[],"aioseo_notices":[],"_links":{"self":[{"href":"https:\/\/newlitehorticulture.com\/fr\/wp-json\/wp\/v2\/product\/28081","targetHints":{"allow":["GET"]}}],"collection":[{"href":"https:\/\/newlitehorticulture.com\/fr\/wp-json\/wp\/v2\/product"}],"about":[{"href":"https:\/\/newlitehorticulture.com\/fr\/wp-json\/wp\/v2\/types\/product"}],"wp:featuredmedia":[{"embeddable":true,"href":"https:\/\/newlitehorticulture.com\/fr\/wp-json\/wp\/v2\/media\/27544"}],"wp:attachment":[{"href":"https:\/\/newlitehorticulture.com\/fr\/wp-json\/wp\/v2\/media?parent=28081"}],"wp:term":[{"taxonomy":"product_brand","embeddable":true,"href":"https:\/\/newlitehorticulture.com\/fr\/wp-json\/wp\/v2\/product_brand?post=28081"},{"taxonomy":"product_cat","embeddable":true,"href":"https:\/\/newlitehorticulture.com\/fr\/wp-json\/wp\/v2\/product_cat?post=28081"},{"taxonomy":"product_tag","embeddable":true,"href":"https:\/\/newlitehorticulture.com\/fr\/wp-json\/wp\/v2\/product_tag?post=28081"}],"curies":[{"name":"wp","href":"https:\/\/api.w.org\/{rel}","templated":true}]}}