{"id":28079,"date":"2022-10-02T18:52:50","date_gmt":"2022-10-02T17:52:50","guid":{"rendered":"https:\/\/newlitehorticulture.com\/product\/lampe-cmh-315-w\/"},"modified":"2023-01-25T17:34:20","modified_gmt":"2023-01-25T16:34:20","slug":"lampe-cmh-315-w","status":"publish","type":"product","link":"https:\/\/newlitehorticulture.com\/fr\/produit\/lampe-cmh-315-w\/","title":{"rendered":"Newlite CMH LEC 315W"},"content":{"rendered":"<p>Les lampes aux Halog\u00e9nures M\u00e9talliques C\u00e9ramiques (CMH) ou LEC ont un rapport bleu\/rouge plus \u00e9lev\u00e9 que les autres lampes \u00e0 sodium haute pression (HPS) ou aux halog\u00e9nures m\u00e9talliques (MH). Cela rend le processus de croissance et de floraison des plantes plus naturel, car le spectre est plus proche de la lumi\u00e8re du soleil.<\/p>\n<p>Les lampes <strong>Newlite CMH LEC 315W<\/strong> sont indiqu\u00e9es pour les cultures o\u00f9 un spectre v\u00e9g\u00e9tatif et de floraison est n\u00e9cessaire. Gr\u00e2ce \u00e0 sa faible puissance, il convient aux petites cultures ou aux cultures de laboratoire, 80 cm\u00b2 par unit\u00e9.<\/p>\n<p>Pour des performances optimales, ce produit n\u00e9cessite un ballast basse fr\u00e9quence pour les lampes CMH LEC de 315W, bien qu&rsquo;elles soient \u00e9galement compatibles avec les ballasts haute fr\u00e9quence. Les lampes dot\u00e9es de la technologie CMH ou LEC ne doivent pas \u00eatre r\u00e9gl\u00e9es \u00e0 des puissances autres que celles pour lesquelles elles sont con\u00e7ues, car cela peut r\u00e9duire consid\u00e9rablement la dur\u00e9e de vie de la lampe.<\/p>\n<p>Cette lampe est disponible en deux temp\u00e9ratures de couleur diff\u00e9rentes:<\/p>\n<ul>\n<li><strong>3000K:<\/strong> convient aux processus de d\u00e9veloppement complet o\u00f9 la floraison est renforc\u00e9e.<\/li>\n<li><strong>4200K:<\/strong> convient aux processus de d\u00e9veloppement complet o\u00f9 le processus v\u00e9g\u00e9tatif est \u00e9quilibr\u00e9 avec le processus de floraison.<\/li>\n<\/ul>\n<p>Les deux sont des lampes mixtes, pour faire le cycle complet de la propagation, clonage ou germination, phase v\u00e9g\u00e9tative et la floraison, couvrant du d\u00e9but \u00e0 la fin du cycle de production.<\/p>\n<p>Les lampes CMH ou LEC offrent un spectre lumineux plus homog\u00e8ne que les lampes \u00e0 sodium. Cela favorise grandement le d\u00e9veloppement de m\u00e9tabolites secondaires: alcalo\u00efdes (cannabino\u00efdes), terp\u00e8nes et ph\u00e9nols.<\/p>\n<p>Les <strong>lampes Newlite CMH LEC 315 W<\/strong> sont install\u00e9es dans des r\u00e9flecteurs avec des douilles PGZ18 ou dans des r\u00e9flecteurs E40 \u00e0 l&rsquo;aide d&rsquo;un adaptateur.<\/p>\n","protected":false},"excerpt":{"rendered":"<p>Les lampes aux Halog\u00e9nures M\u00e9talliques C\u00e9ramiques (CMH) ou LEC ont un rapport bleu\/rouge plus \u00e9lev\u00e9 que les autres lampes \u00e0 sodium haute pression (HPS) ou aux halog\u00e9nures m\u00e9talliques (MH). Cela rend le processus de croissance et de floraison des plantes plus naturel, car le spectre est plus proche de la lumi\u00e8re du soleil. Les lampes [&hellip;]<\/p>\n","protected":false},"featured_media":27569,"template":"","meta":{"_et_pb_use_builder":"","_et_pb_old_content":"","_et_gb_content_width":""},"product_brand":[],"product_cat":[113,105],"product_tag":[],"class_list":{"0":"post-28079","1":"product","2":"type-product","3":"status-publish","4":"has-post-thumbnail","6":"product_cat-lampes","7":"product_cat-cmh-fr","9":"first","10":"instock","11":"shipping-taxable","12":"product-type-simple"},"acf":[],"aioseo_notices":[],"_links":{"self":[{"href":"https:\/\/newlitehorticulture.com\/fr\/wp-json\/wp\/v2\/product\/28079","targetHints":{"allow":["GET"]}}],"collection":[{"href":"https:\/\/newlitehorticulture.com\/fr\/wp-json\/wp\/v2\/product"}],"about":[{"href":"https:\/\/newlitehorticulture.com\/fr\/wp-json\/wp\/v2\/types\/product"}],"wp:featuredmedia":[{"embeddable":true,"href":"https:\/\/newlitehorticulture.com\/fr\/wp-json\/wp\/v2\/media\/27569"}],"wp:attachment":[{"href":"https:\/\/newlitehorticulture.com\/fr\/wp-json\/wp\/v2\/media?parent=28079"}],"wp:term":[{"taxonomy":"product_brand","embeddable":true,"href":"https:\/\/newlitehorticulture.com\/fr\/wp-json\/wp\/v2\/product_brand?post=28079"},{"taxonomy":"product_cat","embeddable":true,"href":"https:\/\/newlitehorticulture.com\/fr\/wp-json\/wp\/v2\/product_cat?post=28079"},{"taxonomy":"product_tag","embeddable":true,"href":"https:\/\/newlitehorticulture.com\/fr\/wp-json\/wp\/v2\/product_tag?post=28079"}],"curies":[{"name":"wp","href":"https:\/\/api.w.org\/{rel}","templated":true}]}}