{"id":28077,"date":"2022-10-02T19:03:16","date_gmt":"2022-10-02T18:03:16","guid":{"rendered":"https:\/\/newlitehorticulture.com\/product\/ballast-electronique-e-blue-600-w\/"},"modified":"2023-01-23T16:58:16","modified_gmt":"2023-01-23T15:58:16","slug":"ballast-electronique-e-blue-600-w","status":"publish","type":"product","link":"https:\/\/newlitehorticulture.com\/fr\/produit\/ballast-electronique-e-blue-600-w\/","title":{"rendered":"Ballast \u00c9lectronique e-blue 600W"},"content":{"rendered":"<p dir=\"ltr\"><strong>Newlite e-blue 600W<\/strong> est un ballast \u00e9lectronique pour les lampes de 600 W, HPS ou MH, dot\u00e9 d\u2019un s\u00e9lecteur de puissance et entr\u00e9e de signal, pour la gestion centralis\u00e9e.<\/p>\n<p dir=\"ltr\">Ce produit offre des prestations avanc\u00e9es. Il est con\u00e7u pour les cultures qui n\u2019exigent pas des intensit\u00e9s de lumi\u00e8re \u00e9lev\u00e9es et s\u2019utilise comme composant avec les lampes et les r\u00e9flecteurs au design sp\u00e9cifique pour le type de culture en question.<\/p>\n<p dir=\"ltr\">Sa technologie incorpore un stabilisateur de tension \u00e0 vaste plage charg\u00e9 d\u2019offrir toujours un rendement constant \u00e0 la lampe, m\u00eame si le r\u00e9seau \u00e9lectrique est soumis \u00e0 de nombreuses variations de tension. Les lampes et plantes re\u00e7oivent toujours la m\u00eame puissance, malgr\u00e9 les alt\u00e9rations \u00e9lectriques.<\/p>\n<p dir=\"ltr\">Le s\u00e9lecteur manuel de puissance permet de choisir parmi plusieurs puissances, ou sur la position EXT d\u00e9l\u00e8gue la gestion de puissance et d\u2019allumage au contr\u00f4leur externe. Il permet d\u2019utiliser des lampes d\u2019une puissance maximale de 600 W, ainsi que des lampes de 250 W et 400 W, en s\u00e9lectionnant la puissance ad\u00e9quate sur le s\u00e9lecteur.<\/p>\n<p dir=\"ltr\">La haute fr\u00e9quence de ses composants g\u00e9n\u00e8re un flux continu d\u2019\u00e9nergie dans la lampe sans clignotement, en augmentant sa dur\u00e9e de vie et en am\u00e9liorant l\u2019assimilation de la lumi\u00e8re chez les plantes. Vous obtiendrez plus de lumi\u00e8re \u00e0 moindres frais.<\/p>\n<p dir=\"ltr\"><strong>Newlite e-blue 600W <\/strong>est \u00e9quip\u00e9 de protections de tensions et de protections pour la lampe, qui prot\u00e8gent et prolongent la dur\u00e9e de vie du ballast et de la lampe.<\/p>\n<p dir=\"ltr\">Il est \u00e9quip\u00e9 d\u2019un connecteur pour la gestion centralis\u00e9e. Tr\u00e8s utile dans les installations de moyenne ou grande dimension, il est possible de g\u00e9rer la mise en service, l\u2019arr\u00eat et de r\u00e9gler la puissance de tout le groupe de luminaires \u00e0 travers le contr\u00f4leur.<\/p>\n<p dir=\"ltr\">Am\u00e9liorez les r\u00e9sultats de vos cultures avec du mat\u00e9riel de premier ordre.<\/p>\n","protected":false},"excerpt":{"rendered":"<p>Newlite e-blue 600W est un ballast \u00e9lectronique pour les lampes de 600 W, HPS ou MH, dot\u00e9 d\u2019un s\u00e9lecteur de puissance et entr\u00e9e de signal, pour la gestion centralis\u00e9e. Ce produit offre des prestations avanc\u00e9es. Il est con\u00e7u pour les cultures qui n\u2019exigent pas des intensit\u00e9s de lumi\u00e8re \u00e9lev\u00e9es et s\u2019utilise comme composant avec les [&hellip;]<\/p>\n","protected":false},"featured_media":27591,"template":"","meta":{"_et_pb_use_builder":"","_et_pb_old_content":"","_et_gb_content_width":""},"product_brand":[],"product_cat":[103,109],"product_tag":[],"class_list":{"0":"post-28077","1":"product","2":"type-product","3":"status-publish","4":"has-post-thumbnail","6":"product_cat-ballasts-fr","7":"product_cat-hps-fr","9":"first","10":"instock","11":"shipping-taxable","12":"product-type-simple"},"acf":[],"aioseo_notices":[],"_links":{"self":[{"href":"https:\/\/newlitehorticulture.com\/fr\/wp-json\/wp\/v2\/product\/28077","targetHints":{"allow":["GET"]}}],"collection":[{"href":"https:\/\/newlitehorticulture.com\/fr\/wp-json\/wp\/v2\/product"}],"about":[{"href":"https:\/\/newlitehorticulture.com\/fr\/wp-json\/wp\/v2\/types\/product"}],"wp:featuredmedia":[{"embeddable":true,"href":"https:\/\/newlitehorticulture.com\/fr\/wp-json\/wp\/v2\/media\/27591"}],"wp:attachment":[{"href":"https:\/\/newlitehorticulture.com\/fr\/wp-json\/wp\/v2\/media?parent=28077"}],"wp:term":[{"taxonomy":"product_brand","embeddable":true,"href":"https:\/\/newlitehorticulture.com\/fr\/wp-json\/wp\/v2\/product_brand?post=28077"},{"taxonomy":"product_cat","embeddable":true,"href":"https:\/\/newlitehorticulture.com\/fr\/wp-json\/wp\/v2\/product_cat?post=28077"},{"taxonomy":"product_tag","embeddable":true,"href":"https:\/\/newlitehorticulture.com\/fr\/wp-json\/wp\/v2\/product_tag?post=28077"}],"curies":[{"name":"wp","href":"https:\/\/api.w.org\/{rel}","templated":true}]}}