{"id":28075,"date":"2022-10-02T19:10:20","date_gmt":"2022-10-02T18:10:20","guid":{"rendered":"https:\/\/newlitehorticulture.com\/product\/ballast-cmh-lec-315-w\/"},"modified":"2023-01-23T17:22:40","modified_gmt":"2023-01-23T16:22:40","slug":"newlite-ballast-cmh-lec-315w","status":"publish","type":"product","link":"https:\/\/newlitehorticulture.com\/fr\/produit\/newlite-ballast-cmh-lec-315w\/","title":{"rendered":"Newlite Ballast CMH LEC 315 W"},"content":{"rendered":"<p>Le <strong>ballast num\u00e9rique Newlite Ballast CMH LEC de 315 W<\/strong> est utilis\u00e9 comme composant pour les syst\u00e8me d\u2019\u00e9clairage o\u00f9 il est s\u00e9par\u00e9 de la lampe et du r\u00e9flecteur.<\/p>\n<p>Il est employ\u00e9 avec des lampes d\u2019halog\u00e9nure m\u00e9tallique c\u00e9ramique (CMH), aussi connu sous le nom de LEC, dans les serres et les zones de culture indoor de petite et moyenne dimensions ou qui ne demandent pas une grande intensit\u00e9 lumineuse.<\/p>\n<p>Connecteur de sortie du ballast C13 pour brancher un c\u00e2ble standard C14 \u00e0 un r\u00e9flecteur.<\/p>\n<p>Protection contre l\u2019usure de la lampe, court-circuit, circuit ouvert (lampe non install\u00e9e), panne \u00e0 l\u2019allumage (lampe en mauvais \u00e9tat) et protection thermique.<\/p>\n<p>Le <strong>Newlite Ballast CMH LEC 315 W<\/strong> est de basse fr\u00e9quence et onde carr\u00e9e pour obtenir un rendement optimal des lampes CMH.<\/p>\n<p>L\u2019utilisation de ballasts inadapt\u00e9s pour les lampes de CMH LEC r\u00e9duit consid\u00e9rablement leur dur\u00e9e de vie.<\/p>\n<p>Les lampes CMH LEC ne sont pas r\u00e9glables, donc ce ballast ne permet pas le r\u00e9glage pour prot\u00e9ger les lampes tout au long de leur dur\u00e9e de vie et obtenir ainsi un meilleur rendement.<\/p>\n","protected":false},"excerpt":{"rendered":"<p>Le ballast num\u00e9rique Newlite Ballast CMH LEC de 315 W est utilis\u00e9 comme composant pour les syst\u00e8me d\u2019\u00e9clairage o\u00f9 il est s\u00e9par\u00e9 de la lampe et du r\u00e9flecteur. Il est employ\u00e9 avec des lampes d\u2019halog\u00e9nure m\u00e9tallique c\u00e9ramique (CMH), aussi connu sous le nom de LEC, dans les serres et les zones de culture indoor de [&hellip;]<\/p>\n","protected":false},"featured_media":27604,"template":"","meta":{"_et_pb_use_builder":"","_et_pb_old_content":"","_et_gb_content_width":""},"product_brand":[],"product_cat":[103,105],"product_tag":[],"class_list":{"0":"post-28075","1":"product","2":"type-product","3":"status-publish","4":"has-post-thumbnail","6":"product_cat-ballasts-fr","7":"product_cat-cmh-fr","9":"first","10":"instock","11":"shipping-taxable","12":"product-type-simple"},"acf":[],"aioseo_notices":[],"_links":{"self":[{"href":"https:\/\/newlitehorticulture.com\/fr\/wp-json\/wp\/v2\/product\/28075","targetHints":{"allow":["GET"]}}],"collection":[{"href":"https:\/\/newlitehorticulture.com\/fr\/wp-json\/wp\/v2\/product"}],"about":[{"href":"https:\/\/newlitehorticulture.com\/fr\/wp-json\/wp\/v2\/types\/product"}],"wp:featuredmedia":[{"embeddable":true,"href":"https:\/\/newlitehorticulture.com\/fr\/wp-json\/wp\/v2\/media\/27604"}],"wp:attachment":[{"href":"https:\/\/newlitehorticulture.com\/fr\/wp-json\/wp\/v2\/media?parent=28075"}],"wp:term":[{"taxonomy":"product_brand","embeddable":true,"href":"https:\/\/newlitehorticulture.com\/fr\/wp-json\/wp\/v2\/product_brand?post=28075"},{"taxonomy":"product_cat","embeddable":true,"href":"https:\/\/newlitehorticulture.com\/fr\/wp-json\/wp\/v2\/product_cat?post=28075"},{"taxonomy":"product_tag","embeddable":true,"href":"https:\/\/newlitehorticulture.com\/fr\/wp-json\/wp\/v2\/product_tag?post=28075"}],"curies":[{"name":"wp","href":"https:\/\/api.w.org\/{rel}","templated":true}]}}