{"id":28073,"date":"2022-10-02T20:46:28","date_gmt":"2022-10-02T19:46:28","guid":{"rendered":"https:\/\/newlitehorticulture.com\/product\/controle-integre-avance\/"},"modified":"2023-01-23T14:26:58","modified_gmt":"2023-01-23T13:26:58","slug":"controle-integre-avance","status":"publish","type":"product","link":"https:\/\/newlitehorticulture.com\/fr\/produit\/controle-integre-avance\/","title":{"rendered":"Contr\u00f4le Int\u00e9gr\u00e9 Avanc\u00e9"},"content":{"rendered":"<p>Un contr\u00f4le exhaustif de l\u2019\u00e9clairage est n\u00e9cessaire sur les installations avanc\u00e9es de serres ou dans les chambres de culture indoor.<\/p>\n<p>Les frais \u00e9lectriques doivent \u00eatre contr\u00f4l\u00e9s de fa\u00e7on pr\u00e9cise, pour optimiser et r\u00e9duire au maximum les frais de production.<\/p>\n<p>Newlite propose diff\u00e9rents niveaux d\u2019int\u00e9gration et de contr\u00f4le au niveau industriel, ce qui permet d\u2019obtenir toujours un lien parfait avec les autres syst\u00e8mes.<\/p>\n<p>L\u2019\u00e9quipe d\u2019ing\u00e9nierie de Newlite peut personnaliser et contr\u00f4ler, avec les crit\u00e8res propos\u00e9s, ou ceux fournis par le client.<\/p>\n<p>&nbsp;<\/p>\n<p>Entre autres caract\u00e9ristiques, les syst\u00e8mes de contr\u00f4le permettent ce qui suit:<\/p>\n<ul>\n<li>Contr\u00f4le autonome de l&rsquo;intensit\u00e9 en fonction du rayonnement solaire, fournissant uniquement la quantit\u00e9 de lumi\u00e8re n\u00e9cessaire.<\/li>\n<li>R\u00e9glage autonome de l\u2019intensit\u00e9, par temp\u00e9rature.<\/li>\n<li>R\u00e9glage autonome de l\u2019intensit\u00e9, par concentration de dioxyde de carbone CO2.<\/li>\n<li>Envoi d\u2019alertes en cas de pannes des protections, par secteur.<\/li>\n<li>Contr\u00f4le des mailles thermiques et de la photop\u00e9riode (black-out).<\/li>\n<li>Registre des incendies.<\/li>\n<li>Exploitation des statistiques pour l\u2019analyse des co\u00fbts.<\/li>\n<\/ul>\n<p>&nbsp;<\/p>\n<p>In <strong>advanced control systems<\/strong> additional features are considered:<\/p>\n<ul>\n<li>Contr\u00f4le du vent et son action sur la serre.<\/li>\n<li>Contr\u00f4le de la temp\u00e9rature de la salle selon la temp\u00e9rature ext\u00e9rieure.<\/li>\n<li>Int\u00e9gration du contr\u00f4le avec des syst\u00e8mes d\u2019arrosage.<\/li>\n<li>Int\u00e9gration du contr\u00f4le avec les syst\u00e8mes de ventilation et d\u2019humidification.<\/li>\n<li>Analyse \u00e9nerg\u00e9tique.<\/li>\n<li>Statistiques et rapports avanc\u00e9s, analyse qui aident \u00e0 prendre des d\u00e9cisions d\u2019am\u00e9lioration de la production.<\/li>\n<\/ul>\n","protected":false},"excerpt":{"rendered":"<p>Un contr\u00f4le exhaustif de l\u2019\u00e9clairage est n\u00e9cessaire sur les installations avanc\u00e9es de serres ou dans les chambres de culture indoor. Les frais \u00e9lectriques doivent \u00eatre contr\u00f4l\u00e9s de fa\u00e7on pr\u00e9cise, pour optimiser et r\u00e9duire au maximum les frais de production. Newlite propose diff\u00e9rents niveaux d\u2019int\u00e9gration et de contr\u00f4le au niveau industriel, ce qui permet d\u2019obtenir toujours [&hellip;]<\/p>\n","protected":false},"featured_media":27615,"template":"","meta":{"_et_pb_use_builder":"","_et_pb_old_content":"","_et_gb_content_width":""},"product_brand":[],"product_cat":[108],"product_tag":[],"class_list":{"0":"post-28073","1":"product","2":"type-product","3":"status-publish","4":"has-post-thumbnail","6":"product_cat-controleurs","8":"first","9":"instock","10":"shipping-taxable","11":"product-type-simple"},"acf":[],"aioseo_notices":[],"_links":{"self":[{"href":"https:\/\/newlitehorticulture.com\/fr\/wp-json\/wp\/v2\/product\/28073","targetHints":{"allow":["GET"]}}],"collection":[{"href":"https:\/\/newlitehorticulture.com\/fr\/wp-json\/wp\/v2\/product"}],"about":[{"href":"https:\/\/newlitehorticulture.com\/fr\/wp-json\/wp\/v2\/types\/product"}],"wp:featuredmedia":[{"embeddable":true,"href":"https:\/\/newlitehorticulture.com\/fr\/wp-json\/wp\/v2\/media\/27615"}],"wp:attachment":[{"href":"https:\/\/newlitehorticulture.com\/fr\/wp-json\/wp\/v2\/media?parent=28073"}],"wp:term":[{"taxonomy":"product_brand","embeddable":true,"href":"https:\/\/newlitehorticulture.com\/fr\/wp-json\/wp\/v2\/product_brand?post=28073"},{"taxonomy":"product_cat","embeddable":true,"href":"https:\/\/newlitehorticulture.com\/fr\/wp-json\/wp\/v2\/product_cat?post=28073"},{"taxonomy":"product_tag","embeddable":true,"href":"https:\/\/newlitehorticulture.com\/fr\/wp-json\/wp\/v2\/product_tag?post=28073"}],"curies":[{"name":"wp","href":"https:\/\/api.w.org\/{rel}","templated":true}]}}