{"id":28070,"date":"2022-10-02T20:59:56","date_gmt":"2022-10-02T19:59:56","guid":{"rendered":"https:\/\/newlitehorticulture.com\/product\/controleur-controlext-ts1-newlite\/"},"modified":"2023-01-14T21:13:39","modified_gmt":"2023-01-14T20:13:39","slug":"controlador-luminarias-controlext-ts1-newlite","status":"publish","type":"product","link":"https:\/\/newlitehorticulture.com\/fr\/produit\/controlador-luminarias-controlext-ts1-newlite\/","title":{"rendered":"Contr\u00f4leur ControlEXT TS1 Newlite"},"content":{"rendered":"<p><strong>Newlite ControlEXT TS1<\/strong> est un contr\u00f4leur qui permet de r\u00e9gler les appareils d\u2019\u00e9clairage pour l\u2019horticulture, de fa\u00e7on centralis\u00e9e. Ce contr\u00f4leur permet d\u2019\u00e9tablir un horaire d\u2019allumage et d\u2019arr\u00eat et de r\u00e9gler la puissance des appareils dot\u00e9s d\u2019un connecteur de signal pour contr\u00f4le externe.<\/p>\n<p><strong>Newlite ControlEXT TS1<\/strong> est configur\u00e9 par \u00e9cran tactile, de fa\u00e7on simple et intuitive. Il est dot\u00e9 de boutons pour les r\u00e9glages importants, en \u00e9vitant les modifications accidentelles qui peuvent nuire \u00e0 la culture, lors de la configuration.<\/p>\n<p><strong>Newlite ControlEXT TS1<\/strong> fonctionne avec n\u2019importe quel appareil d\u2019\u00e9clairage d\u2019horticulture, de 100 W \u00e0 9 999 W de puissance, quelle que soit la technologie, HPS, MH, LED qui dispose de connecteur de contr\u00f4le EXT 0-10 V (Analogique) ou PWM (Num\u00e9rique).<\/p>\n<p><strong>Newlite ControlEXT TS1<\/strong> peut contr\u00f4ler jusqu\u2019\u00e0 100 appareils d\u2019\u00e9clairage divis\u00e9s en deux zones de culture, 50 dans chaque zone.<\/p>\n","protected":false},"excerpt":{"rendered":"<p>Newlite ControlEXT TS1 est un contr\u00f4leur qui permet de r\u00e9gler les appareils d\u2019\u00e9clairage pour l\u2019horticulture, de fa\u00e7on centralis\u00e9e. Ce contr\u00f4leur permet d\u2019\u00e9tablir un horaire d\u2019allumage et d\u2019arr\u00eat et de r\u00e9gler la puissance des appareils dot\u00e9s d\u2019un connecteur de signal pour contr\u00f4le externe. Newlite ControlEXT TS1 est configur\u00e9 par \u00e9cran tactile, de fa\u00e7on simple et intuitive. [&hellip;]<\/p>\n","protected":false},"featured_media":27637,"template":"","meta":{"_et_pb_use_builder":"","_et_pb_old_content":"","_et_gb_content_width":""},"product_brand":[],"product_cat":[108],"product_tag":[],"class_list":{"0":"post-28070","1":"product","2":"type-product","3":"status-publish","4":"has-post-thumbnail","6":"product_cat-controleurs","8":"first","9":"instock","10":"shipping-taxable","11":"product-type-simple"},"acf":[],"aioseo_notices":[],"_links":{"self":[{"href":"https:\/\/newlitehorticulture.com\/fr\/wp-json\/wp\/v2\/product\/28070","targetHints":{"allow":["GET"]}}],"collection":[{"href":"https:\/\/newlitehorticulture.com\/fr\/wp-json\/wp\/v2\/product"}],"about":[{"href":"https:\/\/newlitehorticulture.com\/fr\/wp-json\/wp\/v2\/types\/product"}],"wp:featuredmedia":[{"embeddable":true,"href":"https:\/\/newlitehorticulture.com\/fr\/wp-json\/wp\/v2\/media\/27637"}],"wp:attachment":[{"href":"https:\/\/newlitehorticulture.com\/fr\/wp-json\/wp\/v2\/media?parent=28070"}],"wp:term":[{"taxonomy":"product_brand","embeddable":true,"href":"https:\/\/newlitehorticulture.com\/fr\/wp-json\/wp\/v2\/product_brand?post=28070"},{"taxonomy":"product_cat","embeddable":true,"href":"https:\/\/newlitehorticulture.com\/fr\/wp-json\/wp\/v2\/product_cat?post=28070"},{"taxonomy":"product_tag","embeddable":true,"href":"https:\/\/newlitehorticulture.com\/fr\/wp-json\/wp\/v2\/product_tag?post=28070"}],"curies":[{"name":"wp","href":"https:\/\/api.w.org\/{rel}","templated":true}]}}