{"id":27713,"date":"2022-10-02T21:29:33","date_gmt":"2022-10-02T20:29:33","guid":{"rendered":"https:\/\/newlitehorticulture.com\/product\/lunettes-newlite-full-equipe-pro\/"},"modified":"2023-01-23T12:22:05","modified_gmt":"2023-01-23T11:22:05","slug":"newlite-full-equipe-pro-glasses-2","status":"publish","type":"product","link":"https:\/\/newlitehorticulture.com\/fr\/produit\/newlite-full-equipe-pro-glasses-2\/","title":{"rendered":"Lunettes Newlite Full Equipe Pro"},"content":{"rendered":"<p>Les <strong>Lunettes Newlite Full Equipe Pro<\/strong> vous permettent de r\u00e9duire l&rsquo;intensit\u00e9 de la lumi\u00e8re que vos yeux re\u00e7oivent, de corriger les tons orang\u00e9s des lampes HPS, et de compenser le d\u00e9s\u00e9quilibre de rouge et de bleu g\u00e9n\u00e9r\u00e9 par les lampes LED rose-violet (<em>target spectrum<\/em>), qui \u00e9mettent principalement de la lumi\u00e8re bleue et rouge.<\/p>\n<p>Gr\u00e2ce \u00e0 ses trois lentilles interchangeables en polycarbonate, la vision \u00e0 l&rsquo;int\u00e9rieur de la culture sera claire et fiable, de sorte que les \u00e9ventuelles d\u00e9ficiences ou parasites seront d\u00e9tect\u00e9s rapidement, ce qui facilitera la pr\u00e9vention de la propagation des maladies dans la culture. Les diff\u00e9rentes lentilles sont facilement interchangeables dans la monture. En fonction de l&rsquo;\u00e9clairage de la culture, l&rsquo;option la plus appropri\u00e9e peut \u00eatre choisie. Tous les verres ont une protection UV 400 contre les rayons ultraviolets.<\/p>\n<p>Les <strong>Lunettes Newlite Full Equipe Pro <\/strong>font \u00e9galement office de lunettes de protection pour le travail car elles s&rsquo;adaptent au visage pour \u00e9viter les \u00e9claboussures et la poussi\u00e8re, ce qui en fait un \u00e9quipement de protection n\u00e9cessaire pour effectuer les t\u00e2ches de culture quotidiennes en prot\u00e9geant les yeux.<\/p>\n","protected":false},"excerpt":{"rendered":"<p>Les Lunettes Newlite Full Equipe Pro vous permettent de r\u00e9duire l&rsquo;intensit\u00e9 de la lumi\u00e8re que vos yeux re\u00e7oivent, de corriger les tons orang\u00e9s des lampes HPS, et de compenser le d\u00e9s\u00e9quilibre de rouge et de bleu g\u00e9n\u00e9r\u00e9 par les lampes LED rose-violet (target spectrum), qui \u00e9mettent principalement de la lumi\u00e8re bleue et rouge. Gr\u00e2ce \u00e0 [&hellip;]<\/p>\n","protected":false},"featured_media":27650,"template":"","meta":{"_et_pb_use_builder":"","_et_pb_old_content":"","_et_gb_content_width":""},"product_brand":[],"product_cat":[99],"product_tag":[],"class_list":{"0":"post-27713","1":"product","2":"type-product","3":"status-publish","4":"has-post-thumbnail","6":"product_cat-accessoires","8":"first","9":"instock","10":"shipping-taxable","11":"product-type-simple"},"acf":[],"aioseo_notices":[],"_links":{"self":[{"href":"https:\/\/newlitehorticulture.com\/fr\/wp-json\/wp\/v2\/product\/27713","targetHints":{"allow":["GET"]}}],"collection":[{"href":"https:\/\/newlitehorticulture.com\/fr\/wp-json\/wp\/v2\/product"}],"about":[{"href":"https:\/\/newlitehorticulture.com\/fr\/wp-json\/wp\/v2\/types\/product"}],"wp:featuredmedia":[{"embeddable":true,"href":"https:\/\/newlitehorticulture.com\/fr\/wp-json\/wp\/v2\/media\/27650"}],"wp:attachment":[{"href":"https:\/\/newlitehorticulture.com\/fr\/wp-json\/wp\/v2\/media?parent=27713"}],"wp:term":[{"taxonomy":"product_brand","embeddable":true,"href":"https:\/\/newlitehorticulture.com\/fr\/wp-json\/wp\/v2\/product_brand?post=27713"},{"taxonomy":"product_cat","embeddable":true,"href":"https:\/\/newlitehorticulture.com\/fr\/wp-json\/wp\/v2\/product_cat?post=27713"},{"taxonomy":"product_tag","embeddable":true,"href":"https:\/\/newlitehorticulture.com\/fr\/wp-json\/wp\/v2\/product_tag?post=27713"}],"curies":[{"name":"wp","href":"https:\/\/api.w.org\/{rel}","templated":true}]}}