{"id":27711,"date":"2022-10-02T22:17:58","date_gmt":"2022-10-02T21:17:58","guid":{"rendered":"https:\/\/newlitehorticulture.com\/product\/lampe-aux-halogenures-metalliques-newlite-mh-1000w-6000k-de\/"},"modified":"2023-01-15T20:19:19","modified_gmt":"2023-01-15T19:19:19","slug":"lampara-halogenuro-metalico-mh-1000w-6000k-double-ended-newlite","status":"publish","type":"product","link":"https:\/\/newlitehorticulture.com\/fr\/produit\/lampara-halogenuro-metalico-mh-1000w-6000k-double-ended-newlite\/","title":{"rendered":"Newlite MH 1000W 6000K DE"},"content":{"rendered":"<p dir=\"ltr\">La lampe <strong>Newlite Metal Halide MH 1000W 6000K Double-Ended<\/strong> (<strong>non c\u00e9ramique<\/strong>) est principalement utilis\u00e9e pour les stades v\u00e9g\u00e9tatifs ou pour compl\u00e9ter le processus de floraison.<\/p>\n<p dir=\"ltr\">Sa temp\u00e9rature de couleur est similaire \u00e0 celle de la lumi\u00e8re du jour (6000K).<\/p>\n<p dir=\"ltr\">Elle a une grande capacit\u00e9 \u00e0 maintenir l\u2019intensit\u00e9 \u00e9nerg\u00e9tique (lumi\u00e8re) pendant toute la dur\u00e9e de vie de la lampe.<\/p>\n<p dir=\"ltr\"><strong>La lampe fonctionne dans les luminaires avec porte-lampe Double-Ended \u00e0 haute fr\u00e9quence<\/strong><\/p>\n","protected":false},"excerpt":{"rendered":"<p>La lampe Newlite Metal Halide MH 1000W 6000K Double-Ended (non c\u00e9ramique) est principalement utilis\u00e9e pour les stades v\u00e9g\u00e9tatifs ou pour compl\u00e9ter le processus de floraison. Sa temp\u00e9rature de couleur est similaire \u00e0 celle de la lumi\u00e8re du jour (6000K). Elle a une grande capacit\u00e9 \u00e0 maintenir l\u2019intensit\u00e9 \u00e9nerg\u00e9tique (lumi\u00e8re) pendant toute la dur\u00e9e de vie [&hellip;]<\/p>\n","protected":false},"featured_media":30372,"template":"","meta":{"_et_pb_use_builder":"","_et_pb_old_content":"","_et_gb_content_width":""},"product_brand":[],"product_cat":[113],"product_tag":[],"class_list":{"0":"post-27711","1":"product","2":"type-product","3":"status-publish","4":"has-post-thumbnail","6":"product_cat-lampes","8":"first","9":"instock","10":"shipping-taxable","11":"product-type-simple"},"acf":[],"aioseo_notices":[],"_links":{"self":[{"href":"https:\/\/newlitehorticulture.com\/fr\/wp-json\/wp\/v2\/product\/27711","targetHints":{"allow":["GET"]}}],"collection":[{"href":"https:\/\/newlitehorticulture.com\/fr\/wp-json\/wp\/v2\/product"}],"about":[{"href":"https:\/\/newlitehorticulture.com\/fr\/wp-json\/wp\/v2\/types\/product"}],"wp:featuredmedia":[{"embeddable":true,"href":"https:\/\/newlitehorticulture.com\/fr\/wp-json\/wp\/v2\/media\/30372"}],"wp:attachment":[{"href":"https:\/\/newlitehorticulture.com\/fr\/wp-json\/wp\/v2\/media?parent=27711"}],"wp:term":[{"taxonomy":"product_brand","embeddable":true,"href":"https:\/\/newlitehorticulture.com\/fr\/wp-json\/wp\/v2\/product_brand?post=27711"},{"taxonomy":"product_cat","embeddable":true,"href":"https:\/\/newlitehorticulture.com\/fr\/wp-json\/wp\/v2\/product_cat?post=27711"},{"taxonomy":"product_tag","embeddable":true,"href":"https:\/\/newlitehorticulture.com\/fr\/wp-json\/wp\/v2\/product_tag?post=27711"}],"curies":[{"name":"wp","href":"https:\/\/api.w.org\/{rel}","templated":true}]}}