{"id":29826,"date":"2022-12-22T18:50:26","date_gmt":"2022-12-22T17:50:26","guid":{"rendered":"https:\/\/newlitehorticulture.com\/politica-de-calidad-gestion-ambiental-seguridad-y-salud-laboral\/"},"modified":"2023-01-03T17:47:13","modified_gmt":"2023-01-03T16:47:13","slug":"politique-de-qualite-gestion-environnementale-securite-et-sante-au-travail","status":"publish","type":"page","link":"https:\/\/newlitehorticulture.com\/fr\/politique-de-qualite-gestion-environnementale-securite-et-sante-au-travail\/","title":{"rendered":"Politique de Qualit\u00e9, Gestion Environnementale, S\u00e9curit\u00e9 et Sant\u00e9 au Travail"},"content":{"rendered":"<p>[et_pb_section fb_built=\u00a0\u00bb1&Prime; _builder_version=\u00a0\u00bb4.19.4&Prime; _module_preset=\u00a0\u00bbdefault\u00a0\u00bb global_colors_info=\u00a0\u00bb{}\u00a0\u00bb][et_pb_row column_structure=\u00a0\u00bb3_4,1_4&Prime; _builder_version=\u00a0\u00bb4.19.4&Prime; _module_preset=\u00a0\u00bbdefault\u00a0\u00bb global_colors_info=\u00a0\u00bb{}\u00a0\u00bb][et_pb_column type=\u00a0\u00bb3_4&Prime; _builder_version=\u00a0\u00bb4.19.4&Prime; _module_preset=\u00a0\u00bbdefault\u00a0\u00bb global_colors_info=\u00a0\u00bb{}\u00a0\u00bb][et_pb_text _builder_version=\u00a0\u00bb4.19.4&Prime; _module_preset=\u00a0\u00bbdefault\u00a0\u00bb global_colors_info=\u00a0\u00bb{}\u00a0\u00bb]<\/p>\n<p style=\"text-align: justify;\">La Direcci\u00f3n de <strong>Newlite Lighting Technology<\/strong> S.L. es consciente de la necesidad de dar el m\u00e1ximo nivel de satisfacci\u00f3n a nuestros clientes, de tener un sistema de mejora continua y de la importancia de desarrollar nuestras actividades en un entorno laboral respetuoso con el medio ambiente y libre de riesgos para la salud.<\/p>\n<p style=\"text-align: justify;\">Por ello, <strong>Newlite Lighting Technology<\/strong> S.L. asume el compromiso de aplicar las siguientes decisiones:<\/p>\n<ul>\n<li style=\"list-style-type: none;\">\n<ul style=\"text-align: justify;\">\n<li>Realizar todas las actividades, procesos y productos que afectan a nuestra organizaci\u00f3n con un exigente grado de calidad, respeto al medio ambiente y en un entorno laboral seguro.<\/li>\n<li>Adquirir el compromiso de cumplir con todos los requisitos, ya sean estos legales, contractuales o de otra \u00edndole, que sean de aplicaci\u00f3n a <strong>Newlite Lighting Technology<\/strong> S.L.<\/li>\n<li>Garantizar la satisfacci\u00f3n del personal de la organizaci\u00f3n impartiendo la formaci\u00f3n necesaria para su desarrollo profesional y el eficaz desempe\u00f1o de sus actividades.<\/li>\n<li>Motivar a nuestro equipo humano y promover la generaci\u00f3n de ideas por parte de los grupos de trabajo, transformables en mejoras en todos los \u00e1mbitos de la organizaci\u00f3n, ya sean asociados a calidad, gesti\u00f3n ambiental, SSL, proyectos de I+D+i\u2026 y susceptibles de su puesta en valor en la organizaci\u00f3n, en el mercado o en cualquier otra \u00e1rea.<\/li>\n<li>Analizar los resultados obtenidos del seguimiento del sistema de gesti\u00f3n, en los plazos de tiempo previamente establecidos.<\/li>\n<li>Identificar y evaluar todos los aspectos ambientales y riesgos para la salud relacionados con el desarrollo de nuestras actividades y servicios, actuando sobre todos los impactos generados por los mismos, tanto significativos como no significativos, tanto presentes como futuros, con objeto de minimizar y prevenir dichos impactos sobre el entorno.<\/li>\n<\/ul>\n<\/li>\n<\/ul>\n<p style=\"text-align: justify;\">En <strong>Newlite Lighting Technology<\/strong> S.L. nos comprometemos a promover una comprensi\u00f3n y difusi\u00f3n de nuestra <strong>Pol\u00edtica de Calidad<\/strong>, tanto dentro como fuera de nuestra organizaci\u00f3n: clientes, empleados, proveedores y p\u00fablico en general.<\/p>\n<p>[\/et_pb_text][\/et_pb_column][et_pb_column type=\u00a0\u00bb1_4&Prime; _builder_version=\u00a0\u00bb4.19.4&Prime; _module_preset=\u00a0\u00bbdefault\u00a0\u00bb global_colors_info=\u00a0\u00bb{}\u00a0\u00bb][et_pb_image src=\u00a0\u00bbhttps:\/\/newlitehorticulture.com\/wp-content\/uploads\/2022\/12\/ISO9001_Logo_White.svg\u00a0\u00bb title_text=\u00a0\u00bbISO9001_Logo_White\u00a0\u00bb _builder_version=\u00a0\u00bb4.19.4&Prime; _module_preset=\u00a0\u00bbdefault\u00a0\u00bb background_color=\u00a0\u00bb#232bc6&Prime; width=\u00a0\u00bb75%\u00a0\u00bb global_colors_info=\u00a0\u00bb{}\u00a0\u00bb][\/et_pb_image][et_pb_image src=\u00a0\u00bbhttps:\/\/newlitehorticulture.com\/wp-content\/uploads\/2022\/12\/ISO14001_Logo_White.svg\u00a0\u00bb title_text=\u00a0\u00bbISO14001_Logo_White\u00a0\u00bb _builder_version=\u00a0\u00bb4.19.4&Prime; _module_preset=\u00a0\u00bbdefault\u00a0\u00bb background_color=\u00a0\u00bb#232bc6&Prime; width=\u00a0\u00bb75%\u00a0\u00bb global_colors_info=\u00a0\u00bb{}\u00a0\u00bb][\/et_pb_image][et_pb_image src=\u00a0\u00bbhttps:\/\/newlitehorticulture.com\/wp-content\/uploads\/2022\/12\/ISO45001_Logo_White.svg\u00a0\u00bb title_text=\u00a0\u00bbISO45001_Logo_White\u00a0\u00bb _builder_version=\u00a0\u00bb4.19.4&Prime; _module_preset=\u00a0\u00bbdefault\u00a0\u00bb background_color=\u00a0\u00bb#232bc6&Prime; width=\u00a0\u00bb75%\u00a0\u00bb global_colors_info=\u00a0\u00bb{}\u00a0\u00bb][\/et_pb_image][\/et_pb_column][\/et_pb_row][\/et_pb_section]<\/p>\n","protected":false},"excerpt":{"rendered":"<p>La Direcci\u00f3n de Newlite Lighting Technology S.L. es consciente de la necesidad de dar el m\u00e1ximo nivel de satisfacci\u00f3n a nuestros clientes, de tener un sistema de mejora continua y de la importancia de desarrollar nuestras actividades en un entorno laboral respetuoso con el medio ambiente y libre de riesgos para la salud. Por ello, [&hellip;]<\/p>\n","protected":false},"author":1,"featured_media":0,"parent":0,"menu_order":0,"comment_status":"closed","ping_status":"closed","template":"","meta":{"_et_pb_use_builder":"on","_et_pb_old_content":"","_et_gb_content_width":"","footnotes":""},"class_list":["post-29826","page","type-page","status-publish","hentry"],"acf":[],"aioseo_notices":[],"_links":{"self":[{"href":"https:\/\/newlitehorticulture.com\/fr\/wp-json\/wp\/v2\/pages\/29826","targetHints":{"allow":["GET"]}}],"collection":[{"href":"https:\/\/newlitehorticulture.com\/fr\/wp-json\/wp\/v2\/pages"}],"about":[{"href":"https:\/\/newlitehorticulture.com\/fr\/wp-json\/wp\/v2\/types\/page"}],"author":[{"embeddable":true,"href":"https:\/\/newlitehorticulture.com\/fr\/wp-json\/wp\/v2\/users\/1"}],"replies":[{"embeddable":true,"href":"https:\/\/newlitehorticulture.com\/fr\/wp-json\/wp\/v2\/comments?post=29826"}],"version-history":[{"count":5,"href":"https:\/\/newlitehorticulture.com\/fr\/wp-json\/wp\/v2\/pages\/29826\/revisions"}],"predecessor-version":[{"id":29925,"href":"https:\/\/newlitehorticulture.com\/fr\/wp-json\/wp\/v2\/pages\/29826\/revisions\/29925"}],"wp:attachment":[{"href":"https:\/\/newlitehorticulture.com\/fr\/wp-json\/wp\/v2\/media?parent=29826"}],"curies":[{"name":"wp","href":"https:\/\/api.w.org\/{rel}","templated":true}]}}