{"id":26733,"date":"2022-07-02T16:30:04","date_gmt":"2022-07-02T15:30:04","guid":{"rendered":"https:\/\/newlitehorticulture.com\/politique-en-matiere-de-cookies\/"},"modified":"2023-01-03T17:45:06","modified_gmt":"2023-01-03T16:45:06","slug":"politique-de-cookies","status":"publish","type":"page","link":"https:\/\/newlitehorticulture.com\/fr\/politique-de-cookies\/","title":{"rendered":"Politique de cookies"},"content":{"rendered":"<p>[et_pb_section fb_built=\u00a0\u00bb1&Prime; _builder_version=\u00a0\u00bb4.18.0&Prime; _module_preset=\u00a0\u00bbdefault\u00a0\u00bb global_colors_info=\u00a0\u00bb{}\u00a0\u00bb][et_pb_row _builder_version=\u00a0\u00bb4.18.0&Prime; _module_preset=\u00a0\u00bbdefault\u00a0\u00bb global_colors_info=\u00a0\u00bb{}\u00a0\u00bb][et_pb_column type=\u00a0\u00bb4_4&Prime; _builder_version=\u00a0\u00bb4.18.0&Prime; _module_preset=\u00a0\u00bbdefault\u00a0\u00bb global_colors_info=\u00a0\u00bb{}\u00a0\u00bb][et_pb_text _builder_version=\u00a0\u00bb4.18.0&Prime; _module_preset=\u00a0\u00bbdefault\u00a0\u00bb global_colors_info=\u00a0\u00bb{}\u00a0\u00bb]<\/p>\n<p><strong>Que sont les cookies?<\/strong><br \/>Un cookie est un fichier t\u00e9l\u00e9charg\u00e9 sur votre dispositif, avec lequel vous naviguez lorsque vous entrez sur notre site Web. Entre autres choses, les cookies permettent au site Web de stocker et de r\u00e9cup\u00e9rer des informations sur votre visite et sur vos habitudes de navigation, et en fonction de l\u2019information contenue et de la fa\u00e7on dont vous utilisez votre dispositif, ils peuvent aussi \u00eatre utilis\u00e9s pour reconnaitre l\u2019utilisateur, afin de rendre votre prochaine visite plus simple et d\u2019utiliser notre site de fa\u00e7on plus performante. Les cookies jouent un r\u00f4le tr\u00e8s important et permettent d\u2019offrir une meilleure exp\u00e9rience de navigation \u00e0 l\u2019utilisateur.<\/p>\n<p>Pour obtenir des informations compl\u00e9mentaires sur les cookies, rendez-vous sur www.allaboutcookies.org<\/p>\n<p><strong>2. Finalit\u00e9 des cookies<\/strong><br \/>Les cookies sont utilis\u00e9s pour capter des informations relatives \u00e0 la navigation de l\u2019utilisateur, afin de conna\u00eetre, en les analysant, la fa\u00e7on dont il interagit avec newlitehorticulture.com et pouvoir am\u00e9liorer l\u2019exp\u00e9rience de la navigation.<\/p>\n<p><strong>3. Types de cookies<\/strong><br \/>Vous trouverez ci-apr\u00e8s un classement des cookies en fonction d\u2019une s\u00e9rie de cat\u00e9gories. Toutefois, n\u2019oubliez pas qu\u2019un cookie peut \u00eatre pr\u00e9sent dans plusieurs cat\u00e9gories.<\/p>\n<p>Types de cookies selon l\u2019entit\u00e9 charg\u00e9e de leur gestion:<br \/>En fonction de l\u2019entit\u00e9 charg\u00e9e de la gestion du dispositif ou du domaine d\u2019o\u00f9 sont les cookies et du traitement des donn\u00e9es obtenues, nous pouvons distinguer les :<\/p>\n<p>\u2013<span>\u00a0<\/span><strong>Cookies internes<\/strong>: ces cookies sont envoy\u00e9s au dispositif de l\u2019utilisateur depuis un dispositif ou un domaine g\u00e9r\u00e9 par l\u2019\u00e9diteur lui-m\u00eame ou \u00e0 travers lequel il pr\u00eate le service demand\u00e9 par l\u2019utilisateur.<\/p>\n<p>\u2013<span>\u00a0<\/span><strong>Cookies de tiers<\/strong>: ces cookies sont envoy\u00e9s au dispositif de l\u2019utilisateur depuis un dispositif ou un domaine qui n\u2019est pas g\u00e9r\u00e9 par l\u2019\u00e9diteur mais par une autre entit\u00e9 qui traite les donn\u00e9es obtenues par le biais des cookies.<\/p>\n<p>Si les cookies sont install\u00e9s depuis un dispositif ou un domaine g\u00e9r\u00e9 par l\u2019\u00e9diteur lui-m\u00eame, mais que les informations ainsi collect\u00e9es sont trait\u00e9es par un tiers, ils ne peuvent \u00eatre consid\u00e9r\u00e9s comme des cookies internes.<\/p>\n<p><strong>Types de cookies selon le temps pendant lequel ils restent actifs.<\/strong><br \/>Tout d\u00e9pend de la dur\u00e9e pendant laquelle les cookies sont actifs sur le dispositif :<br \/>\u2013<span>\u00a0<\/span><strong>Cookies de session<\/strong>: ils sont con\u00e7us pour collecter et stocker des donn\u00e9es lorsque que l\u2019utilisateur entre sur un site Web.<br \/>Ils sont utilis\u00e9s pour stocker des informations utiles pour la prestation du service demand\u00e9 par l\u2019utilisateur, une seule fois (par exemple : l\u2019achat d\u2019un produit).<br \/>\u2013<span>\u00a0<\/span><strong>Cookies persistants<\/strong>: sur ce type de cookies, les donn\u00e9es restent stock\u00e9es sur le dispositif. Elles sont accessibles et peuvent \u00eatre trait\u00e9s pendant une p\u00e9riode d\u00e9termin\u00e9e par le responsable du cookie, pouvant aller de quelques minutes \u00e0 plusieurs ann\u00e9es.<br \/>Types de cookies selon leur finalit\u00e9.<br \/>La finalit\u00e9 du traitement des donn\u00e9es obtenues \u00e0 travers les cookies permet de distinguer parmi les:<br \/>\u2013<span>\u00a0<\/span><strong>Cookies techniques<\/strong>: ils permettent \u00e0 l\u2019utilisateur de naviguer sur un site Web, une plateforme ou une application et d\u2019utiliser les diff\u00e9rentes options ou services propos\u00e9s, comme par exemple contr\u00f4ler le trafic et la communication des donn\u00e9es, identifier la session, acc\u00e9der aux sections restreintes, sauvegarder les produits d\u2019une commande, passer une commande, demander une inscription ou la participation \u00e0 un \u00e9v\u00e8nement, utiliser des \u00e9l\u00e9ments de s\u00e9curit\u00e9 pendant la navigation, stocker des contenus pour les diffuser sous forme de fichier vid\u00e9o ou audio, ou partager des contenus sur les r\u00e9seaux sociaux.<br \/>\u2013<span>\u00a0<\/span><strong>Cookies de personnalisation<\/strong>: ils permettent \u00e0 l\u2019utilisateur d\u2019acc\u00e9der au service avec certaines caract\u00e9ristiques g\u00e9n\u00e9rales pr\u00e9d\u00e9termin\u00e9es, en fonction d\u2019une s\u00e9rie de crit\u00e8res sur le terminal de l\u2019utilisateur, tels que la langue, le type de navigateur utilis\u00e9 pour acc\u00e9der au service, la configuration r\u00e9gionale o\u00f9 a lieu l\u2019acc\u00e8s au service, etc.<br \/>\u2013<strong><span>\u00a0<\/span>Cookies d\u2019analyse<\/strong>: ils permettent \u00e0 leur responsable de suivre et d\u2019analyser le comportement des utilisateurs des sites Web associ\u00e9s. L\u2019information collect\u00e9e par le biais de ce type de cookies est utilis\u00e9e pour mesurer l\u2019activit\u00e9 des sites Web, application ou plateforme, ainsi que pour \u00e9laborer des profils de navigation des utilisateurs de ces sites, applications ou plateformes, afin d\u2019apporter des am\u00e9liorations en fonction de l\u2019analyse des donn\u00e9es sur l\u2019utilisation du service par les utilisateurs.<br \/>\u2013<strong><span>\u00a0<\/span>Cookies publicitaires<\/strong>: ils permettent de g\u00e9rer, le plus efficacement possible, les espaces publicitaires que l\u2019\u00e9diteur a inclus, s\u2019il y a lieu, sur le site Web, l\u2019application ou la plateforme \u00e0 travers lesquels il pr\u00eate le service demand\u00e9, en fonction de crit\u00e8res tels que le contenu \u00e9dit\u00e9 ou la fr\u00e9quence d\u2019affichage des annonces.<br \/>\u2013<span>\u00a0<\/span><strong>Cookies de publicit\u00e9 comportementale<\/strong>: ils permettent de g\u00e9rer, le plus efficacement possible, les espaces publicitaires que l\u2019\u00e9diteur a inclus, s\u2019il y a lieu, sur le site Web, l\u2019application ou la plateforme \u00e0 travers lesquels il pr\u00eate le service demand\u00e9. Ces cookies stockent des informations sur le comportement des utilisateurs, obtenues gr\u00e2ce \u00e0 l\u2019observation constante de leurs habitudes de navigation, ce qui permet de d\u00e9velopper un profil sp\u00e9cifique pour afficher la publicit\u00e9 en fonction de ces crit\u00e8res.<\/p>\n<p><strong>Cookies utilis\u00e9s sur le site Web de Newlite\u00ae<\/strong><\/p>\n<table class=\"table\">\n<thead>\n<tr>\n<th>Nom<\/th>\n<th>Type<\/th>\n<th>Dur\u00e9e<\/th>\n<th>Finalit\u00e9<\/th>\n<\/tr>\n<\/thead>\n<tbody>\n<tr>\n<td>__stripe_mid<\/td>\n<td>Tiers<\/td>\n<td>1 an<\/td>\n<td>Pr\u00e9vention des fraudes.<\/td>\n<\/tr>\n<tr>\n<td>__stripe_sid<\/td>\n<td>Tiers<\/td>\n<td>30 minutes<\/td>\n<td>Pr\u00e9vention des fraudes.<\/td>\n<\/tr>\n<tr>\n<td>_ga<\/td>\n<td>Tiers<\/td>\n<td>2 ans<\/td>\n<td>Identification des utilisateurs.<\/td>\n<\/tr>\n<tr>\n<td>_ga_2JFEF8YMR2<\/td>\n<td>Tiers<\/td>\n<td>2 ans<\/td>\n<td>Identification des utilisateurs.<\/td>\n<\/tr>\n<tr>\n<td>token<\/td>\n<td><span>Interne<\/span><\/td>\n<td>1 an<\/td>\n<td>Identification des utilisateurs.<\/td>\n<\/tr>\n<tr>\n<td>panier<\/td>\n<td>Interne<\/td>\n<td>1 an<\/td>\n<td>Identification des utilisateurs.<\/td>\n<\/tr>\n<tr>\n<td>Banner347<\/td>\n<td>Interne<\/td>\n<td>1 an<\/td>\n<td>Identification des utilisateurs.<\/td>\n<\/tr>\n<tr>\n<td>CookieConsent<\/td>\n<td>Interne<\/td>\n<td>1 an<\/td>\n<td>Identification des utilisateurs.<\/td>\n<\/tr>\n<\/tbody>\n<\/table>\n<p>Vous trouverez ci-dessous les cookies utilis\u00e9s, ainsi que la typologie et la fonction:<\/p>\n<p>Le site Web de Newlite utilise Google Analytics, un service d\u2019analyse web d\u00e9velopp\u00e9 par Google, qui permet de mesurer et d\u2019analyser la navigation sur les sites Web. Vous pourrez voir les cookies de ce service sur votre dispositif. En fonction de la typologie pr\u00e9c\u00e9dente, il peut s\u2019agir de cookies internes, de session et d\u2019analyse.<\/p>\n<p>L\u2019analyse du site Web permet d\u2019obtenir les informations relatives au nombre d\u2019utilisateurs qui acc\u00e8dent au site, le nombre de pages consult\u00e9es, la fr\u00e9quence et la r\u00e9p\u00e9tition des visites, la dur\u00e9e, le navigateur utilis\u00e9, l\u2019op\u00e9rateur qui pr\u00eate le service, la langue, le dispositif utilis\u00e9 et la ville o\u00f9 est enregistr\u00e9e l\u2019adresse IP. Autant d\u2019informations qui permettent au site d\u2019offrir un service de meilleure qualit\u00e9 et plus appropri\u00e9.<\/p>\n<p>Pour garantir l\u2019anonymat, Google transformera vos donn\u00e9es en informations anonymes, en cryptant l\u2019adresse IP avant de la stocker, ainsi Google Analytics n\u2019est pas utilis\u00e9 pour localiser ou collecter des renseignements personnels identifiables des visiteurs du site. Google pourra uniquement envoyer les informations collect\u00e9es par Google Analytics \u00e0 des tiers lorsqu\u2019elle y est oblig\u00e9e par la loi. Conform\u00e9ment aux conditions de prestation du service de Google Analytics, Google n\u2019associera pas votre adresse IP \u00e0 d\u2019autres donn\u00e9es conserv\u00e9es par Google.<\/p>\n<p>Nous utilisons les cookies suivants:<\/p>\n<p>\u2013<span>\u00a0<\/span><strong>Cookies d\u2019analyse (Google Analytics)<\/strong>: ils permettent le suivi et l\u2019analyse du comportement de l\u2019utilisateur afin d\u2019introduire des am\u00e9liorations, en fonction de l\u2019utilisation qu\u2019il fait du site Web et des services qui y sont propos\u00e9s. D\u2019apr\u00e8s Google, Google Analytics est un outil gratuit d\u2019analyse de sites Web de Google, qui permet principalement aux propri\u00e9taires de sites Web de conna\u00eetre la fa\u00e7on dont les utilisateurs interagissent avec leur site. Il habilite des cookies sur le domaine du site sur lequel vous vous trouvez et utilise un ensemble de cookies appel\u00e9s \u00ab __utma \u00bb et \u00ab __utmz \u00bb pour compiler des informations de fa\u00e7on anonyme et \u00e9laborer des rapports de tendances des sites Web sans identifier les utilisateurs particuliers.<br \/>\u2013<span>\u00a0<\/span><strong>Cookies d\u2019analyse (Scorecardresearch)<\/strong>: ils permettent le suivi et l\u2019analyse de l\u2019utilisateur afin d\u2019introduire des am\u00e9liorations, en fonction de l\u2019utilisation qu\u2019il fait du site Web et des services qui y sont propos\u00e9s. Ils compilent des informations anonymes sur les habitudes de navigation.<br \/>\u2013<span>\u00a0<\/span><strong>Cookies techniques<\/strong>: ils permettent \u00e0 l\u2019utilisateur de naviguer sur le site Web et d\u2019utiliser les diff\u00e9rentes options ou services propos\u00e9s.<br \/>En outre, pour pr\u00e9senter les donn\u00e9es compil\u00e9es par Google Analytics sur les graphiques, nous utilisons Google Data Studio, un outil de visualisation qui n\u2019installe pas de cookies et ne compile pas les donn\u00e9es personnelles des utilisateurs. Il est lanc\u00e9 \u00e0 travers le site Web et n\u2019a pas besoin d\u2019applications locales.<\/p>\n<p><strong>4. Cookies de tiers<\/strong><br \/>Nous utilisons les cookies suivants:<br \/>\u2013<strong><span>\u00a0<\/span>Cookies d\u2019analyse (Google Analytics)<\/strong>: pour \u00eatre plus pr\u00e9cis, nous utilisons les cookies suivants :<br \/>_atuvc<br \/>_utmz<br \/>_utmb<br \/>_utma<br \/>_utmc<br \/>Plus d\u2019infos sur Google Analytics sur:<span>\u00a0<\/span><a href=\"https:\/\/developers.google.com\/analytics\/devguides\/collection\/analyticsjs\/cookie-usage\" target=\"_blank\" rel=\"noopener nofollow\">https:\/\/developers.google.com\/analytics\/devguides\/collection\/analyticsjs\/cookie-usage<\/a><\/p>\n<p>\u2013<span>\u00a0<\/span><strong>Cookies g\u00e9n\u00e9raux<\/strong>: nous utilisons les cookies suivants:<br \/>AUTH_KEY<br \/>SECURE_AUTH_KEY<br \/>LOGGED_IN_KEY<br \/>NONCE_KEY<\/p>\n<p>\u2013<span>\u00a0<\/span><strong>Cookies temporels<\/strong>: nous utilisons les cookies suivants:<br \/>comment_author<br \/>comment_author_email<br \/>comment_author_url<\/p>\n<p><strong>5. D\u00e9sactiver les cookies.<\/strong><br \/>Les utilisateurs peuvent refuser l\u2019utilisation de cookies sur leur dispositif en param\u00e9trant leur navigateur, toutefois cela peut nuire \u00e0 leur exp\u00e9rience de navigation.<br \/>Vous pouvez configurer votre navigateur pour refuser ou accepter les cookies, ou bien configurer le navigateur pour que ces cookies s\u2019effacent automatiquement lorsque vous fermez votre navigateur, votre appareil ou votre dispositif. Pour param\u00e9trer les cookies sur votre navigateur, proc\u00e9dez comme suit :<br \/>Google Chrome Plus &gt; Param\u00e8tres &gt; Confidentialit\u00e9 et s\u00e9curit\u00e9 &gt; Param\u00e8tres des sites &gt; Cookies.<br \/>Firefox Options &gt;Vie priv\u00e9e et s\u00e9curit\u00e9.<br \/>Internet Explorer Outils&gt;Options Internet&gt;Confidentialit\u00e9&gt;Avanc\u00e9.<br \/>Safari Pr\u00e9f\u00e9rences&gt;Confidentialit\u00e9.<br \/>Lorsque vous acc\u00e9dez sur ce site Web pour la premi\u00e8re fois, sans avoir de cookies de ce site, une fen\u00eatre s\u2019affiche pour vous informer sur l\u2019utilisation de cookies et vous indiquer o\u00f9 consulter les \u00ab informations relatives au cookies \u00bb. En poursuivant votre navigation sur le site Web, vous acceptez cette Politique en mati\u00e8re de cookies.<br \/>Outre l\u2019utilisation des cookies de Newlite\u00ae, le site Web permet \u00e0 des tiers d\u2019\u00e9tablir des cookies et d\u2019y acc\u00e9der \u00e0 travers votre dispositif. L\u2019utilisation des cookies de tiers est soumise \u00e0 leurs propres politiques de confidentialit\u00e9, jamais \u00e0 la politique de confidentialit\u00e9 de Newlite\u00ae.<br \/>Si vous ne souhaitez pas que les donn\u00e9es sur votre session soient compil\u00e9es par ce site Web, veuillez modifier les options de s\u00e9curit\u00e9 et de confidentialit\u00e9 de votre navigateur, comme indiqu\u00e9 au d\u00e9but du paragraphe 5 de cette politique en mati\u00e8re de cookies.<\/p>\n<p>[\/et_pb_text][\/et_pb_column][\/et_pb_row][\/et_pb_section]<\/p>\n","protected":false},"excerpt":{"rendered":"<p>Que sont les cookies?Un cookie est un fichier t\u00e9l\u00e9charg\u00e9 sur votre dispositif, avec lequel vous naviguez lorsque vous entrez sur notre site Web. Entre autres choses, les cookies permettent au site Web de stocker et de r\u00e9cup\u00e9rer des informations sur votre visite et sur vos habitudes de navigation, et en fonction de l\u2019information contenue et [&hellip;]<\/p>\n","protected":false},"author":1,"featured_media":0,"parent":0,"menu_order":0,"comment_status":"closed","ping_status":"closed","template":"","meta":{"_et_pb_use_builder":"on","_et_pb_old_content":"","_et_gb_content_width":"","footnotes":""},"class_list":["post-26733","page","type-page","status-publish","hentry"],"acf":[],"aioseo_notices":[],"_links":{"self":[{"href":"https:\/\/newlitehorticulture.com\/fr\/wp-json\/wp\/v2\/pages\/26733","targetHints":{"allow":["GET"]}}],"collection":[{"href":"https:\/\/newlitehorticulture.com\/fr\/wp-json\/wp\/v2\/pages"}],"about":[{"href":"https:\/\/newlitehorticulture.com\/fr\/wp-json\/wp\/v2\/types\/page"}],"author":[{"embeddable":true,"href":"https:\/\/newlitehorticulture.com\/fr\/wp-json\/wp\/v2\/users\/1"}],"replies":[{"embeddable":true,"href":"https:\/\/newlitehorticulture.com\/fr\/wp-json\/wp\/v2\/comments?post=26733"}],"version-history":[{"count":8,"href":"https:\/\/newlitehorticulture.com\/fr\/wp-json\/wp\/v2\/pages\/26733\/revisions"}],"predecessor-version":[{"id":29918,"href":"https:\/\/newlitehorticulture.com\/fr\/wp-json\/wp\/v2\/pages\/26733\/revisions\/29918"}],"wp:attachment":[{"href":"https:\/\/newlitehorticulture.com\/fr\/wp-json\/wp\/v2\/media?parent=26733"}],"curies":[{"name":"wp","href":"https:\/\/api.w.org\/{rel}","templated":true}]}}