{"id":26671,"date":"2022-05-13T21:18:59","date_gmt":"2022-05-13T20:18:59","guid":{"rendered":"https:\/\/newlitehorticulture.com\/rdi\/"},"modified":"2023-01-05T07:35:04","modified_gmt":"2023-01-05T06:35:04","slug":"r-d-i","status":"publish","type":"page","link":"https:\/\/newlitehorticulture.com\/fr\/r-d-i\/","title":{"rendered":"R&amp;D&amp;I"},"content":{"rendered":"<p>[et_pb_section fb_built=\u00a0\u00bb1&Prime; module_class=\u00a0\u00bbr-d-wrap\u00a0\u00bb _builder_version=\u00a0\u00bb4.18.0&Prime; _module_preset=\u00a0\u00bbdefault\u00a0\u00bb background_image=\u00a0\u00bbhttps:\/\/newlitehorticulture.com\/wp-content\/uploads\/2022\/09\/trama-fondo2.jpg\u00a0\u00bb custom_padding=\u00a0\u00bb20px||20px||true|false\u00a0\u00bb global_colors_info=\u00a0\u00bb{}\u00a0\u00bb][et_pb_row column_structure=\u00a0\u00bb3_5,2_5&Prime; make_equal=\u00a0\u00bbon\u00a0\u00bb _builder_version=\u00a0\u00bb4.18.0&Prime; _module_preset=\u00a0\u00bbdefault\u00a0\u00bb custom_padding=\u00a0\u00bb44px||44px||true|false\u00a0\u00bb custom_css_main_element=\u00a0\u00bbdisplay: flex;||align-items: center;\u00a0\u00bb global_colors_info=\u00a0\u00bb{}\u00a0\u00bb][et_pb_column type=\u00a0\u00bb3_5&Prime; _builder_version=\u00a0\u00bb4.18.0&Prime; _module_preset=\u00a0\u00bbdefault\u00a0\u00bb custom_padding=\u00a0\u00bb||||true|false\u00a0\u00bb global_colors_info=\u00a0\u00bb{}\u00a0\u00bb][et_pb_text module_class=\u00a0\u00bbweb-header\u00a0\u00bb _builder_version=\u00a0\u00bb4.18.0&Prime; _module_preset=\u00a0\u00bbdefault\u00a0\u00bb text_text_color=\u00a0\u00bb#5cc0ff\u00a0\u00bb text_font_size=\u00a0\u00bb20px\u00a0\u00bb text_line_height=\u00a0\u00bb25px\u00a0\u00bb header_text_align=\u00a0\u00bbleft\u00a0\u00bb header_font_size=\u00a0\u00bb50px\u00a0\u00bb header_line_height=\u00a0\u00bb36px\u00a0\u00bb header_4_font=\u00a0\u00bb||||||||\u00a0\u00bb header_4_text_align=\u00a0\u00bbleft\u00a0\u00bb header_4_text_color=\u00a0\u00bb#272727&Prime; header_4_font_size=\u00a0\u00bb50px\u00a0\u00bb header_4_line_height=\u00a0\u00bb52px\u00a0\u00bb module_alignment=\u00a0\u00bbcenter\u00a0\u00bb custom_margin=\u00a0\u00bb||||false|false\u00a0\u00bb global_colors_info=\u00a0\u00bb{}\u00a0\u00bb]<\/p>\n<p>Trois piliers<\/p>\n<h4><span>Connaissance, technologie et innovation<\/span><\/h4>\n<p>[\/et_pb_text][et_pb_text _builder_version=\u00a0\u00bb4.18.0&Prime; _module_preset=\u00a0\u00bbdefault\u00a0\u00bb text_font_size=\u00a0\u00bb16px\u00a0\u00bb text_line_height=\u00a0\u00bb1.8em\u00a0\u00bb header_3_font_size=\u00a0\u00bb48px\u00a0\u00bb header_3_line_height=\u00a0\u00bb58px\u00a0\u00bb global_colors_info=\u00a0\u00bb{}\u00a0\u00bb]<\/p>\n<p>Les r\u00e9sultats de Newlite sont le fruit d\u2019un travail minutieux sur le terrain, aux c\u00f4t\u00e9s d\u2019experts en biologie et physique, sp\u00e9cialis\u00e9s dans la lumi\u00e8re. Forts de ces connaissances, nous sommes \u00e0 m\u00eame de satisfaire la demande constante d\u2019une soci\u00e9t\u00e9 en qu\u00eate de progr\u00e8s technologiques qui permettent la production durable des cultures.<\/p>\n<p>Trois ann\u00e9es d\u2019\u00e9tudes et de d\u00e9veloppement de nos produits nous ont permis d\u2019apporter nos connaissances en mati\u00e8re de technologie et innovation au secteur de l\u2019horticulture. Une vaste exp\u00e9rience qui nous permet d\u2019identifier les besoins en lumi\u00e8re de chaque esp\u00e8ce et de proposer les solutions les mieux adapt\u00e9es \u00e0 chaque projet.<\/p>\n<p>Nos lampes et nos appareils de haut rendement vous offrent toujours le meilleur service et vous permettent d\u2019augmenter le produit final de vos r\u00e9coltes.<\/p>\n<p>[\/et_pb_text][\/et_pb_column][et_pb_column type=\u00a0\u00bb2_5&Prime; _builder_version=\u00a0\u00bb4.18.0&Prime; _module_preset=\u00a0\u00bbdefault\u00a0\u00bb global_colors_info=\u00a0\u00bb{}\u00a0\u00bb][et_pb_image src=\u00a0\u00bbhttps:\/\/newlitehorticulture.com\/wp-content\/uploads\/2022\/09\/plantas.jpg\u00a0\u00bb title_text=\u00a0\u00bbplantas\u00a0\u00bb _builder_version=\u00a0\u00bb4.18.0&Prime; _module_preset=\u00a0\u00bbdefault\u00a0\u00bb global_colors_info=\u00a0\u00bb{}\u00a0\u00bb][\/et_pb_image][\/et_pb_column][\/et_pb_row][\/et_pb_section][et_pb_section fb_built=\u00a0\u00bb1&Prime; fullwidth=\u00a0\u00bbon\u00a0\u00bb module_class=\u00a0\u00bbrequest-lighting-bg\u00a0\u00bb _builder_version=\u00a0\u00bb4.18.0&Prime; _module_preset=\u00a0\u00bbdefault\u00a0\u00bb animation_style=\u00a0\u00bbfold\u00a0\u00bb animation_direction=\u00a0\u00bbbottom\u00a0\u00bb animation_intensity_fold=\u00a0\u00bb4%\u00a0\u00bb global_module=\u00a0\u00bb29103&Prime; global_colors_info=\u00a0\u00bb{}\u00a0\u00bb][et_pb_fullwidth_header title=\u00a0\u00bbDemande\u00a0\u00bb subhead=\u00a0\u00bbVOTRE PLAN D&rsquo;\u00c9CLAIRAGE\u00a0\u00bb text_orientation=\u00a0\u00bbcenter\u00a0\u00bb button_one_text=\u00a0\u00bbAvocat\u00a0\u00bb button_one_url=\u00a0\u00bb\/fr\/plan-declairage\/\u00a0\u00bb background_overlay_color=\u00a0\u00bbrgba(39,39,39,0.6)\u00a0\u00bb module_class=\u00a0\u00bbleading-company-sec\u00a0\u00bb _builder_version=\u00a0\u00bb4.19.4&Prime; _module_preset=\u00a0\u00bbdefault\u00a0\u00bb title_level=\u00a0\u00bbh4&Prime; title_font=\u00a0\u00bb|600|||||||\u00a0\u00bb title_text_color=\u00a0\u00bb#FFFFFF\u00a0\u00bb title_font_size=\u00a0\u00bb40px\u00a0\u00bb content_text_color=\u00a0\u00bb#5bc7f9&Prime; content_font_size=\u00a0\u00bb25px\u00a0\u00bb subhead_font=\u00a0\u00bb|800|||||||\u00a0\u00bb subhead_text_color=\u00a0\u00bb#FFFFFF\u00a0\u00bb subhead_font_size=\u00a0\u00bb40px\u00a0\u00bb subhead_line_height=\u00a0\u00bb45px\u00a0\u00bb background_enable_color=\u00a0\u00bboff\u00a0\u00bb background_image=\u00a0\u00bbhttps:\/\/newlitehorticulture.com\/wp-content\/uploads\/2022\/09\/calcula_tu_plan_de_iluminacion.jpg\u00a0\u00bb custom_padding=\u00a0\u00bb100px||100px||true|false\u00a0\u00bb background_last_edited=\u00a0\u00bbon|phone\u00a0\u00bb background_image_tablet=\u00a0\u00bbhttps:\/\/newlitehorticulture.com\/wp-content\/uploads\/2022\/07\/calcula_tu_plan_de_iluminacion-600&#215;158-1.jpg\u00a0\u00bb background_image_phone=\u00a0\u00bbhttps:\/\/newlitehorticulture.com\/wp-content\/uploads\/2022\/07\/calcula_tu_plan_de_iluminacion-600&#215;158-1.jpg\u00a0\u00bb background_enable_image_tablet=\u00a0\u00bbon\u00a0\u00bb background_enable_image_phone=\u00a0\u00bbon\u00a0\u00bb global_colors_info=\u00a0\u00bb{}\u00a0\u00bb][\/et_pb_fullwidth_header][\/et_pb_section]<\/p>\n","protected":false},"excerpt":{"rendered":"<p>Trois piliers Connaissance, technologie et innovationLes r\u00e9sultats de Newlite sont le fruit d\u2019un travail minutieux sur le terrain, aux c\u00f4t\u00e9s d\u2019experts en biologie et physique, sp\u00e9cialis\u00e9s dans la lumi\u00e8re. Forts de ces connaissances, nous sommes \u00e0 m\u00eame de satisfaire la demande constante d\u2019une soci\u00e9t\u00e9 en qu\u00eate de progr\u00e8s technologiques qui permettent la production durable des [&hellip;]<\/p>\n","protected":false},"author":1,"featured_media":0,"parent":0,"menu_order":0,"comment_status":"closed","ping_status":"closed","template":"","meta":{"_et_pb_use_builder":"on","_et_pb_old_content":"","_et_gb_content_width":"","footnotes":""},"class_list":["post-26671","page","type-page","status-publish","hentry"],"acf":[],"aioseo_notices":[],"_links":{"self":[{"href":"https:\/\/newlitehorticulture.com\/fr\/wp-json\/wp\/v2\/pages\/26671","targetHints":{"allow":["GET"]}}],"collection":[{"href":"https:\/\/newlitehorticulture.com\/fr\/wp-json\/wp\/v2\/pages"}],"about":[{"href":"https:\/\/newlitehorticulture.com\/fr\/wp-json\/wp\/v2\/types\/page"}],"author":[{"embeddable":true,"href":"https:\/\/newlitehorticulture.com\/fr\/wp-json\/wp\/v2\/users\/1"}],"replies":[{"embeddable":true,"href":"https:\/\/newlitehorticulture.com\/fr\/wp-json\/wp\/v2\/comments?post=26671"}],"version-history":[{"count":9,"href":"https:\/\/newlitehorticulture.com\/fr\/wp-json\/wp\/v2\/pages\/26671\/revisions"}],"predecessor-version":[{"id":30194,"href":"https:\/\/newlitehorticulture.com\/fr\/wp-json\/wp\/v2\/pages\/26671\/revisions\/30194"}],"wp:attachment":[{"href":"https:\/\/newlitehorticulture.com\/fr\/wp-json\/wp\/v2\/media?parent=26671"}],"curies":[{"name":"wp","href":"https:\/\/api.w.org\/{rel}","templated":true}]}}