{"id":26633,"date":"2022-05-13T21:17:55","date_gmt":"2022-05-13T20:17:55","guid":{"rendered":"https:\/\/newlitehorticulture.com\/newlite\/"},"modified":"2023-01-17T08:48:47","modified_gmt":"2023-01-17T07:48:47","slug":"newlite","status":"publish","type":"page","link":"https:\/\/newlitehorticulture.com\/fr\/newlite\/","title":{"rendered":"Newlite"},"content":{"rendered":"<p>[et_pb_section fb_built=\u00a0\u00bb1&Prime; fullwidth=\u00a0\u00bbon\u00a0\u00bb _builder_version=\u00a0\u00bb4.17.4&Prime; _module_preset=\u00a0\u00bbdefault\u00a0\u00bb animation_style=\u00a0\u00bbfold\u00a0\u00bb animation_direction=\u00a0\u00bbbottom\u00a0\u00bb animation_intensity_fold=\u00a0\u00bb4%\u00a0\u00bb global_colors_info=\u00a0\u00bb{}\u00a0\u00bb][et_pb_fullwidth_header subhead=\u00a0\u00bb\u00c9clairage pendant le processus de croissance\u00a0\u00bb text_orientation=\u00a0\u00bbcenter\u00a0\u00bb module_class=\u00a0\u00bbleading-company-sec\u00a0\u00bb _builder_version=\u00a0\u00bb4.19.2&Prime; _module_preset=\u00a0\u00bbdefault\u00a0\u00bb title_level=\u00a0\u00bbh4&Prime; title_font=\u00a0\u00bb||||||||\u00a0\u00bb title_text_color=\u00a0\u00bb#51c0ff\u00a0\u00bb title_font_size=\u00a0\u00bb20px\u00a0\u00bb title_line_height=\u00a0\u00bb24px\u00a0\u00bb content_text_color=\u00a0\u00bb#272727&Prime; content_font_size=\u00a0\u00bb15px\u00a0\u00bb subhead_text_color=\u00a0\u00bb#003f88&Prime; subhead_font_size=\u00a0\u00bb48px\u00a0\u00bb subhead_line_height=\u00a0\u00bb60px\u00a0\u00bb background_color=\u00a0\u00bb#fafafa\u00a0\u00bb background_image=\u00a0\u00bbhttps:\/\/newlitehorticulture.com\/wp-content\/uploads\/2022\/07\/trama-fondo.png\u00a0\u00bb background_size=\u00a0\u00bbinitial\u00a0\u00bb background_position=\u00a0\u00bbcenter_right\u00a0\u00bb global_colors_info=\u00a0\u00bb{}\u00a0\u00bb]<\/p>\n<p>La lumi\u00e8re est indispensable pendant le processus de croissance des plantes car elle permet de booster la production, mot-cl\u00e9 de toutes les cultures. Newlite met ses connaissances techniques de haut niveau et sa vaste gamme de produits au service de ses clients, pour les aider \u00e0 obtenir le meilleur rendement de leur culture, quelle qu\u2019elle soit, en mode intensif ou extensif.<\/p>\n<p>&nbsp;<\/p>\n<p>Nous fabriquons des luminaires techniques pour les serres, destin\u00e9s au secteur professionnel, en s\u00e9lectionnant les lampes pour leur stabilit\u00e9 et spectre, en testant leur rendement et performance dans nos laboratoires. Nos lampes font partie int\u00e9grante du r\u00e9sultat final, puisqu\u2019elles poss\u00e8dent un spectre, durent plus longtemps, offrent une puissance et un rendement optimaux et sont la meilleure solution pour les luminaires techniques.<\/p>\n<p>&nbsp;<\/p>\n<p>Le r\u00e9sultat final de la plantation d\u00e9pendra du choix de la technologie du produit, c\u2019est pourquoi nous proposons un service client\u00e8le de premier ordre, avec une \u00e9quipe technique qualifi\u00e9e et toujours disponible (m\u00eame avant l\u2019achat), un tableau de calculs con\u00e7u par nos ing\u00e9nieurs, qui d\u00e9termine les besoins pr\u00e9alable de chaque client ou projet. Il est donc possible de choisir l\u2019\u00e9quipement le plus efficace pour chaque situation.<\/p>\n<p>&nbsp;<\/p>\n<p>Les plantes r\u00e9alisent le processus de d\u00e9veloppement vital avec l\u2019\u00e9nergie fournie par la lumi\u00e8re. L\u2019\u00e9clairage est donc l\u2019un des facteurs les plus important pour d\u00e9terminer le succ\u00e8s de production d\u2019une plantation. La plante recevra une \u00e9nergie diff\u00e9rente, selon le type de lumi\u00e8re et cela affectera sa croissance.<\/p>\n<p>[\/et_pb_fullwidth_header][\/et_pb_section][et_pb_section fb_built=\u00a0\u00bb1&Prime; module_class=\u00a0\u00bbr-d-wrap\u00a0\u00bb _builder_version=\u00a0\u00bb4.18.0&Prime; _module_preset=\u00a0\u00bbdefault\u00a0\u00bb background_image=\u00a0\u00bbhttps:\/\/newlitehorticulture.com\/wp-content\/uploads\/2022\/09\/trama-fondo2.jpg\u00a0\u00bb custom_padding=\u00a0\u00bb20px||20px||true|false\u00a0\u00bb global_colors_info=\u00a0\u00bb{}\u00a0\u00bb][et_pb_row column_structure=\u00a0\u00bb1_2,1_2&Prime; make_equal=\u00a0\u00bbon\u00a0\u00bb _builder_version=\u00a0\u00bb4.18.0&Prime; _module_preset=\u00a0\u00bbdefault\u00a0\u00bb custom_padding=\u00a0\u00bb0px||0px||true|false\u00a0\u00bb custom_css_main_element=\u00a0\u00bbdisplay: flex;||align-items: center;\u00a0\u00bb global_colors_info=\u00a0\u00bb{}\u00a0\u00bb][et_pb_column type=\u00a0\u00bb1_2&Prime; _builder_version=\u00a0\u00bb4.18.0&Prime; _module_preset=\u00a0\u00bbdefault\u00a0\u00bb custom_padding=\u00a0\u00bb||||true|false\u00a0\u00bb global_colors_info=\u00a0\u00bb{}\u00a0\u00bb][et_pb_text module_class=\u00a0\u00bbweb-header\u00a0\u00bb _builder_version=\u00a0\u00bb4.19.4&Prime; _module_preset=\u00a0\u00bbdefault\u00a0\u00bb text_text_color=\u00a0\u00bb#5cc0ff\u00a0\u00bb text_font_size=\u00a0\u00bb20px\u00a0\u00bb text_line_height=\u00a0\u00bb25px\u00a0\u00bb header_text_align=\u00a0\u00bbleft\u00a0\u00bb header_font_size=\u00a0\u00bb50px\u00a0\u00bb header_line_height=\u00a0\u00bb36px\u00a0\u00bb header_4_font=\u00a0\u00bb||||||||\u00a0\u00bb header_4_text_align=\u00a0\u00bbleft\u00a0\u00bb header_4_text_color=\u00a0\u00bb#272727&Prime; header_4_font_size=\u00a0\u00bb50px\u00a0\u00bb header_4_line_height=\u00a0\u00bb45px\u00a0\u00bb module_alignment=\u00a0\u00bbcenter\u00a0\u00bb custom_margin=\u00a0\u00bb||||false|false\u00a0\u00bb hover_enabled=\u00a0\u00bb0&Prime; global_colors_info=\u00a0\u00bb{}\u00a0\u00bb sticky_enabled=\u00a0\u00bb0&Prime;]<\/p>\n<p>Adapt\u00e9e aux besoins de la culture<\/p>\n<h4>Une vaste gamme de produits<\/h4>\n<p>[\/et_pb_text][et_pb_text _builder_version=\u00a0\u00bb4.19.4&Prime; _module_preset=\u00a0\u00bbdefault\u00a0\u00bb text_font_size=\u00a0\u00bb16px\u00a0\u00bb header_3_font_size=\u00a0\u00bb48px\u00a0\u00bb header_3_line_height=\u00a0\u00bb58px\u00a0\u00bb hover_enabled=\u00a0\u00bb0&Prime; global_colors_info=\u00a0\u00bb{}\u00a0\u00bb sticky_enabled=\u00a0\u00bb0&Prime;]<\/p>\n<p>Newlite poss\u00e8de une vaste gamme de produits, qui permettent de choisir entre diff\u00e9rents types de sources de lumi\u00e8re, pour s\u2019adapter de fa\u00e7on polyvalente aux besoins de votre culture. Parmi ces technologies, vous trouverez nos lampes:<\/p>\n<p>&nbsp;<\/p>\n<ul>\n<li><strong>LED<\/strong>\u00a0(Diode \u00c9metteur de Lumi\u00e8re).<strong><\/strong><\/li>\n<li><strong>HPS<\/strong>\u00a0(Haute Pression de Sodium).<\/li>\n<li><strong>CMH<\/strong>\u00a0(Halog\u00e9nure M\u00e9tallique C\u00e9ramique).<\/li>\n<\/ul>\n<p>[\/et_pb_text][et_pb_button button_url=\u00a0\u00bb\/fr\/produits\/\u00a0\u00bb button_text=\u00a0\u00bbProduits\u00a0\u00bb button_alignment=\u00a0\u00bbleft\u00a0\u00bb _builder_version=\u00a0\u00bb4.19.4&Prime; _module_preset=\u00a0\u00bbdefault\u00a0\u00bb hover_enabled=\u00a0\u00bb0&Prime; custom_css_main_element=\u00a0\u00bbtext-align: center;\u00a0\u00bb global_colors_info=\u00a0\u00bb{}\u00a0\u00bb sticky_enabled=\u00a0\u00bb0&Prime;][\/et_pb_button][\/et_pb_column][et_pb_column type=\u00a0\u00bb1_2&Prime; _builder_version=\u00a0\u00bb4.18.0&Prime; _module_preset=\u00a0\u00bbdefault\u00a0\u00bb global_colors_info=\u00a0\u00bb{}\u00a0\u00bb][et_pb_image src=\u00a0\u00bbhttps:\/\/newlitehorticulture.com\/wp-content\/uploads\/2022\/09\/plantas.jpg\u00a0\u00bb title_text=\u00a0\u00bbplantas\u00a0\u00bb _builder_version=\u00a0\u00bb4.18.0&Prime; _module_preset=\u00a0\u00bbdefault\u00a0\u00bb global_colors_info=\u00a0\u00bb{}\u00a0\u00bb][\/et_pb_image][\/et_pb_column][\/et_pb_row][\/et_pb_section][et_pb_section fb_built=\u00a0\u00bb1&Prime; fullwidth=\u00a0\u00bbon\u00a0\u00bb module_class=\u00a0\u00bbrequest-lighting-bg\u00a0\u00bb _builder_version=\u00a0\u00bb4.18.0&Prime; _module_preset=\u00a0\u00bbdefault\u00a0\u00bb animation_style=\u00a0\u00bbfold\u00a0\u00bb animation_direction=\u00a0\u00bbbottom\u00a0\u00bb animation_intensity_fold=\u00a0\u00bb4%\u00a0\u00bb global_module=\u00a0\u00bb29103&Prime; global_colors_info=\u00a0\u00bb{}\u00a0\u00bb][et_pb_fullwidth_header title=\u00a0\u00bbDemande\u00a0\u00bb subhead=\u00a0\u00bbVOTRE PLAN D&rsquo;\u00c9CLAIRAGE\u00a0\u00bb text_orientation=\u00a0\u00bbcenter\u00a0\u00bb button_one_text=\u00a0\u00bbAvocat\u00a0\u00bb button_one_url=\u00a0\u00bb\/fr\/plan-declairage\/\u00a0\u00bb background_overlay_color=\u00a0\u00bbrgba(39,39,39,0.6)\u00a0\u00bb module_class=\u00a0\u00bbleading-company-sec\u00a0\u00bb _builder_version=\u00a0\u00bb4.19.4&Prime; _module_preset=\u00a0\u00bbdefault\u00a0\u00bb title_level=\u00a0\u00bbh4&Prime; title_font=\u00a0\u00bb|600|||||||\u00a0\u00bb title_text_color=\u00a0\u00bb#FFFFFF\u00a0\u00bb title_font_size=\u00a0\u00bb40px\u00a0\u00bb content_text_color=\u00a0\u00bb#5bc7f9&Prime; content_font_size=\u00a0\u00bb25px\u00a0\u00bb subhead_font=\u00a0\u00bb|800|||||||\u00a0\u00bb subhead_text_color=\u00a0\u00bb#FFFFFF\u00a0\u00bb subhead_font_size=\u00a0\u00bb40px\u00a0\u00bb subhead_line_height=\u00a0\u00bb45px\u00a0\u00bb background_enable_color=\u00a0\u00bboff\u00a0\u00bb background_image=\u00a0\u00bbhttps:\/\/newlitehorticulture.com\/wp-content\/uploads\/2022\/09\/calcula_tu_plan_de_iluminacion.jpg\u00a0\u00bb custom_padding=\u00a0\u00bb100px||100px||true|false\u00a0\u00bb background_last_edited=\u00a0\u00bbon|phone\u00a0\u00bb background_image_tablet=\u00a0\u00bbhttps:\/\/newlitehorticulture.com\/wp-content\/uploads\/2022\/07\/calcula_tu_plan_de_iluminacion-600&#215;158-1.jpg\u00a0\u00bb background_image_phone=\u00a0\u00bbhttps:\/\/newlitehorticulture.com\/wp-content\/uploads\/2022\/07\/calcula_tu_plan_de_iluminacion-600&#215;158-1.jpg\u00a0\u00bb background_enable_image_tablet=\u00a0\u00bbon\u00a0\u00bb background_enable_image_phone=\u00a0\u00bbon\u00a0\u00bb global_colors_info=\u00a0\u00bb{}\u00a0\u00bb][\/et_pb_fullwidth_header][\/et_pb_section]<\/p>\n","protected":false},"excerpt":{"rendered":"<p>La lumi\u00e8re est indispensable pendant le processus de croissance des plantes car elle permet de booster la production, mot-cl\u00e9 de toutes les cultures. Newlite met ses connaissances techniques de haut niveau et sa vaste gamme de produits au service de ses clients, pour les aider \u00e0 obtenir le meilleur rendement de leur culture, quelle qu\u2019elle [&hellip;]<\/p>\n","protected":false},"author":1,"featured_media":0,"parent":0,"menu_order":0,"comment_status":"closed","ping_status":"closed","template":"","meta":{"_et_pb_use_builder":"on","_et_pb_old_content":"","_et_gb_content_width":"","footnotes":""},"class_list":["post-26633","page","type-page","status-publish","hentry"],"acf":[],"aioseo_notices":[],"_links":{"self":[{"href":"https:\/\/newlitehorticulture.com\/fr\/wp-json\/wp\/v2\/pages\/26633","targetHints":{"allow":["GET"]}}],"collection":[{"href":"https:\/\/newlitehorticulture.com\/fr\/wp-json\/wp\/v2\/pages"}],"about":[{"href":"https:\/\/newlitehorticulture.com\/fr\/wp-json\/wp\/v2\/types\/page"}],"author":[{"embeddable":true,"href":"https:\/\/newlitehorticulture.com\/fr\/wp-json\/wp\/v2\/users\/1"}],"replies":[{"embeddable":true,"href":"https:\/\/newlitehorticulture.com\/fr\/wp-json\/wp\/v2\/comments?post=26633"}],"version-history":[{"count":33,"href":"https:\/\/newlitehorticulture.com\/fr\/wp-json\/wp\/v2\/pages\/26633\/revisions"}],"predecessor-version":[{"id":30286,"href":"https:\/\/newlitehorticulture.com\/fr\/wp-json\/wp\/v2\/pages\/26633\/revisions\/30286"}],"wp:attachment":[{"href":"https:\/\/newlitehorticulture.com\/fr\/wp-json\/wp\/v2\/media?parent=26633"}],"curies":[{"name":"wp","href":"https:\/\/api.w.org\/{rel}","templated":true}]}}