{"id":26616,"date":"2022-07-02T16:30:27","date_gmt":"2022-07-02T15:30:27","guid":{"rendered":"https:\/\/newlitehorticulture.com\/politique-de-confidentialite\/"},"modified":"2023-01-03T17:44:36","modified_gmt":"2023-01-03T16:44:36","slug":"politique-de-confidentialite","status":"publish","type":"page","link":"https:\/\/newlitehorticulture.com\/fr\/politique-de-confidentialite\/","title":{"rendered":"Politique de confidentialit\u00e9"},"content":{"rendered":"<p>[et_pb_section fb_built=\u00a0\u00bb1&Prime; _builder_version=\u00a0\u00bb4.18.0&Prime; _module_preset=\u00a0\u00bbdefault\u00a0\u00bb global_colors_info=\u00a0\u00bb{}\u00a0\u00bb][et_pb_row _builder_version=\u00a0\u00bb4.18.0&Prime; _module_preset=\u00a0\u00bbdefault\u00a0\u00bb global_colors_info=\u00a0\u00bb{}\u00a0\u00bb][et_pb_column type=\u00a0\u00bb4_4&Prime; _builder_version=\u00a0\u00bb4.18.0&Prime; _module_preset=\u00a0\u00bbdefault\u00a0\u00bb global_colors_info=\u00a0\u00bb{}\u00a0\u00bb][et_pb_text _builder_version=\u00a0\u00bb4.18.0&Prime; _module_preset=\u00a0\u00bbdefault\u00a0\u00bb global_colors_info=\u00a0\u00bb{}\u00a0\u00bb]<\/p>\n<p><strong>1. Quelles donn\u00e9es traitons-nous?<\/strong><br \/><strong>2. Comment traitons-nous vos donn\u00e9es \u00e0 caract\u00e8re personnel et avec quelle l\u00e9gitimit\u00e9?<\/strong><br \/><strong>3. Vos droits.<\/strong><br \/><strong>4. Destinataires de vos donn\u00e9es personnelles.<\/strong><br \/><strong>5. Conservation de vos donn\u00e9es personnelles.<\/strong><br \/><strong>6. Serveurs et transferts internationaux de donn\u00e9es.<\/strong><br \/><strong>7. D\u00e9l\u00e9gu\u00e9 de la protection des donn\u00e9es.<\/strong><\/p>\n<p><strong>Identification du responsable.<\/strong><br \/>En qualit\u00e9 de propri\u00e9taire de la marque Newlite\u00ae, Newlite Lighting Technology S.L. informe les utilisateurs de son site Web<span>\u00a0<\/span><a href=\"https:\/\/newlitehorticulture.com\/fr\/\">newlitehorticulture.com<\/a><span>\u00a0<\/span>que son utilisation donne lieu \u00e0 la collecte et au traitement des donn\u00e9es personnelles indiqu\u00e9es ci-dessous:<\/p>\n<p><strong>1. Quelles donn\u00e9es personnelles traitons-nous?<\/strong><\/p>\n<p>Nous traitons les donn\u00e9es personnelles que vous nous fournissez, ainsi que d\u2019autres donn\u00e9es g\u00e9n\u00e9r\u00e9es dans le cadre de votre activit\u00e9 sur notre site Web, comme les op\u00e9rations r\u00e9alis\u00e9es, d\u00e8s lors que cette collecte est autoris\u00e9e par la loi.<br \/>Nous vous rappelons que les informations mentionn\u00e9es comme obligatoires sont indispensables pour pouvoir confirmer la commande, l\u2019encaisser et envoyer le produit, selon le mode de livraison s\u00e9lectionn\u00e9. Aussi, votre commande ne pourra pas \u00eatre trait\u00e9e si vous ne fournissez pas ces donn\u00e9es.<\/p>\n<p><strong>(a) Informations que vous nous fournissez<\/strong><br \/>Nous pouvons traiter les cat\u00e9gories de donn\u00e9es personnelles suivantes que vous nous avez fournies en remplissant le formulaire n\u00e9cessaire pour l\u2019achat en ligne :<br \/>Renseignements personnels, tels que nom, pr\u00e9nom, sexe, N\u00ba de la pi\u00e8ce d\u2019identit\u00e9, t\u00e9l\u00e9phone, courrier \u00e9lectronique, adresse postale.<br \/>Donn\u00e9es bancaires : donn\u00e9es de la carte bancaire utilis\u00e9e pour passer la commande r\u00e9alis\u00e9e, du compte sur lequel sont d\u00e9bit\u00e9s les montants ou r\u00e9alis\u00e9s les pr\u00e9l\u00e8vements bancaires.<br \/>Donn\u00e9es relatives \u00e0 la navigation : comme les informations collect\u00e9es \u00e0 travers les cookies.<\/p>\n<p><strong>(b) Autres renseignements vous concernant<\/strong><br \/>Pour finir, nous pourrons \u00e9galement connecter les donn\u00e9es \u00e0 partir de l\u2019utilisation que vous faites de ce portail, comme les transactions r\u00e9alis\u00e9es, la navigation sur le site ou lorsque vous nous contactez \u00e0 travers le service client\u00e8le.<\/p>\n<p><strong>2. Comment traitons-nous vos donn\u00e9es \u00e0 caract\u00e8re personnel et avec quelle l\u00e9gitimit\u00e9?<\/strong><br \/>Vos donn\u00e9es personnelles seront trait\u00e9es aux fins et avec la l\u00e9gitimit\u00e9 indiqu\u00e9es ci-apr\u00e8s:<br \/>\u2022 Pour pouvoir traiter votre commande, encaisser le montant et livrer la marchandise, pour r\u00e9pondre \u00e0 vos questions, r\u00e9clamations, suggestions ou questions relatives \u00e0 vos achats, \u00e0 travers les diff\u00e9rents moyens propos\u00e9s, conform\u00e9ment \u00e0 l\u2019application des mesures pr\u00e9contractuelles ou \u00e0 l\u2019ex\u00e9cution du contrat de vente, disponible sur les URL suivants<span>\u00a0<\/span><a href=\"https:\/\/newlitehorticulture.com\/fr\/mentions-legales\/\">https:\/\/newlitehorticulture.com\/fr\/mentions-legales\/<\/a>.<br \/>\u2022 Pour r\u00e9pondre \u00e0 vos doutes, plaintes, suggestions ou questions pos\u00e9es \u00e0 travers les diff\u00e9rents moyens propos\u00e9s \u00e0 tel effet, dans les cas o\u00f9 vous n\u2019avez pas pass\u00e9 une commande au pr\u00e9alable mais que vous avez donn\u00e9 votre consentement. La finalit\u00e9 principale (traiter votre commande) ne d\u00e9pendra pas du fait que vous ayez pr\u00eat\u00e9 votre consentement pour ce traitement pr\u00e9cis de vos donn\u00e9es personnelles.<br \/>\u2022 Pour \u00e9viter les fraudes, si cette intention est d\u00e9tect\u00e9e chez le client.<br \/>\u2022 De m\u00eame, le traitement de vos donn\u00e9es personnelles vise \u00e0 satisfaire l\u2019int\u00e9r\u00eat l\u00e9gitime de Newlite\u00ae pour centraliser les op\u00e9rations de traitement des clients (services client\u00e8le, r\u00e9ponse \u00e0 vos doutes, suggestions et questions, etc.) en vue d\u2019offrir un service optimal et plus personnalis\u00e9.<br \/>\u2022 Traiter et communiquer les donn\u00e9es, dans le cadre des actions et des actes pr\u00e9paratoires et de r\u00e9vision pr\u00e9alables aux op\u00e9rations commerciales de toute nature, \u00e0 titre d\u2019exemple non exhaustif : la fusion, scission, cession, cession globale des actifs et des passifs, l\u2019apport ou la transition d\u2019activit\u00e9 commerciale ou fili\u00e8re d\u2019activit\u00e9 d\u2019entreprise, ou toute autre op\u00e9ration de restructuration soci\u00e9taire de nature analogue, pr\u00e9vue par la r\u00e9glementation commerciale, ainsi que dans le cadre desdites op\u00e9rations commerciales.<br \/>\u2022 Finalement, Newlite\u00ae utilise les cookies sur son site\u00a0<a href=\"https:\/\/newlitehorticulture.com\/fr\/\" target=\"_blank\" rel=\"noopener\">newlitehorticulture.com<\/a><span>\u00a0<\/span>dans le cadre de son int\u00e9r\u00eat l\u00e9gitime pour le bon fonctionnement et l\u2019efficacit\u00e9 du portail. Dans la mesure o\u00f9 l\u2019utilisation de cookies de la part de l\u2019entreprise implique un traitement des donn\u00e9es personnelles \u00e0 des fins autres que celles purement op\u00e9rationnelles ou administratives li\u00e9es au fonctionnement du portail, la marque invoque la base l\u00e9gitime du consentement (que nous consid\u00e9rerons pr\u00eat\u00e9 si vous acceptez l\u2019utilisation de cookies \u00e0 travers le banner qui s\u2019affiche lors de votre acc\u00e8s sur le site). Pour toute information compl\u00e9mentaire concernant l\u2019utilisation des cookies sur ce site Web, veuillez consulter notre<span>\u00a0<\/span><a href=\"https:\/\/newlitehorticulture.com\/fr\/politique-de-cookies\/\">Politique de Cookies<\/a>.<\/p>\n<p><strong>3. Vos droits<\/strong><br \/>Vous avez le droit d\u2019obtenir de Newlite\u00ae la confirmation du traitement ou du non-traitement de vos donn\u00e9es personnelles, et s\u2019il y a lieu, de demander l\u2019acc\u00e8s \u00e0 vos donn\u00e9es et \u00e0 certaines informations relatives au traitement (fins, cat\u00e9gories des donn\u00e9es trait\u00e9es et destinataires, entre autres aspects) (droit d\u2019acc\u00e8s).<br \/>Vous avez \u00e9galement le droit de demander la correction des donn\u00e9es incorrectes (droit de correction), ainsi que la suppression de celles-ci, lorsqu\u2019elles ne sont plus n\u00e9cessaires aux fins pour lesquelles elles ont \u00e9t\u00e9 collect\u00e9es (droit de suppression). Sous certaines circonstances (par exemple si l\u2019int\u00e9ress\u00e9 conteste l\u2019exactitude de ses donn\u00e9es et dans l\u2019attente de leur v\u00e9rification), vous pouvez demander la limitation du traitement de vos donn\u00e9es personnelles, qui seront alors trait\u00e9es uniquement pour exercer ou d\u00e9fendre les r\u00e9clamations (droit \u00e0 la limitation du traitement).<br \/>Pour finir, vous disposez \u00e9galement du droit de portabilit\u00e9 sur vos donn\u00e9es, c\u2019est-\u00e0-dire \u00e0 recevoir les donn\u00e9es personnelles dans un format structur\u00e9, \u00e0 usage commun et lecture m\u00e9canique, et \u00e0 les transmettre \u00e0 un autre responsable du traitement, sans que le responsable \u00e0 qui vous les avez fournies vous en emp\u00eache, dans les cas pr\u00e9vus par la loi (droit de portabilit\u00e9 des donn\u00e9es). De m\u00eame, dans les cas o\u00f9 le traitement de vos donn\u00e9es se base sur votre consentement, vous avez le droit de retirer \u00e0 tout moment votre consentement, sans que cela affecte la lic\u00e9it\u00e9 du traitement pr\u00e9alable au retrait.<br \/>Vous avez le droit de vous opposer \u00e0 tout moment au traitement de vos donn\u00e9es, pour des motifs li\u00e9s \u00e0 votre situation particuli\u00e8re, lorsque celui-ci se base sur l\u2019int\u00e9r\u00eat l\u00e9gitime de Newlite\u00ae ou d\u2019un tiers, et notamment lorsqu\u2019il a pour objet la r\u00e9alisation d\u2019actions de marketing direct. Dans ce cas, notre entreprise mettra fin au traitement, \u00e0 moins de pr\u00e9senter des raisons l\u00e9gitimes pour continuer \u00e0 le faire.<br \/>Nous vous rappelons que vous avez \u00e9galement le droit de d\u00e9poser une plainte aupr\u00e8s de l\u2019Agence Espagnole de Protection des Donn\u00e9es, en particulier lorsque l\u2019exercice de vos droits n\u2019a pas abouti.<\/p>\n<p><strong>4. Destinataires de vos donn\u00e9es personnelles<\/strong><br \/>Notre entreprise pourra partager vos donn\u00e9es personnelles avec des tiers, dans les circonstances suivantes:<br \/>\u2022 En cas d\u2019impay\u00e9s ou de d\u00e9tection d\u2019op\u00e9rations suspectes de la part du client, l\u2019entreprise propri\u00e9taire de Newlite\u00ae pourra c\u00e9der ses donn\u00e9es personnelles aux autorit\u00e9s et services l\u00e9gaux externes.<br \/>\u2022 Aux cat\u00e9gories de prestataires de services suivantes, dont Newlite\u00ae a besoin pour traiter les commandes des clients : prestataires de services d\u2019authentification et de gestion des acc\u00e8s, marketing (y compris marketing sur le nuage), analyse Web, traitement des paiements, num\u00e9risation et effacement des informations et distribution \u00e0 domicile.<\/p>\n<p><strong>5. Conservation de vos donn\u00e9es personnelles<\/strong><br \/>Nous conservons vos donn\u00e9es personnelles pendant les 24 heures suivant la livraison de la commande, pour le cas o\u00f9 vous demanderiez certaines informations qui exigent l\u2019acc\u00e8s aux donn\u00e9es personnelles trait\u00e9es dans le cadre de votre commande. \u00c0 l\u2019issue de ce d\u00e9lai, vos donn\u00e9es personnelles seront d\u00fbment annul\u00e9es, c\u2019est-\u00e0-dire qu\u2019elles seront bloqu\u00e9es pendant la dur\u00e9e du d\u00e9lai de prescription des responsabilit\u00e9s d\u00e9riv\u00e9es du traitement puis effac\u00e9es.<\/p>\n<p><strong>6. Serveurs et transferts internationaux de donn\u00e9es<\/strong><br \/>L\u2019entreprise propri\u00e9taire de la marque Newlite\u00ae stockera et traitera les donn\u00e9es personnelles du client sur les serveurs informatiques situ\u00e9s en Espagne, en \u00e9tant prot\u00e9g\u00e9e par les clauses adopt\u00e9es par la Commission europ\u00e9enne et par l\u2019agence espagnole de protection des donn\u00e9es.<br \/>De m\u00eame, certains des prestataires auxquels nous c\u00e9derons les identificateurs des cookies (uniquement si vous avez donn\u00e9 votre consentement) peuvent \u00eatre situ\u00e9s dans des pays dont le niveau de protection en mati\u00e8re de donn\u00e9es personnelles n\u2019est pas le m\u00eame que le niveau espagnol. Dans ces deux cas, nous vous informons que nous adopterons les garanties n\u00e9cessaires afin que les donn\u00e9es personnelles soient d\u00fbment sauvegard\u00e9es \u00e0 tout moment, ind\u00e9pendamment du pays o\u00f9 elles sont trait\u00e9es. Pour ce faire, nous nous assurons que l\u2019entit\u00e9 r\u00e9ceptrice des donn\u00e9es est affili\u00e9e au sch\u00e9ma du bouclier de protection des donn\u00e9es (Privacy Shield) n\u00e9goci\u00e9 entre la Commission europ\u00e9enne et le Gouvernement des \u00c9tats-Unis, et\/ou qu\u2019elle a souscrit les clauses adopt\u00e9es par la Commission europ\u00e9enne et\/ou qu\u2019elle a adopt\u00e9 les normes corporatives obligatoires et\/ou \u00e0 travers d\u2019un autre m\u00e9canisme autoris\u00e9, et\/ou, selon le cas, nous obtiendrons l\u2019autorisation correspondante du directeur de l\u2019Agence espagnole de protection des donn\u00e9es.<\/p>\n<p><strong>7. D\u00e9l\u00e9gu\u00e9 de la protection des donn\u00e9es<\/strong><br \/>Les clients qui le souhaitent peuvent contacter notre d\u00e9l\u00e9gu\u00e9 \u00e0 la protection des donn\u00e9es \u00e0 l\u2019adresse suivante : Delegado de Protecci\u00f3n de Datos de Newlite\u00ae, C\/ Jarra 59, 14540, La Rambla, C\u00f3rdoba, Espa\u00f1a; ou par courriel, \u00e0 l\u2019adresse<span>\u00a0<\/span><a href=\"mailto:service@newlitehorticulture.com\">service@newlitehorticulture.com<\/a>.<\/p>\n<p>[\/et_pb_text][\/et_pb_column][\/et_pb_row][\/et_pb_section]<\/p>\n","protected":false},"excerpt":{"rendered":"<p>1. Quelles donn\u00e9es traitons-nous?2. Comment traitons-nous vos donn\u00e9es \u00e0 caract\u00e8re personnel et avec quelle l\u00e9gitimit\u00e9?3. Vos droits.4. Destinataires de vos donn\u00e9es personnelles.5. Conservation de vos donn\u00e9es personnelles.6. Serveurs et transferts internationaux de donn\u00e9es.7. D\u00e9l\u00e9gu\u00e9 de la protection des donn\u00e9es. Identification du responsable.En qualit\u00e9 de propri\u00e9taire de la marque Newlite\u00ae, Newlite Lighting Technology S.L. informe les [&hellip;]<\/p>\n","protected":false},"author":1,"featured_media":0,"parent":0,"menu_order":0,"comment_status":"closed","ping_status":"closed","template":"","meta":{"_et_pb_use_builder":"on","_et_pb_old_content":"","_et_gb_content_width":"","footnotes":""},"class_list":["post-26616","page","type-page","status-publish","hentry"],"acf":[],"aioseo_notices":[],"_links":{"self":[{"href":"https:\/\/newlitehorticulture.com\/fr\/wp-json\/wp\/v2\/pages\/26616","targetHints":{"allow":["GET"]}}],"collection":[{"href":"https:\/\/newlitehorticulture.com\/fr\/wp-json\/wp\/v2\/pages"}],"about":[{"href":"https:\/\/newlitehorticulture.com\/fr\/wp-json\/wp\/v2\/types\/page"}],"author":[{"embeddable":true,"href":"https:\/\/newlitehorticulture.com\/fr\/wp-json\/wp\/v2\/users\/1"}],"replies":[{"embeddable":true,"href":"https:\/\/newlitehorticulture.com\/fr\/wp-json\/wp\/v2\/comments?post=26616"}],"version-history":[{"count":16,"href":"https:\/\/newlitehorticulture.com\/fr\/wp-json\/wp\/v2\/pages\/26616\/revisions"}],"predecessor-version":[{"id":29916,"href":"https:\/\/newlitehorticulture.com\/fr\/wp-json\/wp\/v2\/pages\/26616\/revisions\/29916"}],"wp:attachment":[{"href":"https:\/\/newlitehorticulture.com\/fr\/wp-json\/wp\/v2\/media?parent=26616"}],"curies":[{"name":"wp","href":"https:\/\/api.w.org\/{rel}","templated":true}]}}