{"id":30221,"date":"2023-01-15T08:45:51","date_gmt":"2023-01-15T07:45:51","guid":{"rendered":"https:\/\/newlitehorticulture.com\/?post_type=product&#038;p=30221"},"modified":"2023-01-23T11:14:33","modified_gmt":"2023-01-23T10:14:33","slug":"luminaria-newlite-indoorled-vb-8b-1700p-630w","status":"publish","type":"product","link":"https:\/\/newlitehorticulture.com\/es\/producto\/luminaria-newlite-indoorled-vb-8b-1700p-630w\/","title":{"rendered":"Newlite IndoorLED VB 8B 1700P 630W"},"content":{"rendered":"<p>Las luminarias <strong>Newlite LED IndoorLED VB 8B 1700P 630W<\/strong> son equipos de iluminaci\u00f3n LED para aplicaciones de procesos vegetativos y de floraci\u00f3n.<\/p>\n<p>Esta versi\u00f3n de 8 barras ofrece la misma potencia que la versi\u00f3n de 6 barras, por tanto, la potencia por barra es menor. Esto reduce la temperatura en la superficie de disipaci\u00f3n de cada barra, lo cual aumenta considerablemente la estabilidad y el ciclo de vida de los equipos LED.<\/p>\n<p>Cubren un \u00e1rea de cultivo de 120 cm x 120 cm. A una altura entre 25 cm y 40 cm sobre la parte superior de las plantas, entregando una intensidad en el rango de los 900 \u00b5mol\/m\u00b2s de PPFD, aumentando a los 1200 \u00b5mol\/m\u00b2s de PPFD cuando se usan varias unidades agrupadas.<\/p>\n<p><strong>Newlite LED IndoorLED VB 8B 1700P 630W <\/strong>est\u00e1 construido en aluminio. El calor producido por los LED es disipado t\u00e9rmicamente mediante barras de aluminio, las cuales mantienen una eficiente transferencia y disipaci\u00f3n t\u00e9rmica de forma pasiva, sin el uso de ventiladores, eliminando ruido y optimizando m\u00e1s a\u00fan el consumo el\u00e9ctrico. Este sistema de disipaci\u00f3n pasiva elimina posibles fallos, cuidando la temperatura cr\u00edtica de los LED para una larga vida de uso a niveles \u00f3ptimos.<\/p>\n<p>Sus conexiones IP66 garantizan la seguridad y protecci\u00f3n en entornos de cultivo de alta humedad.<\/p>\n<p><strong>Newlite LED IndoorLED VB 8B 1700P 630W<\/strong> y todos sus accesorios cumplen con la certificaci\u00f3n UL8800 necesaria para cultivos profesionales donde se requieran certificaciones GACP y GMP.<\/p>\n","protected":false},"excerpt":{"rendered":"<p>Las luminarias Newlite LED IndoorLED VB 8B 1700P 630W son equipos de iluminaci\u00f3n LED para aplicaciones de procesos vegetativos y de floraci\u00f3n. Esta versi\u00f3n de 8 barras ofrece la misma potencia que la versi\u00f3n de 6 barras, por tanto, la potencia por barra es menor. Esto reduce la temperatura en la superficie de disipaci\u00f3n de [&hellip;]<\/p>\n","protected":false},"featured_media":30252,"template":"","meta":{"_et_pb_use_builder":"off","_et_pb_old_content":"Las luminarias <strong>Newlite LED IndoorLED VB 6B 1700P 630W<\/strong> son equipos de iluminaci\u00f3n LED para aplicaciones de procesos vegetativos y de floraci\u00f3n.\n\nCubren un \u00e1rea de cultivo de 120cm x 120cm. A una altura entre 25 cm y 40 cm sobre la parte superior de las plantas, entregando una intensidad en el rango de los 900 \u00b5mol \u00b7 s\/m\u00b2 de PPFD, aumentando a los 1200 \u00b5mol \u00b7 s\/m\u00b2 de PPFD cuando se usan varias unidades.\n\nConstrucci\u00f3n en Aluminio. El calor producido por los LED es disipado t\u00e9rmicamente mediante barras de aluminio, las cuales mantienen una eficiente transferencia y disipaci\u00f3n t\u00e9rmica de forma pasiva, sin el uso de ventiladores, eliminando ruido y optimizando m\u00e1s a\u00fan el consumo el\u00e9ctrico. Este sistema de disipaci\u00f3n pasiva elimina posibles fallos, cuidando la temperatura cr\u00edtica de los LED para una larga vida de uso a niveles \u00f3ptimos.\n\nSus conexiones IP66 garantizan la seguridad y protecci\u00f3n en entornos de cultivo de alta humedad.","_et_gb_content_width":""},"product_brand":[],"product_cat":[116,112],"product_tag":[],"class_list":{"0":"post-30221","1":"product","2":"type-product","3":"status-publish","4":"has-post-thumbnail","6":"product_cat-luminarias","7":"product_cat-led-es","9":"first","10":"instock","11":"shipping-taxable","12":"product-type-simple"},"acf":[],"aioseo_notices":[],"_links":{"self":[{"href":"https:\/\/newlitehorticulture.com\/es\/wp-json\/wp\/v2\/product\/30221","targetHints":{"allow":["GET"]}}],"collection":[{"href":"https:\/\/newlitehorticulture.com\/es\/wp-json\/wp\/v2\/product"}],"about":[{"href":"https:\/\/newlitehorticulture.com\/es\/wp-json\/wp\/v2\/types\/product"}],"wp:featuredmedia":[{"embeddable":true,"href":"https:\/\/newlitehorticulture.com\/es\/wp-json\/wp\/v2\/media\/30252"}],"wp:attachment":[{"href":"https:\/\/newlitehorticulture.com\/es\/wp-json\/wp\/v2\/media?parent=30221"}],"wp:term":[{"taxonomy":"product_brand","embeddable":true,"href":"https:\/\/newlitehorticulture.com\/es\/wp-json\/wp\/v2\/product_brand?post=30221"},{"taxonomy":"product_cat","embeddable":true,"href":"https:\/\/newlitehorticulture.com\/es\/wp-json\/wp\/v2\/product_cat?post=30221"},{"taxonomy":"product_tag","embeddable":true,"href":"https:\/\/newlitehorticulture.com\/es\/wp-json\/wp\/v2\/product_tag?post=30221"}],"curies":[{"name":"wp","href":"https:\/\/api.w.org\/{rel}","templated":true}]}}