{"id":28111,"date":"2022-09-22T14:20:26","date_gmt":"2022-09-22T13:20:26","guid":{"rendered":"https:\/\/newlitehorticulture.com\/product\/luminaria-newlite-indoorled-vb-6b-1700p-630w\/"},"modified":"2023-01-15T20:27:36","modified_gmt":"2023-01-15T19:27:36","slug":"luminaria-newlite-indoorled-vb-6b-1700p-630w","status":"publish","type":"product","link":"https:\/\/newlitehorticulture.com\/es\/producto\/luminaria-newlite-indoorled-vb-6b-1700p-630w\/","title":{"rendered":"Newlite IndoorLED VB 6B 1700P 630W"},"content":{"rendered":"<p>Las luminarias <strong>Newlite LED IndoorLED VB 6B 1700P 630W<\/strong> son equipos de iluminaci\u00f3n LED para aplicaciones de procesos vegetativos y de floraci\u00f3n.<\/p>\n<p>Cubren un \u00e1rea de cultivo de 120cm x 120cm. A una altura entre 25 cm y 40 cm sobre la parte superior de las plantas, entregando una intensidad en el rango de los 900 \u00b5mol \u00b7 s\/m\u00b2 de PPFD, aumentando a los 1200 \u00b5mol \u00b7 s\/m\u00b2 de PPFD cuando se usan varias unidades.<\/p>\n<p>Construcci\u00f3n en Aluminio. El calor producido por los LED es disipado t\u00e9rmicamente mediante barras de aluminio, las cuales mantienen una eficiente transferencia y disipaci\u00f3n t\u00e9rmica de forma pasiva, sin el uso de ventiladores, eliminando ruido y optimizando m\u00e1s a\u00fan el consumo el\u00e9ctrico. Este sistema de disipaci\u00f3n pasiva elimina posibles fallos, cuidando la temperatura cr\u00edtica de los LED para una larga vida de uso a niveles \u00f3ptimos.<\/p>\n<p>Sus conexiones IP66 garantizan la seguridad y protecci\u00f3n en entornos de cultivo de alta humedad.<\/p>\n","protected":false},"excerpt":{"rendered":"<p>Las luminarias Newlite LED IndoorLED VB 6B 1700P 630W son equipos de iluminaci\u00f3n LED para aplicaciones de procesos vegetativos y de floraci\u00f3n. Cubren un \u00e1rea de cultivo de 120cm x 120cm. A una altura entre 25 cm y 40 cm sobre la parte superior de las plantas, entregando una intensidad en el rango de los [&hellip;]<\/p>\n","protected":false},"featured_media":26418,"template":"","meta":{"_et_pb_use_builder":"off","_et_pb_old_content":"Las luminarias <strong>Newlite LED IndoorLED VB 6B 1700P 630W<\/strong> son equipos de iluminaci\u00f3n LED para aplicaciones de procesos vegetativos y de floraci\u00f3n.\n\nCubren un \u00e1rea de cultivo de 120cm x 120cm. A una altura entre 25 cm y 40 cm sobre la parte superior de las plantas, entregando una intensidad en el rango de los 900 \u00b5mol \u00b7 s\/m\u00b2 de PPFD, aumentando a los 1200 \u00b5mol \u00b7 s\/m\u00b2 de PPFD cuando se usan varias unidades.\n\nConstrucci\u00f3n en Aluminio. El calor producido por los LED es disipado t\u00e9rmicamente mediante barras de aluminio, las cuales mantienen una eficiente transferencia y disipaci\u00f3n t\u00e9rmica de forma pasiva, sin el uso de ventiladores, eliminando ruido y optimizando m\u00e1s a\u00fan el consumo el\u00e9ctrico. Este sistema de disipaci\u00f3n pasiva elimina posibles fallos, cuidando la temperatura cr\u00edtica de los LED para una larga vida de uso a niveles \u00f3ptimos.\n\nSus conexiones IP66 garantizan la seguridad y protecci\u00f3n en entornos de cultivo de alta humedad.","_et_gb_content_width":""},"product_brand":[],"product_cat":[116,112],"product_tag":[],"class_list":{"0":"post-28111","1":"product","2":"type-product","3":"status-publish","4":"has-post-thumbnail","6":"product_cat-luminarias","7":"product_cat-led-es","9":"first","10":"instock","11":"shipping-taxable","12":"product-type-simple"},"acf":[],"aioseo_notices":[],"_links":{"self":[{"href":"https:\/\/newlitehorticulture.com\/es\/wp-json\/wp\/v2\/product\/28111","targetHints":{"allow":["GET"]}}],"collection":[{"href":"https:\/\/newlitehorticulture.com\/es\/wp-json\/wp\/v2\/product"}],"about":[{"href":"https:\/\/newlitehorticulture.com\/es\/wp-json\/wp\/v2\/types\/product"}],"wp:featuredmedia":[{"embeddable":true,"href":"https:\/\/newlitehorticulture.com\/es\/wp-json\/wp\/v2\/media\/26418"}],"wp:attachment":[{"href":"https:\/\/newlitehorticulture.com\/es\/wp-json\/wp\/v2\/media?parent=28111"}],"wp:term":[{"taxonomy":"product_brand","embeddable":true,"href":"https:\/\/newlitehorticulture.com\/es\/wp-json\/wp\/v2\/product_brand?post=28111"},{"taxonomy":"product_cat","embeddable":true,"href":"https:\/\/newlitehorticulture.com\/es\/wp-json\/wp\/v2\/product_cat?post=28111"},{"taxonomy":"product_tag","embeddable":true,"href":"https:\/\/newlitehorticulture.com\/es\/wp-json\/wp\/v2\/product_tag?post=28111"}],"curies":[{"name":"wp","href":"https:\/\/api.w.org\/{rel}","templated":true}]}}