{"id":28109,"date":"2022-10-01T12:47:26","date_gmt":"2022-10-01T11:47:26","guid":{"rendered":"https:\/\/newlitehorticulture.com\/product\/luminaria-newlite-indoorled-c-225p-100w\/"},"modified":"2023-01-15T20:26:05","modified_gmt":"2023-01-15T19:26:05","slug":"luminaria-newlite-indoorled-c-225p-100w","status":"publish","type":"product","link":"https:\/\/newlitehorticulture.com\/es\/producto\/luminaria-newlite-indoorled-c-225p-100w\/","title":{"rendered":"Newlite IndoorLED C 225P 100W"},"content":{"rendered":"<p>La <strong>luminaria Newlite IndoorLED C 225P 100W<\/strong> es un LED (Diodo Emisor de Luz) para clones, esquejes y semillas.<\/p>\n<p>Si necesitas un desarrollo \u00f3ptimo en las primeras fases de tus plantas, potenciando la generaci\u00f3n de ra\u00edces, reduciendo los tiempos de producci\u00f3n, elige equipos profesionales de iluminaci\u00f3n para cultivo vertical.<\/p>\n<p>La luminaria <strong>Newlite IndoorLED C 225P 100W<\/strong> es un m\u00f3dulo de iluminaci\u00f3n LED para estanter\u00edas con plantas en proceso de propagaci\u00f3n (clonaci\u00f3n o germinaci\u00f3n). Su espectro de luz es espec\u00edfico para potenciar la generaci\u00f3n de ra\u00edces en la planta.<\/p>\n<p>Su reducida altura de apenas 25 mm hace que sea perfectamente integrable en la mayor\u00eda de estanter\u00edas para esquejes. Adem\u00e1s cuenta con accesorios de montaje.<\/p>\n<p>Para proyectos a medida es posible personalizar la integraci\u00f3n de <strong>Newlite IndoorLED C 225P 100W<\/strong> en modelos de estanter\u00edas espec\u00edficos, tanto para salas de propagaci\u00f3n indoor como para Vertical Farming.<\/p>\n","protected":false},"excerpt":{"rendered":"<p>La luminaria Newlite IndoorLED C 225P 100W es un LED (Diodo Emisor de Luz) para clones, esquejes y semillas. Si necesitas un desarrollo \u00f3ptimo en las primeras fases de tus plantas, potenciando la generaci\u00f3n de ra\u00edces, reduciendo los tiempos de producci\u00f3n, elige equipos profesionales de iluminaci\u00f3n para cultivo vertical. La luminaria Newlite IndoorLED C 225P [&hellip;]<\/p>\n","protected":false},"featured_media":27302,"template":"","meta":{"_et_pb_use_builder":"","_et_pb_old_content":"","_et_gb_content_width":""},"product_brand":[],"product_cat":[116,112],"product_tag":[],"class_list":{"0":"post-28109","1":"product","2":"type-product","3":"status-publish","4":"has-post-thumbnail","6":"product_cat-luminarias","7":"product_cat-led-es","9":"first","10":"instock","11":"shipping-taxable","12":"product-type-simple"},"acf":[],"aioseo_notices":[],"_links":{"self":[{"href":"https:\/\/newlitehorticulture.com\/es\/wp-json\/wp\/v2\/product\/28109","targetHints":{"allow":["GET"]}}],"collection":[{"href":"https:\/\/newlitehorticulture.com\/es\/wp-json\/wp\/v2\/product"}],"about":[{"href":"https:\/\/newlitehorticulture.com\/es\/wp-json\/wp\/v2\/types\/product"}],"wp:featuredmedia":[{"embeddable":true,"href":"https:\/\/newlitehorticulture.com\/es\/wp-json\/wp\/v2\/media\/27302"}],"wp:attachment":[{"href":"https:\/\/newlitehorticulture.com\/es\/wp-json\/wp\/v2\/media?parent=28109"}],"wp:term":[{"taxonomy":"product_brand","embeddable":true,"href":"https:\/\/newlitehorticulture.com\/es\/wp-json\/wp\/v2\/product_brand?post=28109"},{"taxonomy":"product_cat","embeddable":true,"href":"https:\/\/newlitehorticulture.com\/es\/wp-json\/wp\/v2\/product_cat?post=28109"},{"taxonomy":"product_tag","embeddable":true,"href":"https:\/\/newlitehorticulture.com\/es\/wp-json\/wp\/v2\/product_tag?post=28109"}],"curies":[{"name":"wp","href":"https:\/\/api.w.org\/{rel}","templated":true}]}}