{"id":28107,"date":"2022-10-01T13:10:13","date_gmt":"2022-10-01T12:10:13","guid":{"rendered":"https:\/\/newlitehorticulture.com\/product\/luminaria-newlite-netsun-dc-400v-1000w\/"},"modified":"2023-01-14T20:09:14","modified_gmt":"2023-01-14T19:09:14","slug":"luminaria-newlite-netsun-dc-400v-1000w","status":"publish","type":"product","link":"https:\/\/newlitehorticulture.com\/es\/producto\/luminaria-newlite-netsun-dc-400v-1000w\/","title":{"rendered":"Luminaria Newlite NetSun DC 400V 1000W"},"content":{"rendered":"<p>La <strong>luminaria<\/strong> <strong>Newlite NetSun DC 400V 1000W<\/strong> est\u00e1 dise\u00f1ada para entornos m\u00e1s exigentes y profesionales. Su construcci\u00f3n 2.0 la convierte en un equipo robusto y de gran durabilidad en entornos de invernadero, d\u00f3nde la oscilaciones de temperatura y humedad ambiente pueden llegar a ser muy altas en poco tiempo Esta luminaria incorpora los \u00faltimos avances en el encendido de l\u00e1mparas de alta presi\u00f3n con el objetivo de obtener la m\u00e1xima eficiencia y durabilidad del equipo y de la l\u00e1mpara.<\/p>\n<p>Su reflector de posici\u00f3n cerrada est\u00e1 especialmente dise\u00f1ado para instalaciones con altura, donde la cota inferior del equipo est\u00e1 a m\u00e1s de 2,25 metros sobre la planta. Su aleaci\u00f3n de aluminio Europeo Vega95 garantiza una reflexi\u00f3n superior al 95%, lo que reduce considerablemente las p\u00e9rdidas de energ\u00eda en el flujo luminoso y por tanto en el consumo el\u00e9ctrico. Es posible elegir entre varios reflectores disponibles, eligiendo el m\u00e1s indicado para la instalaci\u00f3n.<\/p>\n<p>La posici\u00f3n vertical del balastro ofrece una mejor refrigeraci\u00f3n de los componentes, alargando su vida \u00fatil y aumentando la eficiencia energ\u00e9tica.<\/p>\n<p>Su tecnolog\u00eda en electr\u00f3nica se encarga de ofrecer siempre un rendimiento constante en la l\u00e1mpara por muchas fluctuaciones de tensi\u00f3n que tenga la red el\u00e9ctrica. Las plantas siempre recibir\u00e1 la misma potencia aunque haya alteraciones el\u00e9ctricas. Cuenta con un potente estabilizador de tensi\u00f3n en su interior.<\/p>\n<p>Las conexiones el\u00e9ctricas y de se\u00f1al se realizan en el interior de la luminaria con pasa-cables estancos, que junto a su construcci\u00f3n aseguran una m\u00e1xima protecci\u00f3n IP en el balastro del equipo.<\/p>\n<p><strong>Newlite NetSun DC<\/strong> regula la intensidad de las l\u00e1mparas entre un 50% y un 115% de su potencia nominal. Su conexi\u00f3n 0-10V permite la conexi\u00f3n de un controlador de se\u00f1al para realizar esta regulaci\u00f3n de forma agrupada de todo el grupo de luminarias conectado a la instalaci\u00f3n.<\/p>\n<p>La alta frecuencia de sus componentes genera un flujo continuo de energ\u00eda en la l\u00e1mpara, aumentando la vida \u00fatil de la l\u00e1mpara y mejorando la asimilaci\u00f3n de la luz en las plantas. Obtendr\u00e1 m\u00e1s luz de las l\u00e1mparas con un menor consumo de energ\u00eda.<\/p>\n<p><strong>Newlite NetSun DC est\u00e1 equipada con protecciones de tensi\u00f3n y protecciones de la l\u00e1mpara,<\/strong> si al encender la l\u00e1mpara est\u00e1 caliente, el sistema esperar\u00e1 unos minutos antes de encenderla autom\u00e1ticamente. Esto protege y alarga la vida \u00fatil de la l\u00e1mpara, evitando un desgaste por encendidos en caliente.<\/p>\n<p>Con la luminaria <strong>Newlite NetSun DC<\/strong> su cultivo ofrecer\u00e1 el m\u00e1ximo rendimiento.<\/p>\n","protected":false},"excerpt":{"rendered":"<p>La luminaria Newlite NetSun DC 400V 1000W est\u00e1 dise\u00f1ada para entornos m\u00e1s exigentes y profesionales. Su construcci\u00f3n 2.0 la convierte en un equipo robusto y de gran durabilidad en entornos de invernadero, d\u00f3nde la oscilaciones de temperatura y humedad ambiente pueden llegar a ser muy altas en poco tiempo Esta luminaria incorpora los \u00faltimos avances [&hellip;]<\/p>\n","protected":false},"featured_media":30118,"template":"","meta":{"_et_pb_use_builder":"","_et_pb_old_content":"","_et_gb_content_width":""},"product_brand":[],"product_cat":[116,110],"product_tag":[],"class_list":{"0":"post-28107","1":"product","2":"type-product","3":"status-publish","4":"has-post-thumbnail","6":"product_cat-luminarias","7":"product_cat-hps-es","9":"first","10":"instock","11":"shipping-taxable","12":"product-type-simple"},"acf":[],"aioseo_notices":[],"_links":{"self":[{"href":"https:\/\/newlitehorticulture.com\/es\/wp-json\/wp\/v2\/product\/28107","targetHints":{"allow":["GET"]}}],"collection":[{"href":"https:\/\/newlitehorticulture.com\/es\/wp-json\/wp\/v2\/product"}],"about":[{"href":"https:\/\/newlitehorticulture.com\/es\/wp-json\/wp\/v2\/types\/product"}],"wp:featuredmedia":[{"embeddable":true,"href":"https:\/\/newlitehorticulture.com\/es\/wp-json\/wp\/v2\/media\/30118"}],"wp:attachment":[{"href":"https:\/\/newlitehorticulture.com\/es\/wp-json\/wp\/v2\/media?parent=28107"}],"wp:term":[{"taxonomy":"product_brand","embeddable":true,"href":"https:\/\/newlitehorticulture.com\/es\/wp-json\/wp\/v2\/product_brand?post=28107"},{"taxonomy":"product_cat","embeddable":true,"href":"https:\/\/newlitehorticulture.com\/es\/wp-json\/wp\/v2\/product_cat?post=28107"},{"taxonomy":"product_tag","embeddable":true,"href":"https:\/\/newlitehorticulture.com\/es\/wp-json\/wp\/v2\/product_tag?post=28107"}],"curies":[{"name":"wp","href":"https:\/\/api.w.org\/{rel}","templated":true}]}}