{"id":28104,"date":"2022-10-01T20:05:53","date_gmt":"2022-10-01T19:05:53","guid":{"rendered":"https:\/\/newlitehorticulture.com\/product\/luminaria-newlite-hps-adjust-2-0-1000-w\/"},"modified":"2023-01-14T20:14:30","modified_gmt":"2023-01-14T19:14:30","slug":"luminaria-newlite-hps-adjust-2-0-1000-w","status":"publish","type":"product","link":"https:\/\/newlitehorticulture.com\/es\/producto\/luminaria-newlite-hps-adjust-2-0-1000-w\/","title":{"rendered":"Luminaria Newlite HPS Adjust 2.0 1000 W"},"content":{"rendered":"<p>La <strong>luminaria Newlite Adjust 2.0<\/strong> es la evoluci\u00f3n de su antecesora Adjust. En ella se han incorporado los \u00faltimos avances en el encendido de l\u00e1mparas de alta presi\u00f3n con el objetivo de obtener la m\u00e1xima eficiencia y durabilidad del equipo.<\/p>\n<p>Su reflector ajustable en 3 posiciones se adapta a todos los escenarios de cultivo, permitiendo concentrar la luz en instalaciones de mucha altura con su posici\u00f3n cerrada, o cubrir una mayor superficie en su posici\u00f3n m\u00e1s abierta. El aluminio usado en su construcci\u00f3n es Vega95 de calidad Europea, para as\u00ed tener la menor p\u00e9rdida en la luz generada por la l\u00e1mpara.<\/p>\n<p>La posici\u00f3n vertical del balastro ofrece una mejor refrigeraci\u00f3n de los componentes, alargando su vida \u00fatil y aumentando la eficiencia energ\u00e9tica.<\/p>\n<p>Su tecnolog\u00eda en electr\u00f3nica se encarga de ofrecer siempre un rendimiento constante en la l\u00e1mpara por muchas fluctuaciones de tensi\u00f3n que tenga la red el\u00e9ctrica. Las plantas siempre recibir\u00e1 la misma potencia aunque haya alteraciones el\u00e9ctricas. Cuenta con un potente estabilizador de tensi\u00f3n en su interior.<\/p>\n<p>El selector manual de potencia permite elegir entre diferentes potencias, o en la posici\u00f3n EXT delega la gesti\u00f3n de potencia y encendido en el controlador externo.<\/p>\n<p>La alta frecuencia de sus componentes genera un flujo continuo de energ\u00eda en la l\u00e1mpara, aumentando la vida \u00fatil de la l\u00e1mpara y mejorando la asimilaci\u00f3n de la luz en las plantas. Obtendr\u00e1 m\u00e1s luz de las l\u00e1mparas con un menor consumo de energ\u00eda.<\/p>\n<p><strong>Newlite Adjust 2.0<\/strong> est\u00e1 equipada con protecciones de tensi\u00f3n y protecciones de la l\u00e1mpara, si al encender la l\u00e1mpara est\u00e1 caliente, el sistema esperar\u00e1 unos minutos antes de encenderla autom\u00e1ticamente. Esto protege y alarga la vida \u00fatil de la l\u00e1mpara, evitando un desgaste por encendidos en caliente. Dispone de un conector para su gesti\u00f3n centralizada.<\/p>\n<p>Muy \u00fatil en instalaciones de mediano o gran tama\u00f1o. Desde un controlador es posible gestionar el encendido y apagado de todo el grupo de luminarias. Su LED de estado en 3 colores,ofrecer informaci\u00f3n sobre el estado de la luminaria,<\/p>\n<p>errores de encendido, o el fin de vida de la l\u00e1mpara.<\/p>\n<p>Con la luminaria <strong>Newlite Adjust 2.0<\/strong> su cultivo ofrecer\u00e1 el m\u00e1ximo rendimiento.<\/p>\n","protected":false},"excerpt":{"rendered":"<p>La luminaria Newlite Adjust 2.0 es la evoluci\u00f3n de su antecesora Adjust. En ella se han incorporado los \u00faltimos avances en el encendido de l\u00e1mparas de alta presi\u00f3n con el objetivo de obtener la m\u00e1xima eficiencia y durabilidad del equipo. Su reflector ajustable en 3 posiciones se adapta a todos los escenarios de cultivo, permitiendo [&hellip;]<\/p>\n","protected":false},"featured_media":27350,"template":"","meta":{"_et_pb_use_builder":"","_et_pb_old_content":"","_et_gb_content_width":""},"product_brand":[],"product_cat":[116,110],"product_tag":[],"class_list":{"0":"post-28104","1":"product","2":"type-product","3":"status-publish","4":"has-post-thumbnail","6":"product_cat-luminarias","7":"product_cat-hps-es","9":"first","10":"instock","11":"shipping-taxable","12":"product-type-simple"},"acf":[],"aioseo_notices":[],"_links":{"self":[{"href":"https:\/\/newlitehorticulture.com\/es\/wp-json\/wp\/v2\/product\/28104","targetHints":{"allow":["GET"]}}],"collection":[{"href":"https:\/\/newlitehorticulture.com\/es\/wp-json\/wp\/v2\/product"}],"about":[{"href":"https:\/\/newlitehorticulture.com\/es\/wp-json\/wp\/v2\/types\/product"}],"wp:featuredmedia":[{"embeddable":true,"href":"https:\/\/newlitehorticulture.com\/es\/wp-json\/wp\/v2\/media\/27350"}],"wp:attachment":[{"href":"https:\/\/newlitehorticulture.com\/es\/wp-json\/wp\/v2\/media?parent=28104"}],"wp:term":[{"taxonomy":"product_brand","embeddable":true,"href":"https:\/\/newlitehorticulture.com\/es\/wp-json\/wp\/v2\/product_brand?post=28104"},{"taxonomy":"product_cat","embeddable":true,"href":"https:\/\/newlitehorticulture.com\/es\/wp-json\/wp\/v2\/product_cat?post=28104"},{"taxonomy":"product_tag","embeddable":true,"href":"https:\/\/newlitehorticulture.com\/es\/wp-json\/wp\/v2\/product_tag?post=28104"}],"curies":[{"name":"wp","href":"https:\/\/api.w.org\/{rel}","templated":true}]}}