{"id":28095,"date":"2022-10-01T21:47:02","date_gmt":"2022-10-01T20:47:02","guid":{"rendered":"https:\/\/newlitehorticulture.com\/product\/lampara-newlite-pro-hps-1000w-de-2100ppf\/"},"modified":"2023-01-15T14:12:12","modified_gmt":"2023-01-15T13:12:12","slug":"lampara-newlite-pro-hps-1000w-de-2100ppf","status":"publish","type":"product","link":"https:\/\/newlitehorticulture.com\/es\/producto\/lampara-newlite-pro-hps-1000w-de-2100ppf\/","title":{"rendered":"Newlite Pro HPS 1000W DE 2100PPF"},"content":{"rendered":"<p>La l\u00e1mpara <strong>Newlite PRO HPS 1000W DE 2100 PPF<\/strong> presenta las m\u00e1s avanzadas t\u00e9cnicas de manufactura e investigaci\u00f3n sobre mezcla de gases, especial para cultivos de plantas de alto rendimiento.<\/p>\n<p><strong>Newlite PRO HPS 1000W DE 2100 PPF<\/strong> ofrece un pico de rojo lejano en los 760nm, fuera de la medici\u00f3n PPF, pero dentro de la medici\u00f3n YPF. Entregando una intensidad fotosint\u00e9tica total YPF de 2.337 \u03bcmol\/s para un mejor desarrollo en la floraci\u00f3n y fructificaci\u00f3n de las plantas.<\/p>\n<p><strong>Newlite Pro HPS 1000 W DE 2100 PPF<\/strong> permite usar mayor intensidad con el mismo consumo de energ\u00eda, aumentando el rendimiento del cultivo con los mismos costes de energ\u00eda en la misma superficie.<\/p>\n","protected":false},"excerpt":{"rendered":"<p>La l\u00e1mpara Newlite PRO HPS 1000W DE 2100 PPF presenta las m\u00e1s avanzadas t\u00e9cnicas de manufactura e investigaci\u00f3n sobre mezcla de gases, especial para cultivos de plantas de alto rendimiento. Newlite PRO HPS 1000W DE 2100 PPF ofrece un pico de rojo lejano en los 760nm, fuera de la medici\u00f3n PPF, pero dentro de la [&hellip;]<\/p>\n","protected":false},"featured_media":27386,"template":"","meta":{"_et_pb_use_builder":"","_et_pb_old_content":"","_et_gb_content_width":""},"product_brand":[],"product_cat":[114,110],"product_tag":[],"class_list":{"0":"post-28095","1":"product","2":"type-product","3":"status-publish","4":"has-post-thumbnail","6":"product_cat-lamparas","7":"product_cat-hps-es","9":"first","10":"instock","11":"shipping-taxable","12":"product-type-simple"},"acf":[],"aioseo_notices":[],"_links":{"self":[{"href":"https:\/\/newlitehorticulture.com\/es\/wp-json\/wp\/v2\/product\/28095","targetHints":{"allow":["GET"]}}],"collection":[{"href":"https:\/\/newlitehorticulture.com\/es\/wp-json\/wp\/v2\/product"}],"about":[{"href":"https:\/\/newlitehorticulture.com\/es\/wp-json\/wp\/v2\/types\/product"}],"wp:featuredmedia":[{"embeddable":true,"href":"https:\/\/newlitehorticulture.com\/es\/wp-json\/wp\/v2\/media\/27386"}],"wp:attachment":[{"href":"https:\/\/newlitehorticulture.com\/es\/wp-json\/wp\/v2\/media?parent=28095"}],"wp:term":[{"taxonomy":"product_brand","embeddable":true,"href":"https:\/\/newlitehorticulture.com\/es\/wp-json\/wp\/v2\/product_brand?post=28095"},{"taxonomy":"product_cat","embeddable":true,"href":"https:\/\/newlitehorticulture.com\/es\/wp-json\/wp\/v2\/product_cat?post=28095"},{"taxonomy":"product_tag","embeddable":true,"href":"https:\/\/newlitehorticulture.com\/es\/wp-json\/wp\/v2\/product_tag?post=28095"}],"curies":[{"name":"wp","href":"https:\/\/api.w.org\/{rel}","templated":true}]}}