{"id":28093,"date":"2022-10-01T21:53:03","date_gmt":"2022-10-01T20:53:03","guid":{"rendered":"https:\/\/newlitehorticulture.com\/product\/lampara-newlite-hps-1000w-de\/"},"modified":"2023-01-15T20:24:33","modified_gmt":"2023-01-15T19:24:33","slug":"lampara-newlite-hps-1000w-de","status":"publish","type":"product","link":"https:\/\/newlitehorticulture.com\/es\/producto\/lampara-newlite-hps-1000w-de\/","title":{"rendered":"Newlite HPS 1000W DE"},"content":{"rendered":"<p>La l\u00e1mpara <strong>Newlite HPS 1000W Double-Ended<\/strong> (DE) es la opci\u00f3n m\u00e1s recomendada para maximizar el resultado de las cosechas, gracias a su gran rendimiento y su espectro equilibrado.<\/p>\n<p>Las l\u00e1mparas <strong>Newlite HPS 1000W DE<\/strong> ofrecen un rendimiento muy superior a las l\u00e1mparas con portal\u00e1mparas E40. Hasta un 30% de m\u00e1s intensidad de luz us\u00e1ndola con balastros electr\u00f3nicos. Lo que permite reducir considerablemente el consumo total de la instalaci\u00f3n y un resultado superior en la cosecha.<\/p>\n","protected":false},"excerpt":{"rendered":"<p>La l\u00e1mpara Newlite HPS 1000W Double-Ended (DE) es la opci\u00f3n m\u00e1s recomendada para maximizar el resultado de las cosechas, gracias a su gran rendimiento y su espectro equilibrado. Las l\u00e1mparas Newlite HPS 1000W DE ofrecen un rendimiento muy superior a las l\u00e1mparas con portal\u00e1mparas E40. Hasta un 30% de m\u00e1s intensidad de luz us\u00e1ndola con [&hellip;]<\/p>\n","protected":false},"featured_media":27426,"template":"","meta":{"_et_pb_use_builder":"","_et_pb_old_content":"","_et_gb_content_width":""},"product_brand":[],"product_cat":[114,110],"product_tag":[],"class_list":{"0":"post-28093","1":"product","2":"type-product","3":"status-publish","4":"has-post-thumbnail","6":"product_cat-lamparas","7":"product_cat-hps-es","9":"first","10":"instock","11":"shipping-taxable","12":"product-type-simple"},"acf":[],"aioseo_notices":[],"_links":{"self":[{"href":"https:\/\/newlitehorticulture.com\/es\/wp-json\/wp\/v2\/product\/28093","targetHints":{"allow":["GET"]}}],"collection":[{"href":"https:\/\/newlitehorticulture.com\/es\/wp-json\/wp\/v2\/product"}],"about":[{"href":"https:\/\/newlitehorticulture.com\/es\/wp-json\/wp\/v2\/types\/product"}],"wp:featuredmedia":[{"embeddable":true,"href":"https:\/\/newlitehorticulture.com\/es\/wp-json\/wp\/v2\/media\/27426"}],"wp:attachment":[{"href":"https:\/\/newlitehorticulture.com\/es\/wp-json\/wp\/v2\/media?parent=28093"}],"wp:term":[{"taxonomy":"product_brand","embeddable":true,"href":"https:\/\/newlitehorticulture.com\/es\/wp-json\/wp\/v2\/product_brand?post=28093"},{"taxonomy":"product_cat","embeddable":true,"href":"https:\/\/newlitehorticulture.com\/es\/wp-json\/wp\/v2\/product_cat?post=28093"},{"taxonomy":"product_tag","embeddable":true,"href":"https:\/\/newlitehorticulture.com\/es\/wp-json\/wp\/v2\/product_tag?post=28093"}],"curies":[{"name":"wp","href":"https:\/\/api.w.org\/{rel}","templated":true}]}}