{"id":28091,"date":"2022-10-01T22:00:10","date_gmt":"2022-10-01T21:00:10","guid":{"rendered":"https:\/\/newlitehorticulture.com\/product\/lampara-newlite-hps-2-0-600w-e40\/"},"modified":"2023-01-15T20:23:16","modified_gmt":"2023-01-15T19:23:16","slug":"lampara-newlite-hps-2-0-600w-e40","status":"publish","type":"product","link":"https:\/\/newlitehorticulture.com\/es\/producto\/lampara-newlite-hps-2-0-600w-e40\/","title":{"rendered":"Newlite HPS 2.0 600W E40"},"content":{"rendered":"<p>La l\u00e1mpara <strong>Newlite HPS 2.0 600W E40<\/strong> presenta las m\u00e1s avanzadas t\u00e9cnicas de manufactura e investigaci\u00f3n sobre mezcla de gases, especial para cultivos de plantas de alto rendimiento.<\/p>\n<p><strong>Newlite HPS 2.0 600W E40<\/strong> ofrece un pico de rojo lejano en los 760nm, fuera de la medici\u00f3n PPF, pero dentro de la medici\u00f3n YPF. Entregando una intensidad fotosint\u00e9tica total YPF de 1155 \u03bcmol\/s para un mejor desarrollo en la floraci\u00f3n y fructificaci\u00f3n de las plantas.<\/p>\n<p><strong>Newlite HPS 2.0 600W E40<\/strong> permite utilizar m\u00e1s intensidad con el mismo consumo, aumentando el rendimiento de su cultivo con los mismos costes de energ\u00eda y en el mismo \u00e1rea.<\/p>\n","protected":false},"excerpt":{"rendered":"<p>La l\u00e1mpara Newlite HPS 2.0 600W E40 presenta las m\u00e1s avanzadas t\u00e9cnicas de manufactura e investigaci\u00f3n sobre mezcla de gases, especial para cultivos de plantas de alto rendimiento. Newlite HPS 2.0 600W E40 ofrece un pico de rojo lejano en los 760nm, fuera de la medici\u00f3n PPF, pero dentro de la medici\u00f3n YPF. Entregando una [&hellip;]<\/p>\n","protected":false},"featured_media":27454,"template":"","meta":{"_et_pb_use_builder":"","_et_pb_old_content":"","_et_gb_content_width":""},"product_brand":[],"product_cat":[114,110],"product_tag":[],"class_list":{"0":"post-28091","1":"product","2":"type-product","3":"status-publish","4":"has-post-thumbnail","6":"product_cat-lamparas","7":"product_cat-hps-es","9":"first","10":"instock","11":"shipping-taxable","12":"product-type-simple"},"acf":[],"aioseo_notices":[],"_links":{"self":[{"href":"https:\/\/newlitehorticulture.com\/es\/wp-json\/wp\/v2\/product\/28091","targetHints":{"allow":["GET"]}}],"collection":[{"href":"https:\/\/newlitehorticulture.com\/es\/wp-json\/wp\/v2\/product"}],"about":[{"href":"https:\/\/newlitehorticulture.com\/es\/wp-json\/wp\/v2\/types\/product"}],"wp:featuredmedia":[{"embeddable":true,"href":"https:\/\/newlitehorticulture.com\/es\/wp-json\/wp\/v2\/media\/27454"}],"wp:attachment":[{"href":"https:\/\/newlitehorticulture.com\/es\/wp-json\/wp\/v2\/media?parent=28091"}],"wp:term":[{"taxonomy":"product_brand","embeddable":true,"href":"https:\/\/newlitehorticulture.com\/es\/wp-json\/wp\/v2\/product_brand?post=28091"},{"taxonomy":"product_cat","embeddable":true,"href":"https:\/\/newlitehorticulture.com\/es\/wp-json\/wp\/v2\/product_cat?post=28091"},{"taxonomy":"product_tag","embeddable":true,"href":"https:\/\/newlitehorticulture.com\/es\/wp-json\/wp\/v2\/product_tag?post=28091"}],"curies":[{"name":"wp","href":"https:\/\/api.w.org\/{rel}","templated":true}]}}