{"id":28089,"date":"2022-10-01T22:05:22","date_gmt":"2022-10-01T21:05:22","guid":{"rendered":"https:\/\/newlitehorticulture.com\/product\/lampara-newlite-pro-auvl-hps-600w-e40-230v\/"},"modified":"2023-01-26T09:03:46","modified_gmt":"2023-01-26T08:03:46","slug":"lampara-newlite-pro-hps-600w-e40-230v","status":"publish","type":"product","link":"https:\/\/newlitehorticulture.com\/es\/producto\/lampara-newlite-pro-hps-600w-e40-230v\/","title":{"rendered":"Newlite PRO HPS 600W E40"},"content":{"rendered":"<p>En la l\u00e1mpara <strong>Newlite PRO HPS 600W E40<\/strong>\u00a0la corriente el\u00e9ctrica se descarga a trav\u00e9s de una ampolla que contiene vapor de sodio en alta presi\u00f3n junto a otra mezcla de gases. Resulta una luz de gran intensidad y de amplio espectro, ideal para iluminar cualquier fase de tu cultivo indoor.<\/p>\n<p><strong>Newlite PRO HPS 600W E40 <\/strong>es compatible con cualquier balastro, ya sea electr\u00f3nico o magn\u00e9tico. Gracias a su justa combinaci\u00f3n entre intensidad de l\u00famenes y temperatura de color, se promedian picos de azules, y rojos en su espectro para que tanto el crecimiento como la floraci\u00f3n sean vigorosos, pero especialmente, destaca en la fase final del cultivo, cuando se trata de engordar las flores o los frutos.<\/p>\n<p>Estas l\u00e1mparas son muy valoradas por los cultivadores de interior por su duraci\u00f3n y fiabilidad.<\/p>\n<p><strong>Newlite PRO HPS 600W E40 <\/strong>est\u00e1 especialmente dise\u00f1ada para una alta duraci\u00f3n y para potenciar la producci\u00f3n.<\/p>\n","protected":false},"excerpt":{"rendered":"<p>En la l\u00e1mpara Newlite PRO HPS 600W E40\u00a0la corriente el\u00e9ctrica se descarga a trav\u00e9s de una ampolla que contiene vapor de sodio en alta presi\u00f3n junto a otra mezcla de gases. Resulta una luz de gran intensidad y de amplio espectro, ideal para iluminar cualquier fase de tu cultivo indoor. Newlite PRO HPS 600W E40 [&hellip;]<\/p>\n","protected":false},"featured_media":30327,"template":"","meta":{"_et_pb_use_builder":"","_et_pb_old_content":"","_et_gb_content_width":""},"product_brand":[],"product_cat":[114,110],"product_tag":[],"class_list":{"0":"post-28089","1":"product","2":"type-product","3":"status-publish","4":"has-post-thumbnail","6":"product_cat-lamparas","7":"product_cat-hps-es","9":"first","10":"instock","11":"shipping-taxable","12":"product-type-simple"},"acf":[],"aioseo_notices":[],"_links":{"self":[{"href":"https:\/\/newlitehorticulture.com\/es\/wp-json\/wp\/v2\/product\/28089","targetHints":{"allow":["GET"]}}],"collection":[{"href":"https:\/\/newlitehorticulture.com\/es\/wp-json\/wp\/v2\/product"}],"about":[{"href":"https:\/\/newlitehorticulture.com\/es\/wp-json\/wp\/v2\/types\/product"}],"wp:featuredmedia":[{"embeddable":true,"href":"https:\/\/newlitehorticulture.com\/es\/wp-json\/wp\/v2\/media\/30327"}],"wp:attachment":[{"href":"https:\/\/newlitehorticulture.com\/es\/wp-json\/wp\/v2\/media?parent=28089"}],"wp:term":[{"taxonomy":"product_brand","embeddable":true,"href":"https:\/\/newlitehorticulture.com\/es\/wp-json\/wp\/v2\/product_brand?post=28089"},{"taxonomy":"product_cat","embeddable":true,"href":"https:\/\/newlitehorticulture.com\/es\/wp-json\/wp\/v2\/product_cat?post=28089"},{"taxonomy":"product_tag","embeddable":true,"href":"https:\/\/newlitehorticulture.com\/es\/wp-json\/wp\/v2\/product_tag?post=28089"}],"curies":[{"name":"wp","href":"https:\/\/api.w.org\/{rel}","templated":true}]}}