{"id":28087,"date":"2022-10-01T22:39:15","date_gmt":"2022-10-01T21:39:15","guid":{"rendered":"https:\/\/newlitehorticulture.com\/product\/lampara-newlite-cmh-lec-945w\/"},"modified":"2023-01-15T20:16:43","modified_gmt":"2023-01-15T19:16:43","slug":"lampara-cmh-lec-945w-newlite","status":"publish","type":"product","link":"https:\/\/newlitehorticulture.com\/es\/producto\/lampara-cmh-lec-945w-newlite\/","title":{"rendered":"Newlite CMH LEC 945W DE"},"content":{"rendered":"<p>Las l\u00e1mparas de halogenuro cer\u00e1mico met\u00e1lico <em>(<\/em>CMH) o LEC tienen una relaci\u00f3n de azules y rojos superior a otras l\u00e1mparas de alta presi\u00f3n de sodio (HPS) o halogenuro met\u00e1lico (MH). Esto hace que el proceso de crecimiento y floraci\u00f3n de las plantas sea m\u00e1s natural, ya que el espectro es m\u00e1s parecido a la luz solar.<\/p>\n<p>Las l\u00e1mparas <strong>Newlite CMH LEC 945W<\/strong> se instalan en reflectores de luminarias profesionales con portal\u00e1mparas de Doble Terminal (Double-Ended).<\/p>\n<p>Con esta l\u00e1mpara <strong>Newlite CMH LEC 945W<\/strong> obtendr\u00e1s un aumento en la calidad del producto final de tus plantas, ya que activa de forma natural los fenoles encargados de ofrecer lo mejor de la gen\u00e9tica.<\/p>\n<p>Requiere un balastro espec\u00edfico de baja frecuencia para l\u00e1mparas CMH LEC de 945W para obtener su m\u00e1ximo rendimiento, aunque tambi\u00e9n son compatibles con balastros de alta frecuencia.<\/p>\n<p>Las l\u00e1mparas con tecnolog\u00eda CMH LEC no deben ser reguladas a potencias diferentes a las que han sido dise\u00f1adas.<\/p>\n<p>Esta l\u00e1mpara est\u00e1 disponible en dos temperaturas de color diferentes:<\/p>\n<p>3000K indicada para procesos de desarrollo completo donde se potencia la floraci\u00f3n.<\/p>\n<p>4000K indicada para desarrollos completos donde se equilibra el proceso vegetativo con el de floraci\u00f3n.<\/p>\n<p>Ambas son l\u00e1mparas mixtas, con ellas se puede hacer el ciclo completo desde el enraizamiento o germinaci\u00f3n hasta el final de producci\u00f3n.<\/p>\n<p>Las l\u00e1mparas de CMH o LEC ofrecen un espectro de luz m\u00e1s homog\u00e9neo que las l\u00e1mparas de sodio. Esto favorece en gran medida un mejor desarrollo de los metabolitos secundarios: alcaloides, terpenos y fenoles.<\/p>\n","protected":false},"excerpt":{"rendered":"<p>Las l\u00e1mparas de halogenuro cer\u00e1mico met\u00e1lico (CMH) o LEC tienen una relaci\u00f3n de azules y rojos superior a otras l\u00e1mparas de alta presi\u00f3n de sodio (HPS) o halogenuro met\u00e1lico (MH). Esto hace que el proceso de crecimiento y floraci\u00f3n de las plantas sea m\u00e1s natural, ya que el espectro es m\u00e1s parecido a la luz [&hellip;]<\/p>\n","protected":false},"featured_media":27492,"template":"","meta":{"_et_pb_use_builder":"","_et_pb_old_content":"","_et_gb_content_width":""},"product_brand":[],"product_cat":[114,106],"product_tag":[],"class_list":{"0":"post-28087","1":"product","2":"type-product","3":"status-publish","4":"has-post-thumbnail","6":"product_cat-lamparas","7":"product_cat-cmh-es","9":"first","10":"instock","11":"shipping-taxable","12":"product-type-simple"},"acf":[],"aioseo_notices":[],"_links":{"self":[{"href":"https:\/\/newlitehorticulture.com\/es\/wp-json\/wp\/v2\/product\/28087","targetHints":{"allow":["GET"]}}],"collection":[{"href":"https:\/\/newlitehorticulture.com\/es\/wp-json\/wp\/v2\/product"}],"about":[{"href":"https:\/\/newlitehorticulture.com\/es\/wp-json\/wp\/v2\/types\/product"}],"wp:featuredmedia":[{"embeddable":true,"href":"https:\/\/newlitehorticulture.com\/es\/wp-json\/wp\/v2\/media\/27492"}],"wp:attachment":[{"href":"https:\/\/newlitehorticulture.com\/es\/wp-json\/wp\/v2\/media?parent=28087"}],"wp:term":[{"taxonomy":"product_brand","embeddable":true,"href":"https:\/\/newlitehorticulture.com\/es\/wp-json\/wp\/v2\/product_brand?post=28087"},{"taxonomy":"product_cat","embeddable":true,"href":"https:\/\/newlitehorticulture.com\/es\/wp-json\/wp\/v2\/product_cat?post=28087"},{"taxonomy":"product_tag","embeddable":true,"href":"https:\/\/newlitehorticulture.com\/es\/wp-json\/wp\/v2\/product_tag?post=28087"}],"curies":[{"name":"wp","href":"https:\/\/api.w.org\/{rel}","templated":true}]}}