{"id":28082,"date":"2022-10-02T18:46:39","date_gmt":"2022-10-02T17:46:39","guid":{"rendered":"https:\/\/newlitehorticulture.com\/product\/lampara-newlite-cmh-lec-600w-e40\/"},"modified":"2023-01-26T09:52:20","modified_gmt":"2023-01-26T08:52:20","slug":"lampara-newlite-cmh-lec-600w-e40","status":"publish","type":"product","link":"https:\/\/newlitehorticulture.com\/es\/producto\/lampara-newlite-cmh-lec-600w-e40\/","title":{"rendered":"Newlite CMH LEC 600W E40"},"content":{"rendered":"<p>Las l\u00e1mparas de Halogenuro Cer\u00e1mico Met\u00e1lico (CMH) o LEC tienen una relaci\u00f3n de azules y rojos superior a otras l\u00e1mparas de alta presi\u00f3n de sodio (HPS) o halogenuro met\u00e1lico (MH). Esto hace que el proceso de crecimiento y floraci\u00f3n de las plantas sea m\u00e1s natural, ya que el espectro es m\u00e1s parecido a la luz solar.<\/p>\n<p>Las l\u00e1mparas <strong>Newlite CMH LEC 600W<\/strong> se instalan en reflectores con rosca E40, haci\u00e9ndola compatible con el portal\u00e1mparas que habitualmente se usan en todos los reflectores de sodio. No necesita un adaptador para usar el mismo reflector.<\/p>\n<p>Es posible usar el balastro magn\u00e9tico o electr\u00f3nico (recomendable) que se usa para otras l\u00e1mparas de HPS o MH.<\/p>\n<p>Con esta l\u00e1mpara <strong>Newlite CMH LEC 600W<\/strong> obtendr\u00e1s un aumento en la calidad del producto final de tus plantas, ya que activa de forma natural los mejores compuestos ofrecidos por cada la gen\u00e9tica.<\/p>\n<p>Esta l\u00e1mpara est\u00e1 disponible en dos temperaturas de color diferentes:<\/p>\n<p><strong>3000K:<\/strong> indicada para procesos de desarrollo completo donde se potencia la floraci\u00f3n.<\/p>\n<p><strong>4000K:<\/strong> indicada para procesos de desarrollo completo donde se equilibra el proceso vegetativo con el de floraci\u00f3n.<\/p>\n<p>Ambas son l\u00e1mparas mixtas, con ellas se puede hacer el ciclo completo desde el enraizamiento o germinaci\u00f3n hasta el final de producci\u00f3n.<\/p>\n<p>Las l\u00e1mparas de CMH o LEC ofrecen un espectro de luz m\u00e1s homog\u00e9neo que las l\u00e1mparas de sodio. Esto favorece en gran medida un mejor desarrollo de los metabolitos secundarios: alcaloides (cannabinoides), terpenos y fenoles.<\/p>\n","protected":false},"excerpt":{"rendered":"<p>Las l\u00e1mparas de Halogenuro Cer\u00e1mico Met\u00e1lico (CMH) o LEC tienen una relaci\u00f3n de azules y rojos superior a otras l\u00e1mparas de alta presi\u00f3n de sodio (HPS) o halogenuro met\u00e1lico (MH). Esto hace que el proceso de crecimiento y floraci\u00f3n de las plantas sea m\u00e1s natural, ya que el espectro es m\u00e1s parecido a la luz [&hellip;]<\/p>\n","protected":false},"featured_media":27545,"template":"","meta":{"_et_pb_use_builder":"","_et_pb_old_content":"","_et_gb_content_width":""},"product_brand":[],"product_cat":[114,106],"product_tag":[],"class_list":{"0":"post-28082","1":"product","2":"type-product","3":"status-publish","4":"has-post-thumbnail","6":"product_cat-lamparas","7":"product_cat-cmh-es","9":"first","10":"instock","11":"shipping-taxable","12":"product-type-simple"},"acf":[],"aioseo_notices":[],"_links":{"self":[{"href":"https:\/\/newlitehorticulture.com\/es\/wp-json\/wp\/v2\/product\/28082","targetHints":{"allow":["GET"]}}],"collection":[{"href":"https:\/\/newlitehorticulture.com\/es\/wp-json\/wp\/v2\/product"}],"about":[{"href":"https:\/\/newlitehorticulture.com\/es\/wp-json\/wp\/v2\/types\/product"}],"wp:featuredmedia":[{"embeddable":true,"href":"https:\/\/newlitehorticulture.com\/es\/wp-json\/wp\/v2\/media\/27545"}],"wp:attachment":[{"href":"https:\/\/newlitehorticulture.com\/es\/wp-json\/wp\/v2\/media?parent=28082"}],"wp:term":[{"taxonomy":"product_brand","embeddable":true,"href":"https:\/\/newlitehorticulture.com\/es\/wp-json\/wp\/v2\/product_brand?post=28082"},{"taxonomy":"product_cat","embeddable":true,"href":"https:\/\/newlitehorticulture.com\/es\/wp-json\/wp\/v2\/product_cat?post=28082"},{"taxonomy":"product_tag","embeddable":true,"href":"https:\/\/newlitehorticulture.com\/es\/wp-json\/wp\/v2\/product_tag?post=28082"}],"curies":[{"name":"wp","href":"https:\/\/api.w.org\/{rel}","templated":true}]}}