{"id":28078,"date":"2022-10-02T18:52:50","date_gmt":"2022-10-02T17:52:50","guid":{"rendered":"https:\/\/newlitehorticulture.com\/product\/lampara-newlite-cmh-lec-315w\/"},"modified":"2023-01-25T17:36:30","modified_gmt":"2023-01-25T16:36:30","slug":"lampara-newlite-cmh-lec-315w","status":"publish","type":"product","link":"https:\/\/newlitehorticulture.com\/es\/producto\/lampara-newlite-cmh-lec-315w\/","title":{"rendered":"Newlite CMH LEC 315W"},"content":{"rendered":"<p>Las l\u00e1mparas de halogenuro cer\u00e1mico met\u00e1lico (CMH) o LEC tienen una relaci\u00f3n de azules y rojos superior a otras l\u00e1mparas de alta presi\u00f3n de sodio (HPS) o halogenuro met\u00e1lico (MH). Esto hace que el proceso de crecimiento y floraci\u00f3n de las plantas sea m\u00e1s natural, ya que el espectro es m\u00e1s parecido a la luz solar.<\/p>\n<p>Las l\u00e1mparas <strong>Newlite CMH LEC 315W<\/strong> son indicadas en cultivos d\u00f3nde se necesita una espectro vegetativo y de floraci\u00f3n. Debido a su baja potencia est\u00e1 indicada en cultivos de tama\u00f1o reducido o de laboratorio, 80 cm\u00b2 por unidad.<\/p>\n<p>Para su funcionamiento a m\u00e1ximo rendimiento este producto requiere un balastro de baja frecuencia para l\u00e1mparas CMH LEC de 315W, aunque tambi\u00e9n son compatibles con balastros de alta frecuencia. Las l\u00e1mparas con tecnolog\u00eda CMH o LEC no deben ser reguladas a potencias diferentes a las que han sido dise\u00f1adas ya que puede acortar dr\u00e1sticamente la vida \u00fatil de la l\u00e1mpara.<\/p>\n<p>Esta l\u00e1mpara est\u00e1 disponible en dos temperaturas de color diferentes:<\/p>\n<ul>\n<li><strong>3000K<\/strong>: indicada para procesos de desarrollo completo donde se potencia la floraci\u00f3n.<\/li>\n<li><strong>4200K:<\/strong> indicada para procesos de desarrollo completo donde se equilibra el proceso vegetativo con el de floraci\u00f3n.<\/li>\n<\/ul>\n<p>Ambas son l\u00e1mparas mixtas, con ellas se puede hacer el ciclo de vida completo, desde la propagaci\u00f3n por clonaci\u00f3n o germinaci\u00f3n hasta la fase vegetativo y de floraci\u00f3n, abarcando de principio a fin el ciclo de producci\u00f3n.<\/p>\n<p>Las l\u00e1mparas de CMH o LEC ofrecen un espectro de luz m\u00e1s homog\u00e9neo que las l\u00e1mparas de sodio. Esto favorece en gran medida un mejor desarrollo de los metabolitos secundarios; alcaloides (cannabinoides), terpenos y fenoles.<\/p>\n<p>Las l\u00e1mparas <strong>Newlite CMH LEC 315 W<\/strong> se instalan en reflectores con portal\u00e1mparas PGZ18 o bien en reflectores E40 usando un adaptador.<\/p>\n","protected":false},"excerpt":{"rendered":"<p>Las l\u00e1mparas de halogenuro cer\u00e1mico met\u00e1lico (CMH) o LEC tienen una relaci\u00f3n de azules y rojos superior a otras l\u00e1mparas de alta presi\u00f3n de sodio (HPS) o halogenuro met\u00e1lico (MH). Esto hace que el proceso de crecimiento y floraci\u00f3n de las plantas sea m\u00e1s natural, ya que el espectro es m\u00e1s parecido a la luz [&hellip;]<\/p>\n","protected":false},"featured_media":27570,"template":"","meta":{"_et_pb_use_builder":"","_et_pb_old_content":"","_et_gb_content_width":""},"product_brand":[],"product_cat":[114,106],"product_tag":[],"class_list":{"0":"post-28078","1":"product","2":"type-product","3":"status-publish","4":"has-post-thumbnail","6":"product_cat-lamparas","7":"product_cat-cmh-es","9":"first","10":"instock","11":"shipping-taxable","12":"product-type-simple"},"acf":[],"aioseo_notices":[],"_links":{"self":[{"href":"https:\/\/newlitehorticulture.com\/es\/wp-json\/wp\/v2\/product\/28078","targetHints":{"allow":["GET"]}}],"collection":[{"href":"https:\/\/newlitehorticulture.com\/es\/wp-json\/wp\/v2\/product"}],"about":[{"href":"https:\/\/newlitehorticulture.com\/es\/wp-json\/wp\/v2\/types\/product"}],"wp:featuredmedia":[{"embeddable":true,"href":"https:\/\/newlitehorticulture.com\/es\/wp-json\/wp\/v2\/media\/27570"}],"wp:attachment":[{"href":"https:\/\/newlitehorticulture.com\/es\/wp-json\/wp\/v2\/media?parent=28078"}],"wp:term":[{"taxonomy":"product_brand","embeddable":true,"href":"https:\/\/newlitehorticulture.com\/es\/wp-json\/wp\/v2\/product_brand?post=28078"},{"taxonomy":"product_cat","embeddable":true,"href":"https:\/\/newlitehorticulture.com\/es\/wp-json\/wp\/v2\/product_cat?post=28078"},{"taxonomy":"product_tag","embeddable":true,"href":"https:\/\/newlitehorticulture.com\/es\/wp-json\/wp\/v2\/product_tag?post=28078"}],"curies":[{"name":"wp","href":"https:\/\/api.w.org\/{rel}","templated":true}]}}