{"id":28076,"date":"2022-10-02T19:03:16","date_gmt":"2022-10-02T18:03:16","guid":{"rendered":"https:\/\/newlitehorticulture.com\/product\/balastro-electronico-newlite-e-blue-600w\/"},"modified":"2023-01-23T16:59:59","modified_gmt":"2023-01-23T15:59:59","slug":"balastro-electronico-newlite-e-blue-600w","status":"publish","type":"product","link":"https:\/\/newlitehorticulture.com\/es\/producto\/balastro-electronico-newlite-e-blue-600w\/","title":{"rendered":"Balastro Electr\u00f3nico Newlite e-blue 600W"},"content":{"rendered":"<p dir=\"ltr\"><strong>Newlite e-blue 600W<\/strong> es un balastro electr\u00f3nico para l\u00e1mparas de 600W de HPS o MH con selector de potencia y entrada de se\u00f1al para la gesti\u00f3n centralizada.<\/p>\n<p dir=\"ltr\">Es un producto con avanzadas prestaciones, pensado para cultivos donde no se requieren altas intensidades de luz, y se usa como componente junto a l\u00e1mparas y reflectores con un dise\u00f1o espec\u00edfico para el tipo de cultivo.<\/p>\n<p dir=\"ltr\">Su tecnolog\u00eda en electr\u00f3nica incorpora un estabilizador de tensi\u00f3n de amplio rango que se encarga de ofrecer siempre un rendimiento constante en la l\u00e1mpara por muchas fluctuaciones de tensi\u00f3n que tenga la red el\u00e9ctrica. Las l\u00e1mparas y las plantas siempre recibir\u00e1n la misma potencia aunque haya alteraciones el\u00e9ctricas.<\/p>\n<p dir=\"ltr\">El selector manual de potencia permite elegir entre diferentes potencias, o en la posici\u00f3n EXT delega la gesti\u00f3n de potencia y encendido en el controlador externo. Permite usar l\u00e1mparas de 600W como potencia m\u00e1xima, adem\u00e1s de l\u00e1mparas de 250 W y 400 W seleccionando la potencia adecuada en el selector.<\/p>\n<p dir=\"ltr\">La alta frecuencia de sus componentes genera un flujo continuo de energ\u00eda en la l\u00e1mpara sin parpadeos, aumentando la vida \u00fatil de la l\u00e1mpara y mejorando la asimilaci\u00f3n de la luz en las plantas. Obtendr\u00e1 m\u00e1s luz de las l\u00e1mparas con un menor consumo de energ\u00eda.<\/p>\n<p dir=\"ltr\"><strong>Newlite e-blue 600 W<\/strong> est\u00e1 equipado con protecciones de tensi\u00f3n y protecciones para la l\u00e1mpara. Estos protegen y alarga la vida \u00fatil del balastro y de la lampara.<\/p>\n<p dir=\"ltr\">Dispone de un conector para su gesti\u00f3n centralizada. Muy \u00fatil en instalaciones de mediano o gran tama\u00f1o, desde un controlador es posible gestionar el encendido, apagado y regulaci\u00f3n de potencia de todo el grupo de luminarias.<\/p>\n<p dir=\"ltr\">Mejora los resultados de tus cultivos con equipamiento de primer nivel.<\/p>\n","protected":false},"excerpt":{"rendered":"<p>Newlite e-blue 600W es un balastro electr\u00f3nico para l\u00e1mparas de 600W de HPS o MH con selector de potencia y entrada de se\u00f1al para la gesti\u00f3n centralizada. Es un producto con avanzadas prestaciones, pensado para cultivos donde no se requieren altas intensidades de luz, y se usa como componente junto a l\u00e1mparas y reflectores con [&hellip;]<\/p>\n","protected":false},"featured_media":27592,"template":"","meta":{"_et_pb_use_builder":"","_et_pb_old_content":"","_et_gb_content_width":""},"product_brand":[],"product_cat":[104,110],"product_tag":[],"class_list":{"0":"post-28076","1":"product","2":"type-product","3":"status-publish","4":"has-post-thumbnail","6":"product_cat-balastros","7":"product_cat-hps-es","9":"first","10":"instock","11":"shipping-taxable","12":"product-type-simple"},"acf":[],"aioseo_notices":[],"_links":{"self":[{"href":"https:\/\/newlitehorticulture.com\/es\/wp-json\/wp\/v2\/product\/28076","targetHints":{"allow":["GET"]}}],"collection":[{"href":"https:\/\/newlitehorticulture.com\/es\/wp-json\/wp\/v2\/product"}],"about":[{"href":"https:\/\/newlitehorticulture.com\/es\/wp-json\/wp\/v2\/types\/product"}],"wp:featuredmedia":[{"embeddable":true,"href":"https:\/\/newlitehorticulture.com\/es\/wp-json\/wp\/v2\/media\/27592"}],"wp:attachment":[{"href":"https:\/\/newlitehorticulture.com\/es\/wp-json\/wp\/v2\/media?parent=28076"}],"wp:term":[{"taxonomy":"product_brand","embeddable":true,"href":"https:\/\/newlitehorticulture.com\/es\/wp-json\/wp\/v2\/product_brand?post=28076"},{"taxonomy":"product_cat","embeddable":true,"href":"https:\/\/newlitehorticulture.com\/es\/wp-json\/wp\/v2\/product_cat?post=28076"},{"taxonomy":"product_tag","embeddable":true,"href":"https:\/\/newlitehorticulture.com\/es\/wp-json\/wp\/v2\/product_tag?post=28076"}],"curies":[{"name":"wp","href":"https:\/\/api.w.org\/{rel}","templated":true}]}}