{"id":28074,"date":"2022-10-02T19:10:20","date_gmt":"2022-10-02T18:10:20","guid":{"rendered":"https:\/\/newlitehorticulture.com\/product\/balastro-newlite-cmh-lec-315w\/"},"modified":"2023-01-23T17:12:55","modified_gmt":"2023-01-23T16:12:55","slug":"balastro-newlite-cmh-lec-315w","status":"publish","type":"product","link":"https:\/\/newlitehorticulture.com\/es\/producto\/balastro-newlite-cmh-lec-315w\/","title":{"rendered":"Balastro Newlite CMH LEC 315W"},"content":{"rendered":"<p>El <strong>balastro digital Newlite CMH LEC de 315W<\/strong> es usado como componente en sistemas de iluminaci\u00f3n donde se instala de forma separada la l\u00e1mpara y el reflector.<\/p>\n<p>Es usado con l\u00e1mparas de Halogenuro Met\u00e1lico Cer\u00e1mico (CMH) o LEC en invernaderos y zonas de cultivo interiores de tama\u00f1o peque\u00f1o y medio o donde no se requiera una gran intensidad en iluminaci\u00f3n.<\/p>\n<p>Presenta un conector de salida del balastro C13 para conectarse con un cable est\u00e1ndar C14 a un reflector.<\/p>\n<p>Protecci\u00f3n contra l\u00e1mpara desgastada por uso, corto circuito, circuito abierto (l\u00e1mpara no instalada), fallo de arranque (l\u00e1mpara en mal estado) y protecci\u00f3n t\u00e9rmica.<\/p>\n<p>El <strong>balastro digital Newlite CMH LEC de 315W<\/strong> es un balastro de baja frecuencia y onda cuadrada, que permite obtener el m\u00e1ximo rendimiento de las l\u00e1mparas CMH.<\/p>\n<p>El uso de balastros inadecuados para l\u00e1mparas de CMH o LEC hace que estas se deterioren r\u00e1pidamente.<\/p>\n<p>Las l\u00e1mparas CMH o LEC no son regulables, por tanto este balastro carece de opci\u00f3n de regulaci\u00f3n, para proteger las l\u00e1mparas en toda su vida \u00fatil y as\u00ed obtener el mejor desempe\u00f1o del cultivo.<\/p>\n","protected":false},"excerpt":{"rendered":"<p>El balastro digital Newlite CMH LEC de 315W es usado como componente en sistemas de iluminaci\u00f3n donde se instala de forma separada la l\u00e1mpara y el reflector. Es usado con l\u00e1mparas de Halogenuro Met\u00e1lico Cer\u00e1mico (CMH) o LEC en invernaderos y zonas de cultivo interiores de tama\u00f1o peque\u00f1o y medio o donde no se requiera [&hellip;]<\/p>\n","protected":false},"featured_media":27605,"template":"","meta":{"_et_pb_use_builder":"","_et_pb_old_content":"","_et_gb_content_width":""},"product_brand":[],"product_cat":[104,106],"product_tag":[],"class_list":{"0":"post-28074","1":"product","2":"type-product","3":"status-publish","4":"has-post-thumbnail","6":"product_cat-balastros","7":"product_cat-cmh-es","9":"first","10":"instock","11":"shipping-taxable","12":"product-type-simple"},"acf":[],"aioseo_notices":[],"_links":{"self":[{"href":"https:\/\/newlitehorticulture.com\/es\/wp-json\/wp\/v2\/product\/28074","targetHints":{"allow":["GET"]}}],"collection":[{"href":"https:\/\/newlitehorticulture.com\/es\/wp-json\/wp\/v2\/product"}],"about":[{"href":"https:\/\/newlitehorticulture.com\/es\/wp-json\/wp\/v2\/types\/product"}],"wp:featuredmedia":[{"embeddable":true,"href":"https:\/\/newlitehorticulture.com\/es\/wp-json\/wp\/v2\/media\/27605"}],"wp:attachment":[{"href":"https:\/\/newlitehorticulture.com\/es\/wp-json\/wp\/v2\/media?parent=28074"}],"wp:term":[{"taxonomy":"product_brand","embeddable":true,"href":"https:\/\/newlitehorticulture.com\/es\/wp-json\/wp\/v2\/product_brand?post=28074"},{"taxonomy":"product_cat","embeddable":true,"href":"https:\/\/newlitehorticulture.com\/es\/wp-json\/wp\/v2\/product_cat?post=28074"},{"taxonomy":"product_tag","embeddable":true,"href":"https:\/\/newlitehorticulture.com\/es\/wp-json\/wp\/v2\/product_tag?post=28074"}],"curies":[{"name":"wp","href":"https:\/\/api.w.org\/{rel}","templated":true}]}}