{"id":28072,"date":"2022-10-02T20:46:28","date_gmt":"2022-10-02T19:46:28","guid":{"rendered":"https:\/\/newlitehorticulture.com\/product\/control-integrado-avanzado\/"},"modified":"2023-01-23T14:28:21","modified_gmt":"2023-01-23T13:28:21","slug":"control-integrado-avanzado","status":"publish","type":"product","link":"https:\/\/newlitehorticulture.com\/es\/producto\/control-integrado-avanzado\/","title":{"rendered":"Control Integrado Avanzado"},"content":{"rendered":"<p>En instalaciones avanzadas de invernaderos o de salas interiores de cultivo es necesario realizar un exhaustivo control de la iluminaci\u00f3n.<\/p>\n<p>Los costes de energ\u00eda han de ser controlados con precisi\u00f3n para optimizar y reducir al m\u00e1ximo los costes de producci\u00f3n.<\/p>\n<p>Newlite dispone de varios niveles de integraci\u00f3n y control a nivel industrial, por lo que siempre se consigue una uni\u00f3n perfecta con el resto de sistemas.<\/p>\n<p>El equipo de ingenier\u00eda de Newlite puede personalizar y controlar los sistemas en base a los criterios propuestos o los aportados por el cliente.<\/p>\n<p>&nbsp;<\/p>\n<p>Entre otras caracter\u00edsticas, los sistemas de control permiten lo siguiente:<\/p>\n<ul>\n<li>Regulaci\u00f3n aut\u00f3noma de intensidad seg\u00fan la radiaci\u00f3n solar, aportando s\u00f3lo la cantidad necesaria de luz.<\/li>\n<li>Regulaci\u00f3n aut\u00f3noma de la intensidad por temperatura.<\/li>\n<li>Regulaci\u00f3n aut\u00f3noma de la intensidad por concentraci\u00f3n de di\u00f3xido de carbono CO<sub>2<\/sub>.<\/li>\n<li>Env\u00edo de alertas por fallos en las protecciones de forma sectorizada.<\/li>\n<li>Control de mallas t\u00e9rmicas y de fotoperiodo (black-out).<\/li>\n<li>Registro de encendidos.<\/li>\n<li>Uso de estad\u00edsticas para anal\u00edtica de costes.<\/li>\n<\/ul>\n<p>&nbsp;<\/p>\n<p>En los <strong>sistemas de control avanzados<\/strong> se consideran variables adicionales:<\/p>\n<ul>\n<li>Control del viento y su actuaci\u00f3n sobre el invernadero.<\/li>\n<li>Control de la temperatura de la sala seg\u00fan temperatura exterior.<\/li>\n<li>Integraci\u00f3n de control con sistemas de riego.<\/li>\n<li>Integraci\u00f3n de control con los sistemas de ventilaci\u00f3n y humectaci\u00f3n.<\/li>\n<li>An\u00e1lisis energ\u00e9tico.<\/li>\n<li>Estad\u00edsticas e informes avanzados, anal\u00edticas que ayudan a tomar decisiones de mejora en la producci\u00f3n.<\/li>\n<\/ul>\n","protected":false},"excerpt":{"rendered":"<p>En instalaciones avanzadas de invernaderos o de salas interiores de cultivo es necesario realizar un exhaustivo control de la iluminaci\u00f3n. Los costes de energ\u00eda han de ser controlados con precisi\u00f3n para optimizar y reducir al m\u00e1ximo los costes de producci\u00f3n. Newlite dispone de varios niveles de integraci\u00f3n y control a nivel industrial, por lo que [&hellip;]<\/p>\n","protected":false},"featured_media":27616,"template":"","meta":{"_et_pb_use_builder":"","_et_pb_old_content":"","_et_gb_content_width":""},"product_brand":[],"product_cat":[107],"product_tag":[],"class_list":{"0":"post-28072","1":"product","2":"type-product","3":"status-publish","4":"has-post-thumbnail","6":"product_cat-controladores","8":"first","9":"instock","10":"shipping-taxable","11":"product-type-simple"},"acf":[],"aioseo_notices":[],"_links":{"self":[{"href":"https:\/\/newlitehorticulture.com\/es\/wp-json\/wp\/v2\/product\/28072","targetHints":{"allow":["GET"]}}],"collection":[{"href":"https:\/\/newlitehorticulture.com\/es\/wp-json\/wp\/v2\/product"}],"about":[{"href":"https:\/\/newlitehorticulture.com\/es\/wp-json\/wp\/v2\/types\/product"}],"wp:featuredmedia":[{"embeddable":true,"href":"https:\/\/newlitehorticulture.com\/es\/wp-json\/wp\/v2\/media\/27616"}],"wp:attachment":[{"href":"https:\/\/newlitehorticulture.com\/es\/wp-json\/wp\/v2\/media?parent=28072"}],"wp:term":[{"taxonomy":"product_brand","embeddable":true,"href":"https:\/\/newlitehorticulture.com\/es\/wp-json\/wp\/v2\/product_brand?post=28072"},{"taxonomy":"product_cat","embeddable":true,"href":"https:\/\/newlitehorticulture.com\/es\/wp-json\/wp\/v2\/product_cat?post=28072"},{"taxonomy":"product_tag","embeddable":true,"href":"https:\/\/newlitehorticulture.com\/es\/wp-json\/wp\/v2\/product_tag?post=28072"}],"curies":[{"name":"wp","href":"https:\/\/api.w.org\/{rel}","templated":true}]}}