{"id":28071,"date":"2022-10-02T20:59:56","date_gmt":"2022-10-02T19:59:56","guid":{"rendered":"https:\/\/newlitehorticulture.com\/product\/controlador-newlite-controlext-ts1\/"},"modified":"2023-01-14T21:12:57","modified_gmt":"2023-01-14T20:12:57","slug":"controlador-newlite-controlext-ts1","status":"publish","type":"product","link":"https:\/\/newlitehorticulture.com\/es\/producto\/controlador-newlite-controlext-ts1\/","title":{"rendered":"Controlador Newlite ControlEXT TS1"},"content":{"rendered":"<p><strong>Newlite ControlEXT TS1<\/strong> es un controlador para ajustar de forma centralizada equipos de iluminaci\u00f3n para cultivos Este controlador permite establecer horario de encendido y apagado y la regulaci\u00f3n de potencia de los equipos que dispongan de un conector de se\u00f1al para control externo.<\/p>\n<p><strong>Newlite ControlEXT TS1<\/strong> es configurado mediante su pantalla t\u00e1ctil de forma f\u00e1cil e intuitiva. Dispone de botones para los ajustes importantes, evitando modificaciones accidentales en la configuraci\u00f3n que puedan afectar al cultivo.<\/p>\n<p><strong>Newlite ControlEXT TS1<\/strong> funciona con cualquier equipo de iluminaci\u00f3n de cultivos desde 100 W hasta 9999 W de potencia, de cualquier tecnolog\u00eda, HPS, MH, LED que disponga de conector de control EXT 0-10V (Anal\u00f3gico) o PWM (Digital).<\/p>\n<p><strong>Newlite ControlEXT TS1<\/strong> puede controlar hasta 100 equipos de iluminaci\u00f3n divididos en dos zonas de cultivo, 50 en cada zona.<\/p>\n","protected":false},"excerpt":{"rendered":"<p>Newlite ControlEXT TS1 es un controlador para ajustar de forma centralizada equipos de iluminaci\u00f3n para cultivos Este controlador permite establecer horario de encendido y apagado y la regulaci\u00f3n de potencia de los equipos que dispongan de un conector de se\u00f1al para control externo. Newlite ControlEXT TS1 es configurado mediante su pantalla t\u00e1ctil de forma f\u00e1cil [&hellip;]<\/p>\n","protected":false},"featured_media":27638,"template":"","meta":{"_et_pb_use_builder":"","_et_pb_old_content":"","_et_gb_content_width":""},"product_brand":[],"product_cat":[107],"product_tag":[],"class_list":{"0":"post-28071","1":"product","2":"type-product","3":"status-publish","4":"has-post-thumbnail","6":"product_cat-controladores","8":"first","9":"instock","10":"shipping-taxable","11":"product-type-simple"},"acf":[],"aioseo_notices":[],"_links":{"self":[{"href":"https:\/\/newlitehorticulture.com\/es\/wp-json\/wp\/v2\/product\/28071","targetHints":{"allow":["GET"]}}],"collection":[{"href":"https:\/\/newlitehorticulture.com\/es\/wp-json\/wp\/v2\/product"}],"about":[{"href":"https:\/\/newlitehorticulture.com\/es\/wp-json\/wp\/v2\/types\/product"}],"wp:featuredmedia":[{"embeddable":true,"href":"https:\/\/newlitehorticulture.com\/es\/wp-json\/wp\/v2\/media\/27638"}],"wp:attachment":[{"href":"https:\/\/newlitehorticulture.com\/es\/wp-json\/wp\/v2\/media?parent=28071"}],"wp:term":[{"taxonomy":"product_brand","embeddable":true,"href":"https:\/\/newlitehorticulture.com\/es\/wp-json\/wp\/v2\/product_brand?post=28071"},{"taxonomy":"product_cat","embeddable":true,"href":"https:\/\/newlitehorticulture.com\/es\/wp-json\/wp\/v2\/product_cat?post=28071"},{"taxonomy":"product_tag","embeddable":true,"href":"https:\/\/newlitehorticulture.com\/es\/wp-json\/wp\/v2\/product_tag?post=28071"}],"curies":[{"name":"wp","href":"https:\/\/api.w.org\/{rel}","templated":true}]}}