{"id":27783,"date":"2022-10-02T21:29:33","date_gmt":"2022-10-02T20:29:33","guid":{"rendered":"https:\/\/newlitehorticulture.com\/product\/gafas-newlite-full-equipe-pro\/"},"modified":"2023-01-23T12:23:13","modified_gmt":"2023-01-23T11:23:13","slug":"newlite-full-equipe-pro-glasses","status":"publish","type":"product","link":"https:\/\/newlitehorticulture.com\/es\/producto\/newlite-full-equipe-pro-glasses\/","title":{"rendered":"Gafas Newlite Full Equipe Pro"},"content":{"rendered":"<p>Las <strong>Gafas Newlite Full Equipe Pro<\/strong> permiten reducir la intensidad de luz que reciben tus ojos, corregir los tonos anaranjados de las l\u00e1mparas HPS y compensar el desequilibrio de rojos y azules generado por l\u00e1mparas LED de luz rosa-p\u00farpura (<em>target spectrum<\/em>), las cuales emiten principalmente luz azul y roja.<\/p>\n<p>Gracias a sus tres lentes intercambiables fabricadas en policarbonato, la visi\u00f3n dentro del cultivo ser\u00e1 n\u00edtida y fiable, de manera que las posibles carencias o plagas ser\u00e1n detectadas r\u00e1pidamente, facilitando la prevenci\u00f3n de la dispersi\u00f3n de enfermedades en el cultivo. Las distintas lentes son muy f\u00e1ciles de intercambiar en la montura, y se podr\u00e1 elegir la opci\u00f3n m\u00e1s adecuada dependiendo de la iluminaci\u00f3n del cultivo. Todas las lentes cuentan con protecci\u00f3n contra rayos ultravioleta UV400.<\/p>\n<p>Las <strong>Gafas Newlite Full Equipe Pro <\/strong>tambi\u00e9n funcionan como gafas de protecci\u00f3n para el trabajo ya que se ajustan a la cara para prevenir salpicaduras y polvo, lo que las convierte en un equipo de protecci\u00f3n necesario para llevar a cabo tareas diarias del cultivo con los ojos protegidos.<\/p>\n","protected":false},"excerpt":{"rendered":"<p>Las Gafas Newlite Full Equipe Pro permiten reducir la intensidad de luz que reciben tus ojos, corregir los tonos anaranjados de las l\u00e1mparas HPS y compensar el desequilibrio de rojos y azules generado por l\u00e1mparas LED de luz rosa-p\u00farpura (target spectrum), las cuales emiten principalmente luz azul y roja. Gracias a sus tres lentes intercambiables [&hellip;]<\/p>\n","protected":false},"featured_media":27651,"template":"","meta":{"_et_pb_use_builder":"","_et_pb_old_content":"","_et_gb_content_width":""},"product_brand":[],"product_cat":[100],"product_tag":[],"class_list":{"0":"post-27783","1":"product","2":"type-product","3":"status-publish","4":"has-post-thumbnail","6":"product_cat-accessories-es","8":"first","9":"instock","10":"shipping-taxable","11":"product-type-simple"},"acf":[],"aioseo_notices":[],"_links":{"self":[{"href":"https:\/\/newlitehorticulture.com\/es\/wp-json\/wp\/v2\/product\/27783","targetHints":{"allow":["GET"]}}],"collection":[{"href":"https:\/\/newlitehorticulture.com\/es\/wp-json\/wp\/v2\/product"}],"about":[{"href":"https:\/\/newlitehorticulture.com\/es\/wp-json\/wp\/v2\/types\/product"}],"wp:featuredmedia":[{"embeddable":true,"href":"https:\/\/newlitehorticulture.com\/es\/wp-json\/wp\/v2\/media\/27651"}],"wp:attachment":[{"href":"https:\/\/newlitehorticulture.com\/es\/wp-json\/wp\/v2\/media?parent=27783"}],"wp:term":[{"taxonomy":"product_brand","embeddable":true,"href":"https:\/\/newlitehorticulture.com\/es\/wp-json\/wp\/v2\/product_brand?post=27783"},{"taxonomy":"product_cat","embeddable":true,"href":"https:\/\/newlitehorticulture.com\/es\/wp-json\/wp\/v2\/product_cat?post=27783"},{"taxonomy":"product_tag","embeddable":true,"href":"https:\/\/newlitehorticulture.com\/es\/wp-json\/wp\/v2\/product_tag?post=27783"}],"curies":[{"name":"wp","href":"https:\/\/api.w.org\/{rel}","templated":true}]}}