{"id":27712,"date":"2022-10-02T22:17:58","date_gmt":"2022-10-02T21:17:58","guid":{"rendered":"https:\/\/newlitehorticulture.com\/product\/lampara-newlite-metal-halide-mh-1000w-6000k-de\/"},"modified":"2023-01-15T20:19:43","modified_gmt":"2023-01-15T19:19:43","slug":"lampara-halogenuro-metalico-mh-1000w-6000k-double-ended-newlite","status":"publish","type":"product","link":"https:\/\/newlitehorticulture.com\/es\/producto\/lampara-halogenuro-metalico-mh-1000w-6000k-double-ended-newlite\/","title":{"rendered":"Newlite MH 1000W 6000K DE"},"content":{"rendered":"<p dir=\"ltr\">La l\u00e1mpara <strong>Newlite Halogenuro Met\u00e1lico MH 1000W 6000K Double-Ended<\/strong> (<strong>no cer\u00e1mico<\/strong>) se utiliza principalmente para estados vegetativos o para complementar procesos de floraci\u00f3n.<\/p>\n<p dir=\"ltr\">Presenta una temperatura de color similar a la luz solar (6000K).<\/p>\n<p dir=\"ltr\">Presenta una alta capacidad para mantener la intensidad de la energ\u00eda (luz) a lo largo de la vida \u00fatil de la l\u00e1mpara.<\/p>\n<p dir=\"ltr\"><strong>Newlite Metal Halide MH 1000W 6000K DE<\/strong> est\u00e1 dise\u00f1ado para luminarias con portal\u00e1mparas de alta frecuencia de doble extremo.<\/p>\n","protected":false},"excerpt":{"rendered":"<p>La l\u00e1mpara Newlite Halogenuro Met\u00e1lico MH 1000W 6000K Double-Ended (no cer\u00e1mico) se utiliza principalmente para estados vegetativos o para complementar procesos de floraci\u00f3n. Presenta una temperatura de color similar a la luz solar (6000K). Presenta una alta capacidad para mantener la intensidad de la energ\u00eda (luz) a lo largo de la vida \u00fatil de la [&hellip;]<\/p>\n","protected":false},"featured_media":30373,"template":"","meta":{"_et_pb_use_builder":"","_et_pb_old_content":"","_et_gb_content_width":""},"product_brand":[],"product_cat":[114],"product_tag":[],"class_list":{"0":"post-27712","1":"product","2":"type-product","3":"status-publish","4":"has-post-thumbnail","6":"product_cat-lamparas","8":"first","9":"instock","10":"shipping-taxable","11":"product-type-simple"},"acf":[],"aioseo_notices":[],"_links":{"self":[{"href":"https:\/\/newlitehorticulture.com\/es\/wp-json\/wp\/v2\/product\/27712","targetHints":{"allow":["GET"]}}],"collection":[{"href":"https:\/\/newlitehorticulture.com\/es\/wp-json\/wp\/v2\/product"}],"about":[{"href":"https:\/\/newlitehorticulture.com\/es\/wp-json\/wp\/v2\/types\/product"}],"wp:featuredmedia":[{"embeddable":true,"href":"https:\/\/newlitehorticulture.com\/es\/wp-json\/wp\/v2\/media\/30373"}],"wp:attachment":[{"href":"https:\/\/newlitehorticulture.com\/es\/wp-json\/wp\/v2\/media?parent=27712"}],"wp:term":[{"taxonomy":"product_brand","embeddable":true,"href":"https:\/\/newlitehorticulture.com\/es\/wp-json\/wp\/v2\/product_brand?post=27712"},{"taxonomy":"product_cat","embeddable":true,"href":"https:\/\/newlitehorticulture.com\/es\/wp-json\/wp\/v2\/product_cat?post=27712"},{"taxonomy":"product_tag","embeddable":true,"href":"https:\/\/newlitehorticulture.com\/es\/wp-json\/wp\/v2\/product_tag?post=27712"}],"curies":[{"name":"wp","href":"https:\/\/api.w.org\/{rel}","templated":true}]}}