{"id":27070,"date":"2022-05-13T21:18:59","date_gmt":"2022-05-13T20:18:59","guid":{"rendered":"https:\/\/newlitehorticulture.com\/idi\/"},"modified":"2023-01-05T07:33:52","modified_gmt":"2023-01-05T06:33:52","slug":"idi","status":"publish","type":"page","link":"https:\/\/newlitehorticulture.com\/es\/idi\/","title":{"rendered":"I+D+I"},"content":{"rendered":"<p>[et_pb_section fb_built=\u00bb1&#8243; module_class=\u00bbr-d-wrap\u00bb _builder_version=\u00bb4.18.0&#8243; _module_preset=\u00bbdefault\u00bb background_image=\u00bbhttps:\/\/newlitehorticulture.com\/wp-content\/uploads\/2022\/09\/trama-fondo2.jpg\u00bb custom_padding=\u00bb20px||20px||true|false\u00bb global_colors_info=\u00bb{}\u00bb][et_pb_row column_structure=\u00bb3_5,2_5&#8243; make_equal=\u00bbon\u00bb _builder_version=\u00bb4.18.0&#8243; _module_preset=\u00bbdefault\u00bb custom_padding=\u00bb0px||0px||true|false\u00bb custom_css_main_element=\u00bbdisplay: flex;||align-items: center;\u00bb global_colors_info=\u00bb{}\u00bb][et_pb_column type=\u00bb3_5&#8243; _builder_version=\u00bb4.18.0&#8243; _module_preset=\u00bbdefault\u00bb custom_padding=\u00bb||||true|false\u00bb global_colors_info=\u00bb{}\u00bb][et_pb_text module_class=\u00bbweb-header\u00bb _builder_version=\u00bb4.18.0&#8243; _module_preset=\u00bbdefault\u00bb text_text_color=\u00bb#5cc0ff\u00bb text_font_size=\u00bb20px\u00bb text_line_height=\u00bb25px\u00bb header_text_align=\u00bbleft\u00bb header_font_size=\u00bb50px\u00bb header_line_height=\u00bb36px\u00bb header_4_font=\u00bb||||||||\u00bb header_4_text_align=\u00bbleft\u00bb header_4_text_color=\u00bb#272727&#8243; header_4_font_size=\u00bb50px\u00bb header_4_line_height=\u00bb50px\u00bb module_alignment=\u00bbcenter\u00bb custom_margin=\u00bb||||false|false\u00bb global_colors_info=\u00bb{}\u00bb]<\/p>\n<p>Tres pilares<\/p>\n<h4>Conocimiento, tecnolog\u00eda e innovaci\u00f3n<\/h4>\n<p>[\/et_pb_text][et_pb_text _builder_version=\u00bb4.18.0&#8243; _module_preset=\u00bbdefault\u00bb text_font_size=\u00bb16px\u00bb text_line_height=\u00bb1.8em\u00bb header_3_font_size=\u00bb48px\u00bb header_3_line_height=\u00bb58px\u00bb global_colors_info=\u00bb{}\u00bb]<\/p>\n<p>En respuesta a una sociedad que demanda constantemente avances tecnol\u00f3gicos que hagan posible una producci\u00f3n vegetal sostenible, el posicionamiento de Newlite en el sector es el resultado de un minucioso trabajo de campo y de la combinaci\u00f3n de los conocimientos de expertos bi\u00f3logos y f\u00edsicos especializados en la luz.<\/p>\n<p>Tras a\u00f1os de estudio y desarrollo de nuestros productos, ponemos nuestros conocimientos de tecnolog\u00eda e innovaci\u00f3n al servicio del sector agr\u00edcola. Una gran experiencia que nos permite identificar las necesidades lum\u00ednicas de cada especie y aportar las soluciones m\u00e1s adecuadas para cada proyecto.<\/p>\n<p>Nuestras l\u00e1mparas y equipos de alto rendimiento estar\u00e1n siempre listos para ofrecer el mejor servicio y aumentar el producto final de sus cosechas.<\/p>\n<p>[\/et_pb_text][\/et_pb_column][et_pb_column type=\u00bb2_5&#8243; _builder_version=\u00bb4.18.0&#8243; _module_preset=\u00bbdefault\u00bb global_colors_info=\u00bb{}\u00bb][et_pb_image src=\u00bbhttps:\/\/newlitehorticulture.com\/wp-content\/uploads\/2022\/09\/plantas.jpg\u00bb title_text=\u00bbplantas\u00bb _builder_version=\u00bb4.18.0&#8243; _module_preset=\u00bbdefault\u00bb global_colors_info=\u00bb{}\u00bb][\/et_pb_image][\/et_pb_column][\/et_pb_row][\/et_pb_section][et_pb_section fb_built=\u00bb1&#8243; fullwidth=\u00bbon\u00bb module_class=\u00bbrequest-lighting-bg\u00bb _builder_version=\u00bb4.18.0&#8243; _module_preset=\u00bbdefault\u00bb animation_style=\u00bbfold\u00bb animation_direction=\u00bbbottom\u00bb animation_intensity_fold=\u00bb4%\u00bb global_colors_info=\u00bb{}\u00bb global_module=\u00bb29109&#8243; theme_builder_area=\u00bbpost_content\u00bb][et_pb_fullwidth_header title=\u00bbSolicita\u00bb subhead=\u00bbTU PLAN DE ILUMINACI\u00d3N\u00bb text_orientation=\u00bbcenter\u00bb button_one_text=\u00bbSolicitar\u00bb button_one_url=\u00bb\/es\/solicite-su-plan-de-iluminacion\/\u00bb background_overlay_color=\u00bbrgba(39,39,39,0.6)\u00bb module_class=\u00bbleading-company-sec\u00bb _builder_version=\u00bb4.19.4&#8243; _module_preset=\u00bbdefault\u00bb title_level=\u00bbh4&#8243; title_font=\u00bb|600|||||||\u00bb title_text_color=\u00bb#FFFFFF\u00bb title_font_size=\u00bb40px\u00bb content_text_color=\u00bb#5bc7f9&#8243; content_font_size=\u00bb25px\u00bb subhead_font=\u00bb|800|||||||\u00bb subhead_text_color=\u00bb#FFFFFF\u00bb subhead_font_size=\u00bb40px\u00bb subhead_line_height=\u00bb45px\u00bb background_enable_color=\u00bboff\u00bb background_image=\u00bbhttps:\/\/newlitehorticulture.com\/wp-content\/uploads\/2022\/09\/calcula_tu_plan_de_iluminacion.jpg\u00bb custom_padding=\u00bb100px||100px||true|false\u00bb background_last_edited=\u00bbon|phone\u00bb background_image_tablet=\u00bbhttps:\/\/newlitehorticulture.com\/wp-content\/uploads\/2022\/07\/calcula_tu_plan_de_iluminacion-600&#215;158-1.jpg\u00bb background_image_phone=\u00bbhttps:\/\/newlitehorticulture.com\/wp-content\/uploads\/2022\/07\/calcula_tu_plan_de_iluminacion-600&#215;158-1.jpg\u00bb background_enable_image_tablet=\u00bbon\u00bb background_enable_image_phone=\u00bbon\u00bb global_colors_info=\u00bb{}\u00bb theme_builder_area=\u00bbpost_content\u00bb][\/et_pb_fullwidth_header][\/et_pb_section]<\/p>\n","protected":false},"excerpt":{"rendered":"<p>Tres pilares Conocimiento, tecnolog\u00eda e innovaci\u00f3nEn respuesta a una sociedad que demanda constantemente avances tecnol\u00f3gicos que hagan posible una producci\u00f3n vegetal sostenible, el posicionamiento de Newlite en el sector es el resultado de un minucioso trabajo de campo y de la combinaci\u00f3n de los conocimientos de expertos bi\u00f3logos y f\u00edsicos especializados en la luz. Tras [&hellip;]<\/p>\n","protected":false},"author":1,"featured_media":0,"parent":0,"menu_order":0,"comment_status":"closed","ping_status":"closed","template":"","meta":{"_et_pb_use_builder":"on","_et_pb_old_content":"","_et_gb_content_width":"","footnotes":""},"class_list":["post-27070","page","type-page","status-publish","hentry"],"acf":[],"aioseo_notices":[],"_links":{"self":[{"href":"https:\/\/newlitehorticulture.com\/es\/wp-json\/wp\/v2\/pages\/27070","targetHints":{"allow":["GET"]}}],"collection":[{"href":"https:\/\/newlitehorticulture.com\/es\/wp-json\/wp\/v2\/pages"}],"about":[{"href":"https:\/\/newlitehorticulture.com\/es\/wp-json\/wp\/v2\/types\/page"}],"author":[{"embeddable":true,"href":"https:\/\/newlitehorticulture.com\/es\/wp-json\/wp\/v2\/users\/1"}],"replies":[{"embeddable":true,"href":"https:\/\/newlitehorticulture.com\/es\/wp-json\/wp\/v2\/comments?post=27070"}],"version-history":[{"count":7,"href":"https:\/\/newlitehorticulture.com\/es\/wp-json\/wp\/v2\/pages\/27070\/revisions"}],"predecessor-version":[{"id":30191,"href":"https:\/\/newlitehorticulture.com\/es\/wp-json\/wp\/v2\/pages\/27070\/revisions\/30191"}],"wp:attachment":[{"href":"https:\/\/newlitehorticulture.com\/es\/wp-json\/wp\/v2\/media?parent=27070"}],"curies":[{"name":"wp","href":"https:\/\/api.w.org\/{rel}","templated":true}]}}