{"id":27022,"date":"2022-05-13T21:17:55","date_gmt":"2022-05-13T20:17:55","guid":{"rendered":"https:\/\/newlitehorticulture.com\/newlite\/"},"modified":"2023-01-17T08:45:50","modified_gmt":"2023-01-17T07:45:50","slug":"newlite","status":"publish","type":"page","link":"https:\/\/newlitehorticulture.com\/es\/newlite\/","title":{"rendered":"Newlite"},"content":{"rendered":"<p>[et_pb_section fb_built=\u00bb1&#8243; fullwidth=\u00bbon\u00bb _builder_version=\u00bb4.17.4&#8243; _module_preset=\u00bbdefault\u00bb animation_style=\u00bbfold\u00bb animation_direction=\u00bbbottom\u00bb animation_intensity_fold=\u00bb4%\u00bb global_colors_info=\u00bb{}\u00bb][et_pb_fullwidth_header subhead=\u00bbLa iluminaci\u00f3n en el proceso de desarrollo\u00bb text_orientation=\u00bbcenter\u00bb module_class=\u00bbleading-company-sec\u00bb _builder_version=\u00bb4.19.2&#8243; _module_preset=\u00bbdefault\u00bb title_level=\u00bbh4&#8243; title_font=\u00bb||||||||\u00bb title_text_color=\u00bb#51c0ff\u00bb title_font_size=\u00bb20px\u00bb title_line_height=\u00bb24px\u00bb content_text_color=\u00bb#272727&#8243; content_font_size=\u00bb15px\u00bb subhead_text_color=\u00bb#003f88&#8243; subhead_font_size=\u00bb48px\u00bb subhead_line_height=\u00bb60px\u00bb background_color=\u00bb#fafafa\u00bb background_image=\u00bbhttps:\/\/newlitehorticulture.com\/wp-content\/uploads\/2022\/07\/trama-fondo.png\u00bb background_size=\u00bbinitial\u00bb background_position=\u00bbcenter_right\u00bb global_colors_info=\u00bb{}\u00bb]<\/p>\n<p>&nbsp;<\/p>\n<p>La iluminaci\u00f3n es esencial en el proceso de desarrollo de las plantas ya que saca el m\u00e1ximo partido de la producci\u00f3n, palabra clave de todo cultivo. Newlite podemos aportar el m\u00e1s alto nivel de conocimiento t\u00e9cnico y gama de productos para obtener el mayor rendimiento de la producci\u00f3n de cualquier tipo de cultivo, tanto intensivo como extensivo.<\/p>\n<p>&nbsp;<\/p>\n<p>Fabricamos luminarias t\u00e9cnicas para invernaderos orientadas al sector profesional, seleccionando las l\u00e1mparas por su estabilidad y espectro, poniendo a prueba, en nuestros laboratorios, su rendimiento y eficiencia. De esta manera, nuestras l\u00e1mparas son parte fundamental del resultado final del cultivo ya que poseen el espectro, durabilidad, potencia y rendimiento m\u00e1s eficiente que las constituyen como la mejor soluci\u00f3n para las luminarias t\u00e9cnicas.<\/p>\n<p>&nbsp;<\/p>\n<p>Como el resultado final del cultivo depender\u00e1 de la correcta elecci\u00f3n de la tecnolog\u00eda del producto, a\u00f1adimos nuestro servicio de atenci\u00f3n al cliente por un equipo t\u00e9cnico altamente capacitado, siempre a su disposici\u00f3n -incluso antes de realizar la compra-, a la tabla de c\u00e1lculo ideada por nuestros ingenieros, que determina las necesidades previas de cada uno de los clientes o proyectos. As\u00ed, es posible colegir el equipamiento m\u00e1s eficiente en cada ocasi\u00f3n.<\/p>\n<p>&nbsp;<\/p>\n<p>Las plantas realizan su proceso de desarrollo vital con la energ\u00eda que reciben de las fuentes de luz, por lo que la iluminaci\u00f3n se ha convertido en uno de los factores m\u00e1s importantes en el \u00e9xito de producci\u00f3n de un cultivo. En funci\u00f3n del tipo de fuente de luz, la planta recibir\u00e1 una energ\u00eda diferente, lo que influir\u00e1, tambi\u00e9n, en su desarrollo.<\/p>\n<p>[\/et_pb_fullwidth_header][\/et_pb_section][et_pb_section fb_built=\u00bb1&#8243; module_class=\u00bbr-d-wrap\u00bb _builder_version=\u00bb4.18.0&#8243; _module_preset=\u00bbdefault\u00bb background_image=\u00bbhttps:\/\/newlitehorticulture.com\/wp-content\/uploads\/2022\/09\/trama-fondo2.jpg\u00bb custom_padding=\u00bb20px||20px||true|false\u00bb global_colors_info=\u00bb{}\u00bb][et_pb_row column_structure=\u00bb1_2,1_2&#8243; make_equal=\u00bbon\u00bb _builder_version=\u00bb4.18.0&#8243; _module_preset=\u00bbdefault\u00bb custom_padding=\u00bb0px||0px||true|false\u00bb custom_css_main_element=\u00bbdisplay: flex;||align-items: center;\u00bb global_colors_info=\u00bb{}\u00bb][et_pb_column type=\u00bb1_2&#8243; _builder_version=\u00bb4.18.0&#8243; _module_preset=\u00bbdefault\u00bb custom_padding=\u00bb||||true|false\u00bb global_colors_info=\u00bb{}\u00bb][et_pb_text module_class=\u00bbweb-header\u00bb _builder_version=\u00bb4.19.2&#8243; _module_preset=\u00bbdefault\u00bb text_text_color=\u00bb#5cc0ff\u00bb text_font_size=\u00bb20px\u00bb text_line_height=\u00bb25px\u00bb header_text_align=\u00bbleft\u00bb header_font_size=\u00bb50px\u00bb header_line_height=\u00bb36px\u00bb header_4_font=\u00bb||||||||\u00bb header_4_text_align=\u00bbleft\u00bb header_4_text_color=\u00bb#272727&#8243; header_4_font_size=\u00bb50px\u00bb header_4_line_height=\u00bb45px\u00bb module_alignment=\u00bbcenter\u00bb custom_margin=\u00bb||||false|false\u00bb hover_enabled=\u00bb0&#8243; global_colors_info=\u00bb{}\u00bb sticky_enabled=\u00bb0&#8243;]<\/p>\n<p>Adaptada a las necesidades del cultivo<\/p>\n<h4>Amplia gama de productos<\/h4>\n<p>[\/et_pb_text][et_pb_text _builder_version=\u00bb4.19.4&#8243; _module_preset=\u00bbdefault\u00bb text_font_size=\u00bb16px\u00bb header_3_font_size=\u00bb48px\u00bb header_3_line_height=\u00bb58px\u00bb hover_enabled=\u00bb0&#8243; global_colors_info=\u00bb{}\u00bb sticky_enabled=\u00bb0&#8243;]<\/p>\n<p>Newlite cuenta con una amplia gama de productos que permiten elegir entre distintos tipos de fuentes de luz, para adaptarse de una manera m\u00e1s polivalente a las necesidades de tu cultivo. Entre esas tecnolog\u00edas entre nuestras luminarias encontrar\u00e1s:<\/p>\n<p>&nbsp;<\/p>\n<ul>\n<li><strong>LED<\/strong> (Diodo Emisor de Luz)<\/li>\n<li><strong>HPS<\/strong> (Alta Presi\u00f3n de Sodio)<strong><\/strong><\/li>\n<li><strong>CMH<\/strong> (Halogenuro Met\u00e1lico Cer\u00e1mico)<\/li>\n<\/ul>\n<p>[\/et_pb_text][et_pb_button button_url=\u00bb\/es\/productos\/\u00bb button_text=\u00bbProductos\u00bb button_alignment=\u00bbleft\u00bb _builder_version=\u00bb4.19.4&#8243; _module_preset=\u00bbdefault\u00bb hover_enabled=\u00bb0&#8243; custom_css_main_element=\u00bbtext-align: center;\u00bb global_colors_info=\u00bb{}\u00bb sticky_enabled=\u00bb0&#8243;][\/et_pb_button][\/et_pb_column][et_pb_column type=\u00bb1_2&#8243; _builder_version=\u00bb4.18.0&#8243; _module_preset=\u00bbdefault\u00bb global_colors_info=\u00bb{}\u00bb][et_pb_image src=\u00bbhttps:\/\/newlitehorticulture.com\/wp-content\/uploads\/2022\/09\/plantas.jpg\u00bb title_text=\u00bbplantas\u00bb _builder_version=\u00bb4.18.0&#8243; _module_preset=\u00bbdefault\u00bb global_colors_info=\u00bb{}\u00bb][\/et_pb_image][\/et_pb_column][\/et_pb_row][\/et_pb_section][et_pb_section fb_built=\u00bb1&#8243; fullwidth=\u00bbon\u00bb module_class=\u00bbrequest-lighting-bg\u00bb _builder_version=\u00bb4.18.0&#8243; _module_preset=\u00bbdefault\u00bb animation_style=\u00bbfold\u00bb animation_direction=\u00bbbottom\u00bb animation_intensity_fold=\u00bb4%\u00bb global_module=\u00bb29109&#8243; global_colors_info=\u00bb{}\u00bb][et_pb_fullwidth_header title=\u00bbSolicita\u00bb subhead=\u00bbTU PLAN DE ILUMINACI\u00d3N\u00bb text_orientation=\u00bbcenter\u00bb button_one_text=\u00bbSolicitar\u00bb button_one_url=\u00bb\/es\/solicite-su-plan-de-iluminacion\/\u00bb background_overlay_color=\u00bbrgba(39,39,39,0.6)\u00bb module_class=\u00bbleading-company-sec\u00bb _builder_version=\u00bb4.19.4&#8243; _module_preset=\u00bbdefault\u00bb title_level=\u00bbh4&#8243; title_font=\u00bb|600|||||||\u00bb title_text_color=\u00bb#FFFFFF\u00bb title_font_size=\u00bb40px\u00bb content_text_color=\u00bb#5bc7f9&#8243; content_font_size=\u00bb25px\u00bb subhead_font=\u00bb|800|||||||\u00bb subhead_text_color=\u00bb#FFFFFF\u00bb subhead_font_size=\u00bb40px\u00bb subhead_line_height=\u00bb45px\u00bb background_enable_color=\u00bboff\u00bb background_image=\u00bbhttps:\/\/newlitehorticulture.com\/wp-content\/uploads\/2022\/09\/calcula_tu_plan_de_iluminacion.jpg\u00bb custom_padding=\u00bb100px||100px||true|false\u00bb background_last_edited=\u00bbon|phone\u00bb background_image_tablet=\u00bbhttps:\/\/newlitehorticulture.com\/wp-content\/uploads\/2022\/07\/calcula_tu_plan_de_iluminacion-600&#215;158-1.jpg\u00bb background_image_phone=\u00bbhttps:\/\/newlitehorticulture.com\/wp-content\/uploads\/2022\/07\/calcula_tu_plan_de_iluminacion-600&#215;158-1.jpg\u00bb background_enable_image_tablet=\u00bbon\u00bb background_enable_image_phone=\u00bbon\u00bb global_colors_info=\u00bb{}\u00bb][\/et_pb_fullwidth_header][\/et_pb_section]<\/p>\n","protected":false},"excerpt":{"rendered":"<p>&nbsp; La iluminaci\u00f3n es esencial en el proceso de desarrollo de las plantas ya que saca el m\u00e1ximo partido de la producci\u00f3n, palabra clave de todo cultivo. Newlite podemos aportar el m\u00e1s alto nivel de conocimiento t\u00e9cnico y gama de productos para obtener el mayor rendimiento de la producci\u00f3n de cualquier tipo de cultivo, tanto [&hellip;]<\/p>\n","protected":false},"author":1,"featured_media":0,"parent":0,"menu_order":0,"comment_status":"closed","ping_status":"closed","template":"","meta":{"_et_pb_use_builder":"on","_et_pb_old_content":"","_et_gb_content_width":"","footnotes":""},"class_list":["post-27022","page","type-page","status-publish","hentry"],"acf":[],"aioseo_notices":[],"_links":{"self":[{"href":"https:\/\/newlitehorticulture.com\/es\/wp-json\/wp\/v2\/pages\/27022","targetHints":{"allow":["GET"]}}],"collection":[{"href":"https:\/\/newlitehorticulture.com\/es\/wp-json\/wp\/v2\/pages"}],"about":[{"href":"https:\/\/newlitehorticulture.com\/es\/wp-json\/wp\/v2\/types\/page"}],"author":[{"embeddable":true,"href":"https:\/\/newlitehorticulture.com\/es\/wp-json\/wp\/v2\/users\/1"}],"replies":[{"embeddable":true,"href":"https:\/\/newlitehorticulture.com\/es\/wp-json\/wp\/v2\/comments?post=27022"}],"version-history":[{"count":27,"href":"https:\/\/newlitehorticulture.com\/es\/wp-json\/wp\/v2\/pages\/27022\/revisions"}],"predecessor-version":[{"id":30284,"href":"https:\/\/newlitehorticulture.com\/es\/wp-json\/wp\/v2\/pages\/27022\/revisions\/30284"}],"wp:attachment":[{"href":"https:\/\/newlitehorticulture.com\/es\/wp-json\/wp\/v2\/media?parent=27022"}],"curies":[{"name":"wp","href":"https:\/\/api.w.org\/{rel}","templated":true}]}}