{"id":26986,"date":"2022-07-02T16:30:27","date_gmt":"2022-07-02T15:30:27","guid":{"rendered":"https:\/\/newlitehorticulture.com\/politica-de-privacidad\/"},"modified":"2023-01-03T17:43:31","modified_gmt":"2023-01-03T16:43:31","slug":"politica-de-privacidad","status":"publish","type":"page","link":"https:\/\/newlitehorticulture.com\/es\/politica-de-privacidad\/","title":{"rendered":"Pol\u00edtica de privacidad"},"content":{"rendered":"<p>[et_pb_section fb_built=\u00bb1&#8243; _builder_version=\u00bb4.18.0&#8243; _module_preset=\u00bbdefault\u00bb global_colors_info=\u00bb{}\u00bb][et_pb_row _builder_version=\u00bb4.18.0&#8243; _module_preset=\u00bbdefault\u00bb global_colors_info=\u00bb{}\u00bb][et_pb_column type=\u00bb4_4&#8243; _builder_version=\u00bb4.18.0&#8243; _module_preset=\u00bbdefault\u00bb global_colors_info=\u00bb{}\u00bb][et_pb_text _builder_version=\u00bb4.18.0&#8243; _module_preset=\u00bbdefault\u00bb global_colors_info=\u00bb{}\u00bb]<\/p>\n<ol>\n<li><strong>Datos que procesamos<\/strong><\/li>\n<li><strong>\u00bfC\u00f3mo tratamos sus datos y con qu\u00e9 fundamento jur\u00eddico?<\/strong><\/li>\n<li><strong>Tus derechos<\/strong><\/li>\n<li><strong>Destinatarios de sus datos personales<\/strong><\/li>\n<li><strong>Almacenamiento de sus datos personales<\/strong><\/li>\n<li><strong>Servidores y transferencias internacionales de datos<\/strong><\/li>\n<li><strong>Delegado de protecci\u00f3n de datos<\/strong><\/li>\n<\/ol>\n<p><strong>Identificaci\u00f3n del responsable del tratamiento de datos<\/strong><br \/>Newlite Lighting Technology S.L., como titular de la marca Newlite\u00ae, informa a los Usuarios de su Sitio Web newlitehorticulture.com que al utilizar el Sitio Web se recogen y tratan los siguientes datos personales:<\/p>\n<p><strong>1. Datos personales que tratamos<\/strong><br \/>Tratamos los datos personales que nos proporciona y otros datos generados en el contexto de su actividad en nuestro sitio web, como las operaciones que realiza, siempre que su recopilaci\u00f3n est\u00e9 permitida por la ley.<br \/>Tenga en cuenta que los datos marcados como obligatorios son imprescindibles para poder completar el pedido, pagarlo y enviarle el producto, seg\u00fan la modalidad de entrega seleccionada, y su omisi\u00f3n imposibilitar\u00e1 la tramitaci\u00f3n de su pedido.<\/p>\n<p><strong>(a) Informaci\u00f3n que usted nos proporciona<\/strong><br \/>Podemos procesar las siguientes categor\u00edas de datos personales que usted proporciona al completar el formulario requerido para las transacciones de compra en l\u00ednea:<\/p>\n<p>Datos de identidad, como su nombre, apellidos, sexo, DNI, tel\u00e9fono, correo electr\u00f3nico y direcci\u00f3n postal.<br \/>Datos bancarios, como los datos de la tarjeta utilizada para pagar el pedido, cuenta contra la que se realizan los cargos o domiciliaciones, etc.<\/p>\n<p>Datos relacionados con la navegaci\u00f3n, como la informaci\u00f3n recogida a trav\u00e9s de las cookies.<\/p>\n<p><strong>(b) Otra informaci\u00f3n que le concierne<\/strong><br \/>Por \u00faltimo, tambi\u00e9n podemos recopilar datos obtenidos cuando usted utiliza el sitio web, como las transacciones realizadas, la navegaci\u00f3n por el sitio web y cuando se pone en contacto con nosotros a trav\u00e9s del Departamento de Atenci\u00f3n al Cliente.<\/p>\n<p><strong>2. \u00bfC\u00f3mo tratamos sus datos y por qu\u00e9 motivos legales?<\/strong><br \/>Sus datos personales se tratar\u00e1n para los fines y por los motivos legales que se indican a continuaci\u00f3n:<\/p>\n<ul>\n<li>Gestionar su pedido, tramitar el pago del mismo y remitirle el pedido, incluyendo atender sus consultas, quejas, sugerencias o preguntas en relaci\u00f3n con su compra a trav\u00e9s de los distintos medios previstos al respecto, todo ello en base a la aplicaci\u00f3n de medidas precontractuales o la ejecuci\u00f3n del contrato de compraventa disponible en la siguiente URL <a href=\"https:\/\/newlitehorticulture.com\/es\/aviso-legal\/\">https:\/\/newlitehorticulture.com\/es\/aviso-legal\/<\/a>.<\/li>\n<li>Responder a sus consultas, sugerencias o preguntas enviadas a trav\u00e9s de los diferentes medios facilitados, en los casos en los que no haya realizado previamente un pedido y haya dado su consentimiento. Las finalidades principales (gestionar su pedido) no estar\u00e1n sujetas a que usted d\u00e9 su consentimiento para este tratamiento espec\u00edfico de sus datos personales.<\/li>\n<li>A efectos de prevenci\u00f3n del fraude, en caso de detectarse que el cliente tiene esta intenci\u00f3n.<\/li>\n<li>Asimismo, el tratamiento de sus datos personales tiene por objeto satisfacer el inter\u00e9s leg\u00edtimo de Newlite\u00ae en centralizar las operaciones de tratamiento de sus clientes (servicio de atenci\u00f3n al cliente, respuesta a dudas, sugerencias y consultas, etc.) con el fin de ofrecerle una mejor y m\u00e1s servicio personalizado<\/li>\n<li>Para tratar y comunicar sus datos en el marco de las actuaciones y actos preparatorios y de revisi\u00f3n previos a cualquier operaci\u00f3n mercantil, tales como, entre otras, las siguientes: fusi\u00f3n, escisi\u00f3n, cesi\u00f3n global de activo y pasivo, aportaci\u00f3n o transmisi\u00f3n de negocio o rama de negocio actividad o cualquier operaci\u00f3n de reestructuraci\u00f3n societaria de naturaleza an\u00e1loga contemplada en la legislaci\u00f3n mercantil, y dentro del \u00e1mbito de las operaciones mercantiles anteriores.<\/li>\n<li>Por \u00faltimo, Newlite\u00ae utiliza cookies en su Sitio Web <a href=\"https:\/\/newlitehorticulture.com\/es\/\" target=\"_blank\" rel=\"noopener\">newlitehorticulture.com<\/a> Para la utilizaci\u00f3n de estas cookies, Newlite\u00ae tiene como base legal su inter\u00e9s leg\u00edtimo en el correcto funcionamiento y operatividad del Sitio Web. En la medida en que el uso de cookies por parte de la Empresa implica el tratamiento de datos personales con fines distintos a los meramente operativos o administrativos relacionados con el funcionamiento del Sitio Web, la base legal de la Empresa es el consentimiento (que se considera otorgado si el Usuario da su consentimiento para el uso de cookies a trav\u00e9s del banner que se muestra al acceder al Sitio Web). Para m\u00e1s informaci\u00f3n sobre el uso de cookies en este sitio web, lea nuestra <a href=\"https:\/\/newlitehorticulture.com\/es\/politica-de-cookies\/\">Pol\u00edtica de Cookies<\/a>.<\/li>\n<\/ul>\n<p><strong>3. Sus derechos<\/strong><br \/>Usted tiene derecho a solicitar a Newlite\u00ae que le confirme si est\u00e1 tratando o no sus datos personales y, en su caso, solicitar el acceso a sus datos personales y a determinada informaci\u00f3n sobre el tratamiento (finalidades, categor\u00edas de datos tratados y destinatarios, entre otros aspectos) (derecho de acceso).<br \/>Tambi\u00e9n tiene derecho a solicitar la rectificaci\u00f3n de los datos inexactos (derecho de rectificaci\u00f3n) y la supresi\u00f3n de dichos datos cuando, entre otros motivos, ya no sean necesarios para los fines para los que fueron recogidos (derecho de supresi\u00f3n). En determinadas circunstancias (por ejemplo, si el interesado impugna la exactitud de los datos mientras se comprueba la exactitud de los mismos), puede solicitar la limitaci\u00f3n del tratamiento de sus datos personales, y s\u00f3lo se tratar\u00e1n para el ejercicio o la defensa de reclamaciones (derecho a la limitaci\u00f3n del tratamiento).<\/p>\n<p>Por \u00faltimo, usted tiene la opci\u00f3n de ejercer su derecho a la portabilidad de sus datos, es decir, a recibir los datos personales en un formato estructurado de uso com\u00fan y lectura mec\u00e1nica y transferirlos a otro responsable del tratamiento sin que el responsable del tratamiento que los proporciona se lo impida, en los casos previstos por la ley para tales fines (derecho a la portabilidad de los datos). Asimismo, en aquellos casos en los que el tratamiento de sus datos se base en su consentimiento, usted tendr\u00e1 derecho a retirar dicho consentimiento en cualquier momento sin que ello afecte a la licitud del tratamiento anterior a la retirada.<\/p>\n<p>Usted tiene derecho a oponerse al tratamiento de sus datos en cualquier momento por motivos relacionados con su situaci\u00f3n particular cuando est\u00e9 basado en el inter\u00e9s leg\u00edtimo de Newlite\u00ae o de un tercero y, en particular, cuando la finalidad sea la realizaci\u00f3n de actividades de marketing directo. En este caso, nuestra empresa dejar\u00e1 de realizar dicho tratamiento, salvo que se acrediten razones leg\u00edtimas para continuar con el mismo.<\/p>\n<p>Recuerde que tiene derecho a presentar una reclamaci\u00f3n ante la Agencia Espa\u00f1ola de Protecci\u00f3n de Datos, especialmente en los casos en que el ejercicio de sus derechos se haya visto perjudicado.<\/p>\n<p><strong>4. Destinatarios de sus datos personales<\/strong><br \/>Nuestra empresa puede compartir sus datos personales con terceros en las siguientes circunstancias:<\/p>\n<ul>\n<li>En caso de incumplimiento o detecci\u00f3n de operaciones sospechosas por parte del Cliente, la Empresa titular de la marca Newlite\u00ae podr\u00e1 transferir sus datos personales a las Autoridades y a los servicios jur\u00eddicos externos de la Empresa.<\/li>\n<li>Las siguientes categor\u00edas de proveedores de servicios requeridos por Newlite\u00ae para gestionar los pedidos de los Clientes: proveedores de servicios de autenticaci\u00f3n y acceso, servicios de marketing (incluido el marketing en la nube), servicios de an\u00e1lisis de sitios web, servicios de procesamiento de pagos, servicios de borrado y digitalizaci\u00f3n de datos y servicios de entrega a domicilio.<\/li>\n<\/ul>\n<p><strong>5. Almacenamiento de sus datos personales<\/strong><br \/>Conservaremos sus datos personales durante 24 meses despu\u00e9s de la entrega de su pedido, en caso de que solicite determinada informaci\u00f3n que pueda requerir el acceso a los datos personales tratados en el contexto de su pedido. Una vez transcurrido dicho plazo, sus datos personales ser\u00e1n debidamente cancelados, es decir, bloqueados durante el plazo de prescripci\u00f3n de las responsabilidades derivadas del tratamiento y, finalmente, borrados.<\/p>\n<p>6. Servidores y transferencias internacionales de datos<br \/>La Empresa titular de la marca Newlite\u00ae almacenar\u00e1 y tratar\u00e1 los datos personales del cliente en servicios inform\u00e1ticos ubicados en Espa\u00f1a que se benefician de la protecci\u00f3n de las cl\u00e1usulas tipo de protecci\u00f3n de datos personales implantadas por la Comisi\u00f3n Europea y la Agencia Espa\u00f1ola de Protecci\u00f3n de Datos.<\/p>\n<p>Asimismo, algunos terceros proveedores a los que transferiremos los identificadores de las cookies (s\u00f3lo si usted ha dado previamente su consentimiento para ello) pueden estar ubicados en pa\u00edses sin los mismos niveles de protecci\u00f3n de datos personales que los de Espa\u00f1a. En ambos casos, le informamos de que se aplicar\u00e1n las garant\u00edas adecuadas para asegurar que los datos personales est\u00e9n en todo momento debidamente protegidos, independientemente del pa\u00eds en cuesti\u00f3n. Para ello nos aseguraremos de que la entidad receptora de los datos se ha adherido al programa Privacy Shield acordado entre la Comisi\u00f3n Europea y la Administraci\u00f3n de los Estados Unidos; y\/o ha suscrito las cl\u00e1usulas tipo adoptadas por la Comisi\u00f3n Europea y\/o ha adoptado normas corporativas vinculantes y\/o ha utilizado cualquier otro mecanismo admitido y\/o, en su caso, se obtendr\u00e1 la respectiva autorizaci\u00f3n del Director de la Agencia Espa\u00f1ola de Protecci\u00f3n de Datos.<\/p>\n<p><strong>7. Responsable de la protecci\u00f3n de datos<\/strong><br \/>Si lo desea, puede contactar con nuestro Delegado de Protecci\u00f3n de Datos en la siguiente direcci\u00f3n: Delegado de Protecci\u00f3n de Datos de Newlite\u00ae, Calle Jarra 59, 14540, La Rambla, C\u00f3rdoba, Espa\u00f1a, o por correo electr\u00f3nico a <a href=\"mailto:service@newlitehorticulture.com\">service@newlitehorticulture.com<\/a>.<\/p>\n<p>[\/et_pb_text][\/et_pb_column][\/et_pb_row][\/et_pb_section]<\/p>\n","protected":false},"excerpt":{"rendered":"<p>Datos que procesamos \u00bfC\u00f3mo tratamos sus datos y con qu\u00e9 fundamento jur\u00eddico? Tus derechos Destinatarios de sus datos personales Almacenamiento de sus datos personales Servidores y transferencias internacionales de datos Delegado de protecci\u00f3n de datos Identificaci\u00f3n del responsable del tratamiento de datosNewlite Lighting Technology S.L., como titular de la marca Newlite\u00ae, informa a los Usuarios [&hellip;]<\/p>\n","protected":false},"author":1,"featured_media":0,"parent":0,"menu_order":0,"comment_status":"closed","ping_status":"closed","template":"","meta":{"_et_pb_use_builder":"on","_et_pb_old_content":"","_et_gb_content_width":"","footnotes":""},"class_list":["post-26986","page","type-page","status-publish","hentry"],"acf":[],"aioseo_notices":[],"_links":{"self":[{"href":"https:\/\/newlitehorticulture.com\/es\/wp-json\/wp\/v2\/pages\/26986","targetHints":{"allow":["GET"]}}],"collection":[{"href":"https:\/\/newlitehorticulture.com\/es\/wp-json\/wp\/v2\/pages"}],"about":[{"href":"https:\/\/newlitehorticulture.com\/es\/wp-json\/wp\/v2\/types\/page"}],"author":[{"embeddable":true,"href":"https:\/\/newlitehorticulture.com\/es\/wp-json\/wp\/v2\/users\/1"}],"replies":[{"embeddable":true,"href":"https:\/\/newlitehorticulture.com\/es\/wp-json\/wp\/v2\/comments?post=26986"}],"version-history":[{"count":22,"href":"https:\/\/newlitehorticulture.com\/es\/wp-json\/wp\/v2\/pages\/26986\/revisions"}],"predecessor-version":[{"id":29914,"href":"https:\/\/newlitehorticulture.com\/es\/wp-json\/wp\/v2\/pages\/26986\/revisions\/29914"}],"wp:attachment":[{"href":"https:\/\/newlitehorticulture.com\/es\/wp-json\/wp\/v2\/media?parent=26986"}],"curies":[{"name":"wp","href":"https:\/\/api.w.org\/{rel}","templated":true}]}}