{"id":26955,"date":"2022-07-02T16:30:04","date_gmt":"2022-07-02T15:30:04","guid":{"rendered":"https:\/\/newlitehorticulture.com\/politica-de-cookies\/"},"modified":"2023-01-03T17:45:53","modified_gmt":"2023-01-03T16:45:53","slug":"politica-de-cookies","status":"publish","type":"page","link":"https:\/\/newlitehorticulture.com\/es\/politica-de-cookies\/","title":{"rendered":"Pol\u00edtica de cookies"},"content":{"rendered":"<p>[et_pb_section fb_built=\u00bb1&#8243; _builder_version=\u00bb4.18.0&#8243; _module_preset=\u00bbdefault\u00bb global_colors_info=\u00bb{}\u00bb][et_pb_row _builder_version=\u00bb4.18.0&#8243; _module_preset=\u00bbdefault\u00bb global_colors_info=\u00bb{}\u00bb][et_pb_column type=\u00bb4_4&#8243; _builder_version=\u00bb4.18.0&#8243; _module_preset=\u00bbdefault\u00bb global_colors_info=\u00bb{}\u00bb][et_pb_text _builder_version=\u00bb4.18.0&#8243; _module_preset=\u00bbdefault\u00bb global_colors_info=\u00bb{}\u00bb]<\/p>\n<p><strong>\u00bf Qu\u00e9 son las cookies?<\/strong><br \/>Una cookie es un fichero que se descarga en el terminal con el que est\u00e1 navegando cuando accede a nuestra p\u00e1gina web. Las cookies permiten a la p\u00e1gina web, entre otras cosas, almacenar y recuperar informaci\u00f3n sobre su visita y sobre sus h\u00e1bitos de navegaci\u00f3n, y, dependiendo de la informaci\u00f3n que contengan y de la forma en que utilice su terminal, pueden utilizarse para reconocer al usuario; todo ello con el fin de facilitar su pr\u00f3xima visita y realizar un uso m\u00e1s eficiente de nuestra p\u00e1gina web. Las cookies desempe\u00f1an un papel muy importante y contribuyen a tener una mejor experiencia de navegaci\u00f3n para el usuario.<br \/>Para obtener m\u00e1s informaci\u00f3n acerca de las cookies visite\u00a0www.allaboutcookies.org<\/p>\n<p><strong>2. Finalidad de las cookies<\/strong><br \/>Las cookies se utilizan para captar informaci\u00f3n sobre la navegaci\u00f3n del Usuario para, mediante el an\u00e1lisis de la misma, averiguar c\u00f3mo el Usuario interact\u00faa con\u00a0newlitehorticulture.com, y as\u00ed optimizar la experiencia de su navegaci\u00f3n.<\/p>\n<p><strong>3.Tipos de cookies<\/strong><br \/>A continuaci\u00f3n, se realiza una clasificaci\u00f3n de las cookies en funci\u00f3n de una serie de categor\u00edas. No obstante, es necesario tener en cuenta que una misma cookie puede estar incluida en m\u00e1s de una categor\u00eda.<\/p>\n<p><strong>Tipos de cookies seg\u00fan la entidad que las gestione<\/strong>:<br \/>Seg\u00fan quien sea la entidad que gestione el equipo o dominio desde donde se env\u00edan las cookies y trate los datos que se obtengan, podemos distinguir:<br \/>\u2013<span>\u00a0<\/span><strong>Cookies propias<\/strong>: Son aqu\u00e9llas que se env\u00edan al equipo terminal del usuario desde un equipo o dominio gestionado por el propio editor y desde el que se presta el servicio solicitado por el usuario.<br \/>\u2013<span>\u00a0<\/span><strong>Cookies de tercero<\/strong>: Son aqu\u00e9llas que se env\u00edan al equipo terminal del usuario desde un equipo o dominio que no es gestionado por el editor, sino por otra entidad que trata los datos obtenidos trav\u00e9s de las cookies.<br \/>En el caso de que las cookies sean instaladas desde un equipo o dominio gestionado por el propio editor, pero la informaci\u00f3n que se recoja mediante \u00e9stas sea gestionada por un tercero, no pueden ser consideradas como cookies propias.<\/p>\n<p><strong>Tipos de cookies seg\u00fan el plazo de tiempo que permanecen activadas.<\/strong><br \/>Seg\u00fan el plazo de tiempo que permanecen activadas en el equipo terminal podemos distinguir:<br \/>\u2013<span>\u00a0<\/span><strong>Cookies de sesi\u00f3n<\/strong>: Son un tipo de cookies dise\u00f1adas para recabar y almacenar datos mientras el usuario accede a una p\u00e1gina web.<br \/>Se suelen emplear para almacenar informaci\u00f3n que solo interesa conservar para la prestaci\u00f3n del servicio solicitado por el usuario en una sola ocasi\u00f3n (vgr. La compra de un producto).<br \/>\u2013<span>\u00a0<\/span><strong>Cookies persistentes<\/strong>: Son un tipo de cookies en el que los datos siguen almacenados en el terminal y pueden ser accedidos y tratados durante un periodo definido por el responsable de la cookie, pudiendo ir de unos minutos a varios a\u00f1os.<br \/>Tipos de cookies seg\u00fan su finalidad<br \/>Seg\u00fan la finalidad para la que se traten los datos obtenidos a trav\u00e9s de las cookies, podemos distinguir entre:<br \/>\u2013<span>\u00a0<\/span><strong>Cookies t\u00e9cnicas<\/strong>: Son aqu\u00e9llas que permiten al usuario la navegaci\u00f3n a trav\u00e9s de una p\u00e1gina web, plataforma o aplicaci\u00f3n y la utilizaci\u00f3n de las diferentes opciones o servicios que en ella existan como, por ejemplo, controlar el tr\u00e1fico y la comunicaci\u00f3n de datos, identificar la sesi\u00f3n, acceder a partes de acceso restringido, recordar los elementos que integran un pedido, realizar el proceso de compra de un pedido, realizar la solicitud de inscripci\u00f3n o participaci\u00f3n en un evento, utilizar elementos de seguridad durante la navegaci\u00f3n, almacenar contenidos para la difusi\u00f3n de videos o sonido o compartir contenidos a trav\u00e9s de redes sociales.<br \/>\u2013<span>\u00a0<\/span><strong>Cookies de personalizaci\u00f3n<\/strong>: Son aqu\u00e9llas que permiten al usuario acceder al servicio con algunas caracter\u00edsticas de car\u00e1cter general predefinidas en funci\u00f3n de una serie de criterios en el terminal del usuario como por ejemplo serian el idioma, el tipo de navegador a trav\u00e9s del cual accede al servicio, la configuraci\u00f3n regional desde donde accede al servicio, etc.<br \/>\u2013<span>\u00a0<\/span><strong>Cookies de an\u00e1lisis<\/strong>: Son aqu\u00e9llas que permiten al responsable de las mismas, el seguimiento y an\u00e1lisis del comportamiento de los usuarios de los sitios web a los que est\u00e1n vinculadas. La informaci\u00f3n recogida mediante este tipo de cookies se utiliza en la medici\u00f3n de la actividad de los sitios web, aplicaci\u00f3n o plataforma y para la elaboraci\u00f3n de perfiles de navegaci\u00f3n de los usuarios de dichos sitios, aplicaciones y plataformas, con el fin de introducir mejoras en funci\u00f3n del an\u00e1lisis de los datos de uso que hacen los usuarios del servicio.<br \/>\u2013<span>\u00a0<\/span><strong>Cookies publicitarias<\/strong>: Son aqu\u00e9llas que permiten la gesti\u00f3n, de la forma m\u00e1s eficaz posible, de los espacios publicitarios que, en su caso, el editor haya incluido en una p\u00e1gina web, aplicaci\u00f3n o plataforma desde la que presta el servicio solicitado en base a criterios como el contenido editado o la frecuencia en la que se muestran los anuncios.<br \/>\u2013<span>\u00a0<\/span><strong>Cookies de publicidad comportamental<\/strong>: Son aqu\u00e9llas que permiten la gesti\u00f3n, de la forma m\u00e1s eficaz posible, de los espacios publicitarios que, en su caso, el editor haya incluido en una p\u00e1gina web, aplicaci\u00f3n o plataforma desde la que presta el servicio solicitado. Estas cookies almacenan informaci\u00f3n del comportamiento de los usuarios obtenida a trav\u00e9s de la observaci\u00f3n continuada de sus h\u00e1bitos de navegaci\u00f3n, lo que permite desarrollar un perfil espec\u00edfico para mostrar publicidad en funci\u00f3n del mismo.<\/p>\n<p><strong>Cookies utilizadas en la web de Newlite\u00ae<\/strong><\/p>\n<table class=\"table\">\n<thead>\n<tr>\n<th>Nombre<\/th>\n<th>Tipo<\/th>\n<th>Duraci\u00f3n<\/th>\n<th>Finalidad<\/th>\n<\/tr>\n<\/thead>\n<tbody>\n<tr>\n<td>rc::a<\/td>\n<td>Terceros<\/td>\n<td>Persistente<\/td>\n<td>Distinguir entre humanos y bots.<\/td>\n<\/tr>\n<tr>\n<td>rc::c<\/td>\n<td>Terceros<\/td>\n<td>Sesi\u00f3n<\/td>\n<td>Distinguir entre humanos y bots.<\/td>\n<\/tr>\n<tr>\n<td>CookieConsent<\/td>\n<td>Terceros<\/td>\n<td>1 A\u00f1o<\/td>\n<td>Almacena el estado de consentimiento de cookies del usuario para el dominio actual.<\/td>\n<\/tr>\n<tr>\n<td>_ga<\/td>\n<td>Terceros<\/td>\n<td>2 A\u00f1os<\/td>\n<td>Registra una identificaci\u00f3n \u00fanica que se utiliza para generar datos estad\u00edsticos sobre c\u00f3mo el visitante usa el sitio web.<\/td>\n<\/tr>\n<tr>\n<td>_gat<\/td>\n<td>Terceros<\/td>\n<td>1 D\u00eda<\/td>\n<td>Utilizado por Google Analytics para acelerar la tasa de solicitudes.<\/td>\n<\/tr>\n<tr>\n<td>_gid<\/td>\n<td>Terceros<\/td>\n<td>1 D\u00eda<\/td>\n<td>Registra una identificaci\u00f3n \u00fanica que se utiliza para generar datos estad\u00edsticos sobre c\u00f3mo el visitante usa el sitio web.<\/td>\n<\/tr>\n<\/tbody>\n<\/table>\n<p>A continuaci\u00f3n, se identifican las cookies que est\u00e1n siendo utilizadas, as\u00ed como su tipolog\u00eda y funci\u00f3n:<br \/>La p\u00e1gina web de Newlite utiliza Google Analytics, un servicio de anal\u00edtica web desarrollada por Google, que permite la medici\u00f3n y an\u00e1lisis de la navegaci\u00f3n en las p\u00e1ginas web. En su terminal podr\u00e1 observar cookies de este servicio. Seg\u00fan la tipolog\u00eda anterior se trata de cookies propias, de sesi\u00f3n y de an\u00e1lisis.<br \/>A trav\u00e9s de la anal\u00edtica web se obtiene informaci\u00f3n relativa al n\u00famero de usuarios que acceden a la web, el n\u00famero de p\u00e1ginas vistas, la frecuencia y repetici\u00f3n de las visitas, su duraci\u00f3n, el navegador utilizado, el operador que presta el servicio, el idioma, el terminal que utiliza y la ciudad a la que est\u00e1 asignada su direcci\u00f3n IP. Informaci\u00f3n que posibilita un mejor y m\u00e1s apropiado servicio por parte de esta p\u00e1gina.<br \/>Para garantizar el anonimato, Google convertir\u00e1 su informaci\u00f3n en an\u00f3nima truncando la direcci\u00f3n IP antes de almacenarla, de forma que Google Analytics no se usa para localizar o recabar informaci\u00f3n personal identificable de los visitantes del sitio. Google solo podr\u00e1 enviar la informaci\u00f3n recabada por Google Analytics a terceros cuanto est\u00e9 legalmente obligado a ello. Con arreglo a las condiciones de prestaci\u00f3n del servicio de Google Analytics, Google no asociar\u00e1 su direcci\u00f3n IP a ning\u00fan otro dato conservado por Google.<br \/>Las cookies que utilizamos son:<br \/><strong>\u2013 Cookies de an\u00e1lisis (Google Analytics)<\/strong>: Permiten el seguimiento y an\u00e1lisis del comportamiento del Usuario con el fin de introducir mejoras en funci\u00f3n del uso que hace el Usuario del Sitio Web y de los servicios. Seg\u00fan se\u00f1ala Google, Google Analytics es una herramienta gratuita de an\u00e1lisis de sitio web de Google que principalmente permite que los propietarios de sitios web conozcan c\u00f3mo interact\u00faan los Usuarios con su sitio web. Asimismo, habilita cookies en el dominio del sitio en el que te encuentras y utiliza un conjunto de cookies denominadas \u201c__utma\u201d y \u201c__utmz\u201d para recopilar informaci\u00f3n de forma an\u00f3nima y elaborar informes de tendencias de sitios web sin identificar a usuarios individuales.<br \/><strong>\u2013 Cookies de an\u00e1lisis (Scorecardresearch)<\/strong>: Permiten el seguimiento y an\u00e1lisis del Usuario con el fin de introducir mejoras en funci\u00f3n del uso que hace el Usuario del Sitio Web y de los servicios. Recopila informaci\u00f3n an\u00f3nima sobre h\u00e1bitos de navegaci\u00f3n.<br \/><strong>\u2013 Cookies t\u00e9cnicas<\/strong>: Permiten al usuario la navegaci\u00f3n a trav\u00e9s de la p\u00e1gina web y la utilizaci\u00f3n de sus diferentes opciones o servicios.<br \/>Adem\u00e1s, para presentar en gr\u00e1ficas los datos que recopila Google Analytics utilizamos Google Data Studio, una herramienta de visualizaci\u00f3n que no instala cookies ni recopila datos personales de usuarios, se inicia a trav\u00e9s de la web y no necesita aplicaciones locales.<\/p>\n<p><strong>4. Cookies de terceros<\/strong><br \/>Las cookies que utilizamos son:<br \/><strong>\u2013 Cookies de an\u00e1lisis (Google Analytics)<\/strong>: Concretamente las cookies utilizadas son:<br \/>_ga<br \/>_gat<br \/>_gid<\/p>\n<p>M\u00e1s informaci\u00f3n sobre Google Analytics en:\u00a0<a href=\"https:\/\/developers.google.com\/analytics\/devguides\/collection\/analyticsjs\/cookie-usage\" target=\"_blank\" rel=\"noopener nofollow\">https:\/\/developers.google.com\/analytics\/devguides\/collection\/analyticsjs\/cookie-usage<\/a><\/p>\n<p><strong>\u2013 Cookies generales<\/strong>: utiliza las siguientes cookies:<br \/>AUTH_KEY<br \/>SECURE_AUTH_KEY<br \/>LOGGED_IN_KEY<br \/>NONCE_KEY<\/p>\n<p><strong>\u2013 Cookies temporales: utiliza las siguientes cookies<\/strong>:<br \/>rc::c<br \/>CookieConsent<br \/>_ga<br \/>_gat<br \/>_gid<\/p>\n<p><strong>5. Desactivar las cookies<\/strong><br \/>Los Usuarios pueden rechazar la posibilidad de que utilicemos las cookies en su equipo mediante la configuraci\u00f3n de su navegador, pero ello comportar\u00e1 una experiencia de navegaci\u00f3n menos satisfactoria que incluso puede llegar a ser defectuosa.<br \/>Se puede configurar el navegador para rechazar o aceptar las cookies, o configurar el navegador para que estas cookies se borren autom\u00e1ticamente una vez que se cierre el navegador, equipo o dispositivo. La configuraci\u00f3n de las cookies en los navegadores se realiza de la siguiente manera:<br \/>Google Chrome en Configuraci\u00f3n&gt;Privacidad&gt;Configuraci\u00f3n de contenido&gt;Cookies<br \/>Firefox en Preferencias&gt;Privacidad<br \/>Internet Explorer en Herramientas&gt;Opciones de Internet&gt;Privacidad&gt;Avanzada<br \/>Safari en Preferencias&gt;Privacidad<br \/>Al acceder a este Sitio Web por primera vez, sin tener cookies de este Sitio Web, ver\u00e1 una ventana donde se le informa de la utilizaci\u00f3n de las cookies y donde puede consultar la presente \u201cInformaci\u00f3n cookies\u201d. Al navegar por este Sitio Web, usted acepta la presente Pol\u00edtica de cookies.<br \/>Adem\u00e1s del uso de las cookies de Newlite\u00ae, en el sitio Web permitimos a terceros establecer cookies y acceder a ellas desde su equipo. El uso de las cookies de terceros est\u00e1 sujeto a sus propias pol\u00edticas de privacidad, en ning\u00fan caso a la pol\u00edtica de privacidad de Newlite\u00ae.<br \/>Si usted no desea que los datos sobre su sesi\u00f3n sean recopilados por este sitio web, modifique las opciones de seguridad y privacidad de su navegador, como indicamos al inicio de este apartado 5 de la presente pol\u00edtica de cookies.<\/p>\n<p>[\/et_pb_text][\/et_pb_column][\/et_pb_row][\/et_pb_section]<\/p>\n","protected":false},"excerpt":{"rendered":"<p>\u00bf Qu\u00e9 son las cookies?Una cookie es un fichero que se descarga en el terminal con el que est\u00e1 navegando cuando accede a nuestra p\u00e1gina web. Las cookies permiten a la p\u00e1gina web, entre otras cosas, almacenar y recuperar informaci\u00f3n sobre su visita y sobre sus h\u00e1bitos de navegaci\u00f3n, y, dependiendo de la informaci\u00f3n que [&hellip;]<\/p>\n","protected":false},"author":1,"featured_media":0,"parent":0,"menu_order":0,"comment_status":"closed","ping_status":"closed","template":"","meta":{"_et_pb_use_builder":"on","_et_pb_old_content":"","_et_gb_content_width":"","footnotes":""},"class_list":["post-26955","page","type-page","status-publish","hentry"],"acf":[],"aioseo_notices":[],"_links":{"self":[{"href":"https:\/\/newlitehorticulture.com\/es\/wp-json\/wp\/v2\/pages\/26955","targetHints":{"allow":["GET"]}}],"collection":[{"href":"https:\/\/newlitehorticulture.com\/es\/wp-json\/wp\/v2\/pages"}],"about":[{"href":"https:\/\/newlitehorticulture.com\/es\/wp-json\/wp\/v2\/types\/page"}],"author":[{"embeddable":true,"href":"https:\/\/newlitehorticulture.com\/es\/wp-json\/wp\/v2\/users\/1"}],"replies":[{"embeddable":true,"href":"https:\/\/newlitehorticulture.com\/es\/wp-json\/wp\/v2\/comments?post=26955"}],"version-history":[{"count":15,"href":"https:\/\/newlitehorticulture.com\/es\/wp-json\/wp\/v2\/pages\/26955\/revisions"}],"predecessor-version":[{"id":29921,"href":"https:\/\/newlitehorticulture.com\/es\/wp-json\/wp\/v2\/pages\/26955\/revisions\/29921"}],"wp:attachment":[{"href":"https:\/\/newlitehorticulture.com\/es\/wp-json\/wp\/v2\/media?parent=26955"}],"curies":[{"name":"wp","href":"https:\/\/api.w.org\/{rel}","templated":true}]}}