{"id":26952,"date":"2022-04-24T07:48:32","date_gmt":"2022-04-24T06:48:32","guid":{"rendered":"https:\/\/newlitehorticulture.com\/contacta-con-nosotros\/"},"modified":"2023-01-03T17:34:30","modified_gmt":"2023-01-03T16:34:30","slug":"contacta-con-nosotros","status":"publish","type":"page","link":"https:\/\/newlitehorticulture.com\/es\/contacta-con-nosotros\/","title":{"rendered":"Contacta con nosotros"},"content":{"rendered":"<p>[et_pb_section fb_built=\u00bb1&#8243; fullwidth=\u00bbon\u00bb _builder_version=\u00bb4.17.4&#8243; _module_preset=\u00bbdefault\u00bb animation_style=\u00bbfold\u00bb animation_direction=\u00bbbottom\u00bb animation_intensity_fold=\u00bb4%\u00bb global_colors_info=\u00bb{}\u00bb][et_pb_fullwidth_header subhead=\u00bbPodemos crear algo grande juntos\u00bb text_orientation=\u00bbcenter\u00bb button_one_url=\u00bbhttps:\/\/newlitehorticulture.com\/newlite\/\u00bb module_class=\u00bbleading-company-sec\u00bb _builder_version=\u00bb4.18.0&#8243; _module_preset=\u00bbdefault\u00bb title_level=\u00bbh4&#8243; title_font=\u00bb||||||||\u00bb title_text_color=\u00bb#51c0ff\u00bb title_font_size=\u00bb20px\u00bb title_line_height=\u00bb24px\u00bb content_text_color=\u00bb#272727&#8243; content_font_size=\u00bb15px\u00bb subhead_text_color=\u00bb#003f88&#8243; subhead_font_size=\u00bb48px\u00bb subhead_line_height=\u00bb60px\u00bb background_color=\u00bb#fafafa\u00bb background_image=\u00bbhttps:\/\/newlitehorticulture.com\/wp-content\/uploads\/2022\/07\/trama-fondo.png\u00bb background_size=\u00bbinitial\u00bb background_position=\u00bbtop_right\u00bb global_colors_info=\u00bb{}\u00bb]<\/p>\n<p>Newlite se centra en la fabricaci\u00f3n de equipos de iluminaci\u00f3n para la horticultura t\u00e9cnica. Comercializamos nuestros productos a trav\u00e9s de distribuidores especializados, que nos aportan su conocimiento local en cada territorio.<\/p>\n<p>[\/et_pb_fullwidth_header][\/et_pb_section][et_pb_section fb_built=\u00bb1&#8243; custom_padding_last_edited=\u00bbon|desktop\u00bb disabled_on=\u00bboff|off|off\u00bb admin_label=\u00bbSection\u00bb _builder_version=\u00bb4.19.3&#8243; background_color=\u00bb#ffffff\u00bb width=\u00bb90%\u00bb module_alignment=\u00bbcenter\u00bb custom_padding=\u00bb|||47px|false|false\u00bb custom_padding_tablet=\u00bb||||false|false\u00bb custom_padding_phone=\u00bb\u00bb custom_css_main_element=\u00bbborder-bottom: 1px solid #D7DCE1;\u00bb transparent_background=\u00bboff\u00bb make_fullwidth=\u00bboff\u00bb use_custom_width=\u00bboff\u00bb width_unit=\u00bbon\u00bb global_colors_info=\u00bb{}\u00bb][et_pb_row column_structure=\u00bb2_5,3_5&#8243; make_equal=\u00bbon\u00bb column_padding_mobile=\u00bbon\u00bb custom_padding_last_edited=\u00bboff|desktop\u00bb admin_label=\u00bbRow\u00bb module_class=\u00bbcontact-bottom-row\u00bb _builder_version=\u00bb4.19.3&#8243; background_size=\u00bbinitial\u00bb background_position=\u00bbtop_left\u00bb background_repeat=\u00bbrepeat\u00bb width=\u00bb100%\u00bb height=\u00bb100%\u00bb custom_padding_tablet=\u00bb12px|||\u00bb custom_padding_phone=\u00bb0px|||\u00bb make_fullwidth=\u00bboff\u00bb use_custom_width=\u00bbon\u00bb width_unit=\u00bbon\u00bb custom_width_px=\u00bb780px\u00bb global_colors_info=\u00bb{}\u00bb][et_pb_column type=\u00bb2_5&#8243; _builder_version=\u00bb4.19.3&#8243; background_color=\u00bbrgba(0,63,136,0.6)\u00bb background_image=\u00bbhttps:\/\/newlitehorticulture.com\/wp-content\/uploads\/2022\/09\/imagen-formulario-contacto.jpg\u00bb background_blend=\u00bboverlay\u00bb custom_css_main_element=\u00bbmargin: 0;\u00bb global_colors_info=\u00bb{}\u00bb custom_padding__hover=\u00bb|||\u00bb][et_pb_text _builder_version=\u00bb4.19.3&#8243; _module_preset=\u00bbdefault\u00bb text_text_color=\u00bb#FFFFFF\u00bb text_font_size=\u00bb20px\u00bb text_line_height=\u00bb50px\u00bb header_4_font=\u00bb|700|||||||\u00bb header_4_text_color=\u00bb#FFFFFF\u00bb header_4_font_size=\u00bb35px\u00bb header_4_line_height=\u00bb45px\u00bb header_5_text_color=\u00bb#FFFFFF\u00bb header_5_font_size=\u00bb29px\u00bb custom_margin=\u00bb12px|26px|12px|26px|true|true\u00bb global_colors_info=\u00bb{}\u00bb]<\/p>\n<h5>Contacta<\/h5>\n<h4><span>Resolvemos todas tus dudas<\/span><\/h4>\n<p>[\/et_pb_text][et_pb_button button_url=\u00bbtel:+34957014226&#8243; url_new_window=\u00bbon\u00bb button_text=\u00bbLl\u00e1manos\u00bb button_alignment=\u00bbright\u00bb _builder_version=\u00bb4.19.3&#8243; _module_preset=\u00bbdefault\u00bb custom_button=\u00bbon\u00bb button_text_size=\u00bb30px\u00bb custom_margin=\u00bb|50px||50px|false|true\u00bb box_shadow_style=\u00bbpreset4&#8243; global_colors_info=\u00bb{}\u00bb][\/et_pb_button][\/et_pb_column][et_pb_column type=\u00bb3_5&#8243; _builder_version=\u00bb4.19.3&#8243; custom_padding=\u00bb|||\u00bb global_colors_info=\u00bb{}\u00bb custom_padding__hover=\u00bb|||\u00bb][et_pb_contact_form use_spam_service=\u00bbon\u00bb recaptcha_list=\u00bbnewlitehorticulturecom|newlitehorticulturecom-0&#8243; recaptcha_min_score=\u00bb0.6&#8243; email=\u00bbjose@newlitehorticulture.com\u00bb title=\u00bbEnv\u00edanos tu mensaje.\u00bb custom_message=\u00bbMensaje enviado desde el formulario de contacto de newlitehorticulture.com:||et_pb_line_break_holder||||et_pb_line_break_holder||Nombre: %%Name%%||et_pb_line_break_holder||Email: %%Email%%||et_pb_line_break_holder||Tel\u00e9fono: %%Phone%%||et_pb_line_break_holder||Acepta las condiciones y tratamiento de datos: %%Accept%%||et_pb_line_break_holder||Mensaje: %%Message%%\u00bb success_message=\u00bbSu mensaje ha sido enviado. Tu mensaje ha sido enviado. Le responderemos lo antes posible.\u00bb submit_button_text=\u00bbEnviar Mensaje\u00bb _builder_version=\u00bb4.19.3&#8243; _module_preset=\u00bbdefault\u00bb _unique_id=\u00bb71e9456c-53fb-4cda-b2b1-5c8d77400ad6&#8243; title_level=\u00bbh6&#8243; title_text_color=\u00bb#003f88&#8243; title_font_size=\u00bb35px\u00bb captcha_font_size=\u00bb40px\u00bb custom_margin=\u00bb|30px||30px|false|false\u00bb global_colors_info=\u00bb{}\u00bb][et_pb_contact_field field_id=\u00bbName\u00bb field_title=\u00bbNombre\u00bb _builder_version=\u00bb4.19.3&#8243; global_colors_info=\u00bb{}\u00bb button_text_size__hover_enabled=\u00bboff\u00bb button_one_text_size__hover_enabled=\u00bboff\u00bb button_two_text_size__hover_enabled=\u00bboff\u00bb button_text_color__hover_enabled=\u00bboff\u00bb button_one_text_color__hover_enabled=\u00bboff\u00bb button_two_text_color__hover_enabled=\u00bboff\u00bb button_border_width__hover_enabled=\u00bboff\u00bb button_one_border_width__hover_enabled=\u00bboff\u00bb button_two_border_width__hover_enabled=\u00bboff\u00bb button_border_color__hover_enabled=\u00bboff\u00bb button_one_border_color__hover_enabled=\u00bboff\u00bb button_two_border_color__hover_enabled=\u00bboff\u00bb button_border_radius__hover_enabled=\u00bboff\u00bb button_one_border_radius__hover_enabled=\u00bboff\u00bb button_two_border_radius__hover_enabled=\u00bboff\u00bb button_letter_spacing__hover_enabled=\u00bboff\u00bb button_one_letter_spacing__hover_enabled=\u00bboff\u00bb button_two_letter_spacing__hover_enabled=\u00bboff\u00bb button_bg_color__hover_enabled=\u00bboff\u00bb button_one_bg_color__hover_enabled=\u00bboff\u00bb button_two_bg_color__hover_enabled=\u00bboff\u00bb][\/et_pb_contact_field][et_pb_contact_field field_id=\u00bbEmail\u00bb field_title=\u00bbEmail\u00bb field_type=\u00bbemail\u00bb _builder_version=\u00bb4.19.3&#8243; global_colors_info=\u00bb{}\u00bb button_text_size__hover_enabled=\u00bboff\u00bb button_one_text_size__hover_enabled=\u00bboff\u00bb button_two_text_size__hover_enabled=\u00bboff\u00bb button_text_color__hover_enabled=\u00bboff\u00bb button_one_text_color__hover_enabled=\u00bboff\u00bb button_two_text_color__hover_enabled=\u00bboff\u00bb button_border_width__hover_enabled=\u00bboff\u00bb button_one_border_width__hover_enabled=\u00bboff\u00bb button_two_border_width__hover_enabled=\u00bboff\u00bb button_border_color__hover_enabled=\u00bboff\u00bb button_one_border_color__hover_enabled=\u00bboff\u00bb button_two_border_color__hover_enabled=\u00bboff\u00bb button_border_radius__hover_enabled=\u00bboff\u00bb button_one_border_radius__hover_enabled=\u00bboff\u00bb button_two_border_radius__hover_enabled=\u00bboff\u00bb button_letter_spacing__hover_enabled=\u00bboff\u00bb button_one_letter_spacing__hover_enabled=\u00bboff\u00bb button_two_letter_spacing__hover_enabled=\u00bboff\u00bb button_bg_color__hover_enabled=\u00bboff\u00bb button_one_bg_color__hover_enabled=\u00bboff\u00bb button_two_bg_color__hover_enabled=\u00bboff\u00bb][\/et_pb_contact_field][et_pb_contact_field field_id=\u00bbPhone\u00bb field_title=\u00bbTel\u00e9fono\u00bb required_mark=\u00bboff\u00bb fullwidth_field=\u00bbon\u00bb _builder_version=\u00bb4.19.3&#8243; _module_preset=\u00bbdefault\u00bb global_colors_info=\u00bb{}\u00bb][\/et_pb_contact_field][et_pb_contact_field field_id=\u00bbMessage\u00bb field_title=\u00bbMensaje\u00bb field_type=\u00bbtext\u00bb fullwidth_field=\u00bbon\u00bb _builder_version=\u00bb4.19.3&#8243; global_colors_info=\u00bb{}\u00bb button_text_size__hover_enabled=\u00bboff\u00bb button_one_text_size__hover_enabled=\u00bboff\u00bb button_two_text_size__hover_enabled=\u00bboff\u00bb button_text_color__hover_enabled=\u00bboff\u00bb button_one_text_color__hover_enabled=\u00bboff\u00bb button_two_text_color__hover_enabled=\u00bboff\u00bb button_border_width__hover_enabled=\u00bboff\u00bb button_one_border_width__hover_enabled=\u00bboff\u00bb button_two_border_width__hover_enabled=\u00bboff\u00bb button_border_color__hover_enabled=\u00bboff\u00bb button_one_border_color__hover_enabled=\u00bboff\u00bb button_two_border_color__hover_enabled=\u00bboff\u00bb button_border_radius__hover_enabled=\u00bboff\u00bb button_one_border_radius__hover_enabled=\u00bboff\u00bb button_two_border_radius__hover_enabled=\u00bboff\u00bb button_letter_spacing__hover_enabled=\u00bboff\u00bb button_one_letter_spacing__hover_enabled=\u00bboff\u00bb button_two_letter_spacing__hover_enabled=\u00bboff\u00bb button_bg_color__hover_enabled=\u00bboff\u00bb button_one_bg_color__hover_enabled=\u00bboff\u00bb button_two_bg_color__hover_enabled=\u00bboff\u00bb][\/et_pb_contact_field][et_pb_contact_field field_id=\u00bbAccept\u00bb field_title=\u00bb \u00bb field_type=\u00bbcheckbox\u00bb checkbox_options=\u00bb%91{%22value%22:%22He le\u00eddo y acepto el %22,%22checked%22:0,%22dragID%22:-1,%22link_url%22:%22\/es\/aviso-legal\/%22,%22link_text%22:%22Aviso Legal%22}%93&#8243; fullwidth_field=\u00bbon\u00bb _builder_version=\u00bb4.19.3&#8243; _module_preset=\u00bbdefault\u00bb global_colors_info=\u00bb{}\u00bb][\/et_pb_contact_field][\/et_pb_contact_form][\/et_pb_column][\/et_pb_row][\/et_pb_section]<\/p>\n","protected":false},"excerpt":{"rendered":"<p>Newlite se centra en la fabricaci\u00f3n de equipos de iluminaci\u00f3n para la horticultura t\u00e9cnica. Comercializamos nuestros productos a trav\u00e9s de distribuidores especializados, que nos aportan su conocimiento local en cada territorio.Contacta Resolvemos todas tus dudas<\/p>\n","protected":false},"author":1,"featured_media":0,"parent":0,"menu_order":0,"comment_status":"closed","ping_status":"closed","template":"","meta":{"_et_pb_use_builder":"on","_et_pb_old_content":"","_et_gb_content_width":"","footnotes":""},"class_list":["post-26952","page","type-page","status-publish","hentry"],"acf":[],"aioseo_notices":[],"_links":{"self":[{"href":"https:\/\/newlitehorticulture.com\/es\/wp-json\/wp\/v2\/pages\/26952","targetHints":{"allow":["GET"]}}],"collection":[{"href":"https:\/\/newlitehorticulture.com\/es\/wp-json\/wp\/v2\/pages"}],"about":[{"href":"https:\/\/newlitehorticulture.com\/es\/wp-json\/wp\/v2\/types\/page"}],"author":[{"embeddable":true,"href":"https:\/\/newlitehorticulture.com\/es\/wp-json\/wp\/v2\/users\/1"}],"replies":[{"embeddable":true,"href":"https:\/\/newlitehorticulture.com\/es\/wp-json\/wp\/v2\/comments?post=26952"}],"version-history":[{"count":19,"href":"https:\/\/newlitehorticulture.com\/es\/wp-json\/wp\/v2\/pages\/26952\/revisions"}],"predecessor-version":[{"id":29898,"href":"https:\/\/newlitehorticulture.com\/es\/wp-json\/wp\/v2\/pages\/26952\/revisions\/29898"}],"wp:attachment":[{"href":"https:\/\/newlitehorticulture.com\/es\/wp-json\/wp\/v2\/media?parent=26952"}],"curies":[{"name":"wp","href":"https:\/\/api.w.org\/{rel}","templated":true}]}}